{"id":988,"date":"2022-11-02T09:53:31","date_gmt":"2022-11-02T07:53:31","guid":{"rendered":"https:\/\/www.marko-helmets.com\/blog\/?page_id=988"},"modified":"2022-11-02T15:30:35","modified_gmt":"2022-11-02T13:30:35","slug":"les-casques-velo","status":"publish","type":"page","link":"https:\/\/www.marko-helmets.com\/blog\/accueil\/les-casques-velo\/","title":{"rendered":"Les casques v\u00e9lo"},"content":{"rendered":"\n<div class=\"wp-block-media-text alignfull\" style=\"grid-template-columns:45% auto\"><figure class=\"wp-block-media-text__media\"><img loading=\"lazy\" decoding=\"async\" width=\"1024\" height=\"687\" src=\"https:\/\/www.marko-helmets.com\/blog\/wp-content\/uploads\/2022\/11\/tandem-velo-rawcollectif-warrenlecart-bike-france-paris-markohelmets-casque-00011-1024x687.jpg\" alt=\"\" class=\"wp-image-1057\" srcset=\"https:\/\/www.marko-helmets.com\/blog\/wp-content\/uploads\/2022\/11\/tandem-velo-rawcollectif-warrenlecart-bike-france-paris-markohelmets-casque-00011-1024x687.jpg 1024w, https:\/\/www.marko-helmets.com\/blog\/wp-content\/uploads\/2022\/11\/tandem-velo-rawcollectif-warrenlecart-bike-france-paris-markohelmets-casque-00011-300x201.jpg 300w, https:\/\/www.marko-helmets.com\/blog\/wp-content\/uploads\/2022\/11\/tandem-velo-rawcollectif-warrenlecart-bike-france-paris-markohelmets-casque-00011-768x515.jpg 768w, https:\/\/www.marko-helmets.com\/blog\/wp-content\/uploads\/2022\/11\/tandem-velo-rawcollectif-warrenlecart-bike-france-paris-markohelmets-casque-00011-1080x724.jpg 1080w, https:\/\/www.marko-helmets.com\/blog\/wp-content\/uploads\/2022\/11\/tandem-velo-rawcollectif-warrenlecart-bike-france-paris-markohelmets-casque-00011.jpg 1288w\" sizes=\"auto, (max-width: 1024px) 100vw, 1024px\" \/><\/figure><div class=\"wp-block-media-text__content\">\n<h2 class=\"wp-block-heading\"><a href=\"https:\/\/www.marko-helmets.com\/blog\/accueil\/les-casques-velo\/le-casque-tandem\/\">Casque Tandem<\/a><\/h2>\n\n\n\n<p> Le casque Tandem poss\u00e8de un design urbain dans cinq jolis coloris, \u00e0 la fois sobre et \u00e9l\u00e9gant pour rouler en ville, sur les pistes cyclables avec votre v\u00e9lo de ville, de route ou encore votre v\u00e9lo \u00e9lectrique.<\/p>\n<\/div><\/div>\n\n\n\n<hr class=\"wp-block-separator is-style-wide\"\/>\n\n\n\n<div class=\"wp-block-media-text alignfull is-image-fill\" style=\"grid-template-columns:45% auto\"><figure class=\"wp-block-media-text__media\" style=\"background-image:url(https:\/\/www.marko-helmets.com\/blog\/wp-content\/uploads\/2022\/11\/Marko-helmet-bike-warren-lecart-32-1024x859.jpg);background-position:50% 50%\"><img loading=\"lazy\" decoding=\"async\" width=\"1024\" height=\"859\" src=\"https:\/\/www.marko-helmets.com\/blog\/wp-content\/uploads\/2022\/11\/Marko-helmet-bike-warren-lecart-32-1024x859.jpg\" alt=\"\" class=\"wp-image-1058\" srcset=\"https:\/\/www.marko-helmets.com\/blog\/wp-content\/uploads\/2022\/11\/Marko-helmet-bike-warren-lecart-32-1024x859.jpg 1024w, https:\/\/www.marko-helmets.com\/blog\/wp-content\/uploads\/2022\/11\/Marko-helmet-bike-warren-lecart-32-300x252.jpg 300w, https:\/\/www.marko-helmets.com\/blog\/wp-content\/uploads\/2022\/11\/Marko-helmet-bike-warren-lecart-32-768x644.jpg 768w, https:\/\/www.marko-helmets.com\/blog\/wp-content\/uploads\/2022\/11\/Marko-helmet-bike-warren-lecart-32-1080x906.jpg 1080w, https:\/\/www.marko-helmets.com\/blog\/wp-content\/uploads\/2022\/11\/Marko-helmet-bike-warren-lecart-32.jpg 1184w\" sizes=\"auto, (max-width: 1024px) 100vw, 1024px\" \/><\/figure><div class=\"wp-block-media-text__content\">\n<h2 class=\"wp-block-heading\"><a href=\"https:\/\/www.marko-helmets.com\/blog\/accueil\/les-casques-velo\/le-casque-tempo\/\">Casque Tempo<\/a><\/h2>\n\n\n\n<p>Le casque Tempo est \u00e9quip\u00e9 d\u2019un \u00e9clairage situ\u00e9 \u00e0 l\u2019arri\u00e8re du casque avec 3 intensit\u00e9s de lumi\u00e8re diff\u00e9rentes pour plus de visibilit\u00e9 et de s\u00e9curit\u00e9 lors de vos trajets. <\/p>\n<\/div><\/div>\n\n\n\n<hr class=\"wp-block-separator is-style-wide\"\/>\n\n\n\n<div class=\"wp-block-media-text alignfull is-image-fill\" style=\"grid-template-columns:45% auto\"><figure class=\"wp-block-media-text__media\" style=\"background-image:url(https:\/\/www.marko-helmets.com\/blog\/wp-content\/uploads\/2022\/10\/blog-cadence-1024x819.png);background-position:50% 50%\"><img loading=\"lazy\" decoding=\"async\" width=\"1024\" height=\"819\" src=\"https:\/\/www.marko-helmets.com\/blog\/wp-content\/uploads\/2022\/10\/blog-cadence-1024x819.png\" alt=\"\" class=\"wp-image-878\" srcset=\"https:\/\/www.marko-helmets.com\/blog\/wp-content\/uploads\/2022\/10\/blog-cadence-1024x819.png 1024w, https:\/\/www.marko-helmets.com\/blog\/wp-content\/uploads\/2022\/10\/blog-cadence-300x240.png 300w, https:\/\/www.marko-helmets.com\/blog\/wp-content\/uploads\/2022\/10\/blog-cadence-768x614.png 768w, https:\/\/www.marko-helmets.com\/blog\/wp-content\/uploads\/2022\/10\/blog-cadence-1536x1229.png 1536w, https:\/\/www.marko-helmets.com\/blog\/wp-content\/uploads\/2022\/10\/blog-cadence-1080x864.png 1080w, https:\/\/www.marko-helmets.com\/blog\/wp-content\/uploads\/2022\/10\/blog-cadence.png 2000w\" sizes=\"auto, (max-width: 1024px) 100vw, 1024px\" \/><\/figure><div class=\"wp-block-media-text__content\">\n<h2 class=\"wp-block-heading\"><a href=\"https:\/\/www.marko-helmets.com\/blog\/accueil\/les-casques-velo\/le-casque-cadence\/\">Casque Cadence<\/a><\/h2>\n\n\n\n<p>Des oreillettes sont amovibles et vous permettent d\u2019avoir chaud lors de la saison hivernale. Le casque dispose d\u2019une visi\u00e8re d\u00e9montable claire ainsi qu\u2019une visi\u00e8re solaire int\u00e9gr\u00e9e pour plus de confort lors des journ\u00e9es ensoleill\u00e9es. <\/p>\n<\/div><\/div>\n","protected":false},"excerpt":{"rendered":"<p>Casque Tandem Le casque Tandem poss\u00e8de un design urbain dans cinq jolis coloris, \u00e0 la fois sobre et \u00e9l\u00e9gant pour rouler en ville, sur les pistes cyclables avec votre v\u00e9lo de ville, de route ou encore votre v\u00e9lo \u00e9lectrique. Casque Tempo Le casque Tempo est \u00e9quip\u00e9 d\u2019un \u00e9clairage situ\u00e9 \u00e0 l\u2019arri\u00e8re du casque avec 3 intensit\u00e9s de lumi\u00e8re diff\u00e9rentes pour plus de visibilit\u00e9 et de s\u00e9curit\u00e9 lors de vos trajets. Casque Cadence Des oreillettes sont amovibles et vous permettent d\u2019avoir chaud lors de la saison hivernale. Le casque dispose d\u2019une visi\u00e8re d\u00e9montable claire ainsi qu\u2019une visi\u00e8re solaire int\u00e9gr\u00e9e pour plus de confort lors des journ\u00e9es ensoleill\u00e9es.<\/p>\n","protected":false},"author":1,"featured_media":0,"parent":373,"menu_order":0,"comment_status":"closed","ping_status":"closed","template":"","meta":{"footnotes":""},"class_list":["post-988","page","type-page","status-publish","hentry"],"_links":{"self":[{"href":"https:\/\/www.marko-helmets.com\/blog\/wp-json\/wp\/v2\/pages\/988","targetHints":{"allow":["GET"]}}],"collection":[{"href":"https:\/\/www.marko-helmets.com\/blog\/wp-json\/wp\/v2\/pages"}],"about":[{"href":"https:\/\/www.marko-helmets.com\/blog\/wp-json\/wp\/v2\/types\/page"}],"author":[{"embeddable":true,"href":"https:\/\/www.marko-helmets.com\/blog\/wp-json\/wp\/v2\/users\/1"}],"replies":[{"embeddable":true,"href":"https:\/\/www.marko-helmets.com\/blog\/wp-json\/wp\/v2\/comments?post=988"}],"version-history":[{"count":3,"href":"https:\/\/www.marko-helmets.com\/blog\/wp-json\/wp\/v2\/pages\/988\/revisions"}],"predecessor-version":[{"id":1063,"href":"https:\/\/www.marko-helmets.com\/blog\/wp-json\/wp\/v2\/pages\/988\/revisions\/1063"}],"up":[{"embeddable":true,"href":"https:\/\/www.marko-helmets.com\/blog\/wp-json\/wp\/v2\/pages\/373"}],"wp:attachment":[{"href":"https:\/\/www.marko-helmets.com\/blog\/wp-json\/wp\/v2\/media?parent=988"}],"curies":[{"name":"wp","href":"https:\/\/api.w.org\/{rel}","templated":true}]}}