{"id":957,"date":"2022-10-28T11:03:01","date_gmt":"2022-10-28T09:03:01","guid":{"rendered":"https:\/\/www.marko-helmets.com\/blog\/?page_id=957"},"modified":"2025-01-22T15:01:11","modified_gmt":"2025-01-22T13:01:11","slug":"le-casque-electron","status":"publish","type":"page","link":"https:\/\/www.marko-helmets.com\/blog\/accueil\/les-casques-moto\/gamme-urbaine\/le-casque-electron\/","title":{"rendered":"Le casque Electron 2"},"content":{"rendered":"\n<p><a aria-label=\"Marko Helmets (s\u2019ouvre dans un nouvel onglet)\" href=\"https:\/\/marko-helmets.com\/\" target=\"_blank\" rel=\"noreferrer noopener\">Marko Helmets<\/a> r\u00e9alise un casque pens\u00e9 pour les citadins qui roulent sur petites et moyennes cylindr\u00e9es et souhaitant un casque polyvalent, technique et au meilleur prix !\u00a0Le casque \u00c9lectron 2 est ergonomique, sa conception a \u00e9t\u00e9 au c\u0153ur de celle-ci.\u00a0<\/p>\n\n\n\n<figure class=\"wp-block-image size-large\"><img loading=\"lazy\" decoding=\"async\" width=\"1024\" height=\"811\" src=\"https:\/\/www.marko-helmets.com\/blog\/wp-content\/uploads\/2022\/10\/electron-markohelmets-casque-jet-zeromotorcycles-SR-S-rawcollectif00003-1-1024x811.jpg\" alt=\"\" class=\"wp-image-958\" srcset=\"https:\/\/www.marko-helmets.com\/blog\/wp-content\/uploads\/2022\/10\/electron-markohelmets-casque-jet-zeromotorcycles-SR-S-rawcollectif00003-1-1024x811.jpg 1024w, https:\/\/www.marko-helmets.com\/blog\/wp-content\/uploads\/2022\/10\/electron-markohelmets-casque-jet-zeromotorcycles-SR-S-rawcollectif00003-1-300x238.jpg 300w, https:\/\/www.marko-helmets.com\/blog\/wp-content\/uploads\/2022\/10\/electron-markohelmets-casque-jet-zeromotorcycles-SR-S-rawcollectif00003-1-768x609.jpg 768w, https:\/\/www.marko-helmets.com\/blog\/wp-content\/uploads\/2022\/10\/electron-markohelmets-casque-jet-zeromotorcycles-SR-S-rawcollectif00003-1-1080x856.jpg 1080w, https:\/\/www.marko-helmets.com\/blog\/wp-content\/uploads\/2022\/10\/electron-markohelmets-casque-jet-zeromotorcycles-SR-S-rawcollectif00003-1.jpg 1397w\" sizes=\"auto, (max-width: 1024px) 100vw, 1024px\" \/><\/figure>\n\n\n\n<p>L<a href=\"https:\/\/marko-helmets.com\/content\/19-le-casque-electron-marko-helmets\" target=\"_blank\" rel=\"noreferrer noopener\">&lsquo;\u00c9lectron 2<\/a> a non seulement une visi\u00e8re translucide longue, mais int\u00e8gre une visi\u00e8re solaire int\u00e9gr\u00e9e et rabattable. La visi\u00e8re solaire peut \u00eatre mise d\u2019une seule main et retir\u00e9e facilement afin de s\u2019adapter \u00e0 votre conduite et vos besoins. Pour donner un autre style \u00e0 votre casque une visi\u00e8re fum\u00e9e est disponible. Le verrouillage de l&rsquo;\u00c9lectron 2 se fait \u00e0 l\u2019aide d\u2019une boucle microm\u00e9trique qui lui permet de s\u2019adapter au plus pr\u00e8s de votre visage.<\/p>\n\n\n\n<figure class=\"wp-block-image size-large\"><img loading=\"lazy\" decoding=\"async\" width=\"1024\" height=\"606\" src=\"https:\/\/www.marko-helmets.com\/blog\/wp-content\/uploads\/2022\/10\/Casque-jet-\u00e9lectron-Marko-Helmets-1024x606.png\" alt=\"\" class=\"wp-image-959\" srcset=\"https:\/\/www.marko-helmets.com\/blog\/wp-content\/uploads\/2022\/10\/Casque-jet-\u00e9lectron-Marko-Helmets-1024x606.png 1024w, https:\/\/www.marko-helmets.com\/blog\/wp-content\/uploads\/2022\/10\/Casque-jet-\u00e9lectron-Marko-Helmets-300x177.png 300w, https:\/\/www.marko-helmets.com\/blog\/wp-content\/uploads\/2022\/10\/Casque-jet-\u00e9lectron-Marko-Helmets-768x454.png 768w, https:\/\/www.marko-helmets.com\/blog\/wp-content\/uploads\/2022\/10\/Casque-jet-\u00e9lectron-Marko-Helmets-1536x909.png 1536w, https:\/\/www.marko-helmets.com\/blog\/wp-content\/uploads\/2022\/10\/Casque-jet-\u00e9lectron-Marko-Helmets-1080x639.png 1080w, https:\/\/www.marko-helmets.com\/blog\/wp-content\/uploads\/2022\/10\/Casque-jet-\u00e9lectron-Marko-Helmets.png 2000w\" sizes=\"auto, (max-width: 1024px) 100vw, 1024px\" \/><\/figure>\n\n\n\n<p>L&rsquo;\u00c9lectron 2 est d\u00e9clin\u00e9 en 3 coloris avec un prix public tr\u00e8s comp\u00e9titif \u00e0 99,00\u20ac.<\/p>\n\n\n\n<h2 class=\"wp-block-heading\">Casque Electron 2 &#8211; Coloris<\/h2>\n\n\n\n<p>Casque \u00e9lectron 2 Marko &#8211; Dark Grey<\/p>\n\n\n\n<figure class=\"wp-block-image size-large is-resized\"><a href=\"https:\/\/marko-helmets.com\/casque-electron-2-marko-helmets-p-425-7027.html#\/2-taille-m\/214-couleur-dark_grey\" target=\"_blank\" rel=\"noreferrer noopener\"><img loading=\"lazy\" decoding=\"async\" width=\"1024\" height=\"139\" src=\"https:\/\/www.marko-helmets.com\/blog\/wp-content\/uploads\/2025\/01\/Electron-2-casque-moto-jet-Dark-Grey-Marko-Helmets-1024x139.png\" alt=\"\" class=\"wp-image-1572\" style=\"width:770px;height:auto\" srcset=\"https:\/\/www.marko-helmets.com\/blog\/wp-content\/uploads\/2025\/01\/Electron-2-casque-moto-jet-Dark-Grey-Marko-Helmets-1024x139.png 1024w, https:\/\/www.marko-helmets.com\/blog\/wp-content\/uploads\/2025\/01\/Electron-2-casque-moto-jet-Dark-Grey-Marko-Helmets-300x41.png 300w, https:\/\/www.marko-helmets.com\/blog\/wp-content\/uploads\/2025\/01\/Electron-2-casque-moto-jet-Dark-Grey-Marko-Helmets-768x104.png 768w, https:\/\/www.marko-helmets.com\/blog\/wp-content\/uploads\/2025\/01\/Electron-2-casque-moto-jet-Dark-Grey-Marko-Helmets-1536x208.png 1536w, https:\/\/www.marko-helmets.com\/blog\/wp-content\/uploads\/2025\/01\/Electron-2-casque-moto-jet-Dark-Grey-Marko-Helmets-2048x277.png 2048w, https:\/\/www.marko-helmets.com\/blog\/wp-content\/uploads\/2025\/01\/Electron-2-casque-moto-jet-Dark-Grey-Marko-Helmets-1080x146.png 1080w\" sizes=\"auto, (max-width: 1024px) 100vw, 1024px\" \/><\/a><\/figure>\n\n\n\n<p>Casque \u00e9lectron 2 Marko &#8211; Black Mat<\/p>\n\n\n\n<figure class=\"wp-block-image size-large\"><a href=\"https:\/\/marko-helmets.com\/casque-electron-2-marko-helmets-p-425-7032.html#\/2-taille-m\/184-couleur-black_matt\" target=\"_blank\" rel=\"noreferrer noopener\"><img loading=\"lazy\" decoding=\"async\" width=\"1024\" height=\"131\" src=\"https:\/\/www.marko-helmets.com\/blog\/wp-content\/uploads\/2025\/01\/Electron-2-casque-moto-jet-Black-Mat-Marko-Helmets-1024x131.png\" alt=\"\" class=\"wp-image-1573\" srcset=\"https:\/\/www.marko-helmets.com\/blog\/wp-content\/uploads\/2025\/01\/Electron-2-casque-moto-jet-Black-Mat-Marko-Helmets-1024x131.png 1024w, https:\/\/www.marko-helmets.com\/blog\/wp-content\/uploads\/2025\/01\/Electron-2-casque-moto-jet-Black-Mat-Marko-Helmets-300x38.png 300w, https:\/\/www.marko-helmets.com\/blog\/wp-content\/uploads\/2025\/01\/Electron-2-casque-moto-jet-Black-Mat-Marko-Helmets-768x98.png 768w, https:\/\/www.marko-helmets.com\/blog\/wp-content\/uploads\/2025\/01\/Electron-2-casque-moto-jet-Black-Mat-Marko-Helmets-1536x196.png 1536w, https:\/\/www.marko-helmets.com\/blog\/wp-content\/uploads\/2025\/01\/Electron-2-casque-moto-jet-Black-Mat-Marko-Helmets-2048x261.png 2048w, https:\/\/www.marko-helmets.com\/blog\/wp-content\/uploads\/2025\/01\/Electron-2-casque-moto-jet-Black-Mat-Marko-Helmets-1080x138.png 1080w\" sizes=\"auto, (max-width: 1024px) 100vw, 1024px\" \/><\/a><\/figure>\n\n\n\n<p>Casque \u00e9lectron 2 Marko &#8211; Black<\/p>\n\n\n\n<figure class=\"wp-block-image size-large is-resized\"><a href=\"https:\/\/marko-helmets.com\/casque-electron-2-marko-helmets-p-425-7037.html#\/2-taille-m\/183-couleur-black\" target=\"_blank\" rel=\"noreferrer noopener\"><img loading=\"lazy\" decoding=\"async\" width=\"1024\" height=\"134\" src=\"https:\/\/www.marko-helmets.com\/blog\/wp-content\/uploads\/2025\/01\/Electron-2-casque-moto-jet-Black-Marko-Helmets-1024x134.png\" alt=\"\" class=\"wp-image-1574\" style=\"width:770px;height:auto\" srcset=\"https:\/\/www.marko-helmets.com\/blog\/wp-content\/uploads\/2025\/01\/Electron-2-casque-moto-jet-Black-Marko-Helmets-1024x134.png 1024w, https:\/\/www.marko-helmets.com\/blog\/wp-content\/uploads\/2025\/01\/Electron-2-casque-moto-jet-Black-Marko-Helmets-300x39.png 300w, https:\/\/www.marko-helmets.com\/blog\/wp-content\/uploads\/2025\/01\/Electron-2-casque-moto-jet-Black-Marko-Helmets-768x101.png 768w, https:\/\/www.marko-helmets.com\/blog\/wp-content\/uploads\/2025\/01\/Electron-2-casque-moto-jet-Black-Marko-Helmets-1536x201.png 1536w, https:\/\/www.marko-helmets.com\/blog\/wp-content\/uploads\/2025\/01\/Electron-2-casque-moto-jet-Black-Marko-Helmets-2048x268.png 2048w, https:\/\/www.marko-helmets.com\/blog\/wp-content\/uploads\/2025\/01\/Electron-2-casque-moto-jet-Black-Marko-Helmets-1080x141.png 1080w\" sizes=\"auto, (max-width: 1024px) 100vw, 1024px\" \/><\/a><\/figure>\n\n\n\n<h2 class=\"wp-block-heading\">Les accessoires<\/h2>\n\n\n\n<figure class=\"wp-block-image size-large\"><img loading=\"lazy\" decoding=\"async\" width=\"1024\" height=\"164\" src=\"https:\/\/www.marko-helmets.com\/blog\/wp-content\/uploads\/2022\/10\/Visi\u00e8re-Casque-jet-Electron-Marko-1024x164.png\" alt=\"\" class=\"wp-image-967\" srcset=\"https:\/\/www.marko-helmets.com\/blog\/wp-content\/uploads\/2022\/10\/Visi\u00e8re-Casque-jet-Electron-Marko-1024x164.png 1024w, https:\/\/www.marko-helmets.com\/blog\/wp-content\/uploads\/2022\/10\/Visi\u00e8re-Casque-jet-Electron-Marko-300x48.png 300w, https:\/\/www.marko-helmets.com\/blog\/wp-content\/uploads\/2022\/10\/Visi\u00e8re-Casque-jet-Electron-Marko-768x123.png 768w, https:\/\/www.marko-helmets.com\/blog\/wp-content\/uploads\/2022\/10\/Visi\u00e8re-Casque-jet-Electron-Marko-1536x246.png 1536w, https:\/\/www.marko-helmets.com\/blog\/wp-content\/uploads\/2022\/10\/Visi\u00e8re-Casque-jet-Electron-Marko-2048x327.png 2048w, https:\/\/www.marko-helmets.com\/blog\/wp-content\/uploads\/2022\/10\/Visi\u00e8re-Casque-jet-Electron-Marko-1080x173.png 1080w\" sizes=\"auto, (max-width: 1024px) 100vw, 1024px\" \/><\/figure>\n\n\n\n<h2 class=\"wp-block-heading\">Les caract\u00e9ristiques techniques du casque<\/h2>\n\n\n\n<p><strong>Tailles : <\/strong>XS \u00e0 XL.\u00a0<\/p>\n\n\n\n<p><strong>Poids :<\/strong> 1100 g ( +\/- 50g )<\/p>\n\n\n\n<p><strong>Homologation :<\/strong> ecer22-06<\/p>\n\n\n\n<ul class=\"wp-block-list\">\n<li> Coque en polycarbonate <\/li>\n\n\n\n<li> Int\u00e9rieur textile en mousse 3D d\u00e9montable et lavable <\/li>\n\n\n\n<li> Fermeture microm\u00e9trique <\/li>\n\n\n\n<li> Champ de vision large <\/li>\n\n\n\n<li> \u00c9cran solaire interne r\u00e9glable permettant d\u2019\u00eatre ajustable \u00e0 tous les types de morphologies <\/li>\n\n\n\n<li> \u00c9cran long incolore anti rayure fourni avec le casque <\/li>\n\n\n\n<li> Visi\u00e8re \u00e0 d\u00e9montage rapide <\/li>\n\n\n\n<li> Double ventilation <\/li>\n\n\n\n<li> Livr\u00e9 avec une housse de transport et des stickers r\u00e9fl\u00e9chissants <\/li>\n<\/ul>\n\n\n\n<p><strong>Prix public :<\/strong> 99 \u20ac<\/p>\n\n\n\n<div class=\"wp-block-button aligncenter\"><a class=\"wp-block-button__link has-background wp-element-button\" href=\"https:\/\/marko-helmets.com\/\" style=\"border-radius:0px;background-color:#c39f76\" target=\"_blank\" rel=\"noreferrer noopener\">Disponible sur marko helmets<\/a><\/div>\n","protected":false},"excerpt":{"rendered":"<p>Marko Helmets r\u00e9alise un casque pens\u00e9 pour les citadins qui roulent sur petites et moyennes cylindr\u00e9es et souhaitant un casque polyvalent, technique et au meilleur prix !\u00a0Le casque \u00c9lectron 2 est ergonomique, sa conception a \u00e9t\u00e9 au c\u0153ur de celle-ci.\u00a0 L&lsquo;\u00c9lectron 2 a non seulement une visi\u00e8re translucide longue, mais int\u00e8gre une visi\u00e8re solaire int\u00e9gr\u00e9e et rabattable. La visi\u00e8re solaire peut \u00eatre mise d\u2019une seule main et retir\u00e9e facilement afin de s\u2019adapter \u00e0 votre conduite et vos besoins. Pour donner un autre style \u00e0 votre casque une visi\u00e8re fum\u00e9e est disponible. Le verrouillage de l&rsquo;\u00c9lectron 2 se fait \u00e0 l\u2019aide d\u2019une boucle microm\u00e9trique qui lui permet de s\u2019adapter au plus pr\u00e8s de votre visage. L&rsquo;\u00c9lectron 2 est d\u00e9clin\u00e9 en 3 coloris avec un prix public tr\u00e8s comp\u00e9titif \u00e0 99,00\u20ac. Casque Electron 2 &#8211; Coloris Casque \u00e9lectron 2 Marko &#8211; Dark Grey Casque \u00e9lectron 2 Marko &#8211; Black Mat Casque \u00e9lectron 2 Marko &#8211; Black Les accessoires Les caract\u00e9ristiques techniques du casque Tailles : XS \u00e0 XL.\u00a0 Poids : 1100 g ( +\/- 50g ) Homologation : ecer22-06 Prix public : 99 \u20ac<\/p>\n","protected":false},"author":1,"featured_media":0,"parent":1002,"menu_order":2,"comment_status":"closed","ping_status":"closed","template":"","meta":{"footnotes":""},"class_list":["post-957","page","type-page","status-publish","hentry"],"_links":{"self":[{"href":"https:\/\/www.marko-helmets.com\/blog\/wp-json\/wp\/v2\/pages\/957","targetHints":{"allow":["GET"]}}],"collection":[{"href":"https:\/\/www.marko-helmets.com\/blog\/wp-json\/wp\/v2\/pages"}],"about":[{"href":"https:\/\/www.marko-helmets.com\/blog\/wp-json\/wp\/v2\/types\/page"}],"author":[{"embeddable":true,"href":"https:\/\/www.marko-helmets.com\/blog\/wp-json\/wp\/v2\/users\/1"}],"replies":[{"embeddable":true,"href":"https:\/\/www.marko-helmets.com\/blog\/wp-json\/wp\/v2\/comments?post=957"}],"version-history":[{"count":8,"href":"https:\/\/www.marko-helmets.com\/blog\/wp-json\/wp\/v2\/pages\/957\/revisions"}],"predecessor-version":[{"id":1575,"href":"https:\/\/www.marko-helmets.com\/blog\/wp-json\/wp\/v2\/pages\/957\/revisions\/1575"}],"up":[{"embeddable":true,"href":"https:\/\/www.marko-helmets.com\/blog\/wp-json\/wp\/v2\/pages\/1002"}],"wp:attachment":[{"href":"https:\/\/www.marko-helmets.com\/blog\/wp-json\/wp\/v2\/media?parent=957"}],"curies":[{"name":"wp","href":"https:\/\/api.w.org\/{rel}","templated":true}]}}