{"id":907,"date":"2022-10-19T15:56:00","date_gmt":"2022-10-19T13:56:00","guid":{"rendered":"https:\/\/www.marko-helmets.com\/blog\/?page_id=907"},"modified":"2025-01-22T13:28:24","modified_gmt":"2025-01-22T11:28:24","slug":"le-casque-elements","status":"publish","type":"page","link":"https:\/\/www.marko-helmets.com\/blog\/accueil\/les-casques-moto\/gamme-classique\/le-casque-elements\/","title":{"rendered":"LE CASQUE ELEMENTS"},"content":{"rendered":"\n<p><a href=\"https:\/\/marko-helmets.com\/\" target=\"_blank\" rel=\"noreferrer noopener\" aria-label=\"Marko Helmets (s\u2019ouvre dans un nouvel onglet)\">Marko Helmets<\/a> a con\u00e7u un casque jet pour les motards et scoot\u00e9ristes adeptes de la conduite en ville mais aussi pour le passager.  <\/p>\n\n\n\n<figure class=\"wp-block-image size-large\"><img loading=\"lazy\" decoding=\"async\" width=\"1024\" height=\"819\" src=\"https:\/\/www.marko-helmets.com\/blog\/wp-content\/uploads\/2022\/10\/2-1-1024x819.png\" alt=\"\" class=\"wp-image-908\" srcset=\"https:\/\/www.marko-helmets.com\/blog\/wp-content\/uploads\/2022\/10\/2-1-1024x819.png 1024w, https:\/\/www.marko-helmets.com\/blog\/wp-content\/uploads\/2022\/10\/2-1-300x240.png 300w, https:\/\/www.marko-helmets.com\/blog\/wp-content\/uploads\/2022\/10\/2-1-768x614.png 768w, https:\/\/www.marko-helmets.com\/blog\/wp-content\/uploads\/2022\/10\/2-1-1536x1229.png 1536w, https:\/\/www.marko-helmets.com\/blog\/wp-content\/uploads\/2022\/10\/2-1-1080x864.png 1080w, https:\/\/www.marko-helmets.com\/blog\/wp-content\/uploads\/2022\/10\/2-1.png 2000w\" sizes=\"auto, (max-width: 1024px) 100vw, 1024px\" \/><\/figure>\n\n\n\n<p>Le <a href=\"https:\/\/marko-helmets.com\/content\/16-le-casque-elements-marko-helmets\" target=\"_blank\" rel=\"noreferrer noopener\">casque jet El\u00e9ments<\/a> est plus l\u00e9ger et a\u00e9r\u00e9 que la plupart des casques de moto habituels. Il est tr\u00e8s compact ce qui vous permet de le ranger facilement dans un top case ou sous le si\u00e8ge de votre scooter. Le casque est compos\u00e9 d\u2019une coque en polycarbonate et d\u2019un int\u00e9rieur en alcantara. Il est dot\u00e9 d\u2019une visi\u00e8re claire anti rayure mi-longue avec un champ de vision large.<\/p>\n\n\n\n<figure class=\"wp-block-image size-large\"><img loading=\"lazy\" decoding=\"async\" width=\"1024\" height=\"589\" src=\"https:\/\/www.marko-helmets.com\/blog\/wp-content\/uploads\/2022\/10\/blog-\u00e9l\u00e9ments-1024x589.png\" alt=\"\" class=\"wp-image-909\" srcset=\"https:\/\/www.marko-helmets.com\/blog\/wp-content\/uploads\/2022\/10\/blog-\u00e9l\u00e9ments-1024x589.png 1024w, https:\/\/www.marko-helmets.com\/blog\/wp-content\/uploads\/2022\/10\/blog-\u00e9l\u00e9ments-300x173.png 300w, https:\/\/www.marko-helmets.com\/blog\/wp-content\/uploads\/2022\/10\/blog-\u00e9l\u00e9ments-768x442.png 768w, https:\/\/www.marko-helmets.com\/blog\/wp-content\/uploads\/2022\/10\/blog-\u00e9l\u00e9ments-1536x883.png 1536w, https:\/\/www.marko-helmets.com\/blog\/wp-content\/uploads\/2022\/10\/blog-\u00e9l\u00e9ments-1080x621.png 1080w, https:\/\/www.marko-helmets.com\/blog\/wp-content\/uploads\/2022\/10\/blog-\u00e9l\u00e9ments.png 2000w\" sizes=\"auto, (max-width: 1024px) 100vw, 1024px\" \/><\/figure>\n\n\n\n<p>L\u2019El\u00e9ments vous apportera une protection quotidienne lors de vos d\u00e9placements ainsi qu\u2019un confort non n\u00e9gligeable.&nbsp;Le casque est disponible dans sept coloris diff\u00e9rents et color\u00e9s. <br><\/p>\n\n\n\n<h2 class=\"wp-block-heading\">Casque El\u00e9ments &#8211; Coloris<\/h2>\n\n\n\n<p>Casque El\u00e9ments Marko &#8211; Cream<\/p>\n\n\n\n<figure class=\"wp-block-image size-large\"><a href=\"https:\/\/marko-helmets.com\/casque-scooter-jet-elements-22-06-marko-helmets-p-250-5103.html#\/2-taille-m\/115-couleur-creme\" target=\"_blank\" rel=\"noreferrer noopener\"><img loading=\"lazy\" decoding=\"async\" width=\"1024\" height=\"160\" src=\"https:\/\/www.marko-helmets.com\/blog\/wp-content\/uploads\/2022\/10\/Casque-jet-\u00e9l\u00e9ments-cream-marko-helmets-1024x160.png\" alt=\"\" class=\"wp-image-910\" srcset=\"https:\/\/www.marko-helmets.com\/blog\/wp-content\/uploads\/2022\/10\/Casque-jet-\u00e9l\u00e9ments-cream-marko-helmets-1024x160.png 1024w, https:\/\/www.marko-helmets.com\/blog\/wp-content\/uploads\/2022\/10\/Casque-jet-\u00e9l\u00e9ments-cream-marko-helmets-300x47.png 300w, https:\/\/www.marko-helmets.com\/blog\/wp-content\/uploads\/2022\/10\/Casque-jet-\u00e9l\u00e9ments-cream-marko-helmets-768x120.png 768w, https:\/\/www.marko-helmets.com\/blog\/wp-content\/uploads\/2022\/10\/Casque-jet-\u00e9l\u00e9ments-cream-marko-helmets-1536x241.png 1536w, https:\/\/www.marko-helmets.com\/blog\/wp-content\/uploads\/2022\/10\/Casque-jet-\u00e9l\u00e9ments-cream-marko-helmets-2048x321.png 2048w, https:\/\/www.marko-helmets.com\/blog\/wp-content\/uploads\/2022\/10\/Casque-jet-\u00e9l\u00e9ments-cream-marko-helmets-1080x169.png 1080w\" sizes=\"auto, (max-width: 1024px) 100vw, 1024px\" \/><\/a><\/figure>\n\n\n\n<p>Casque El\u00e9ments Marko &#8211; Black Mat<\/p>\n\n\n\n<figure class=\"wp-block-image size-large\"><a href=\"https:\/\/marko-helmets.com\/casque-scooter-jet-elements-22-06-marko-helmets-p-250-5094.html#\/2-taille-m\/109-couleur-noir_mat\" target=\"_blank\" rel=\"noreferrer noopener\"><img loading=\"lazy\" decoding=\"async\" width=\"1024\" height=\"161\" src=\"https:\/\/www.marko-helmets.com\/blog\/wp-content\/uploads\/2022\/10\/Casque-jet-\u00e9l\u00e9ments-black-mat-marko-helmets-1024x161.png\" alt=\"\" class=\"wp-image-911\" srcset=\"https:\/\/www.marko-helmets.com\/blog\/wp-content\/uploads\/2022\/10\/Casque-jet-\u00e9l\u00e9ments-black-mat-marko-helmets-1024x161.png 1024w, https:\/\/www.marko-helmets.com\/blog\/wp-content\/uploads\/2022\/10\/Casque-jet-\u00e9l\u00e9ments-black-mat-marko-helmets-300x47.png 300w, https:\/\/www.marko-helmets.com\/blog\/wp-content\/uploads\/2022\/10\/Casque-jet-\u00e9l\u00e9ments-black-mat-marko-helmets-768x121.png 768w, https:\/\/www.marko-helmets.com\/blog\/wp-content\/uploads\/2022\/10\/Casque-jet-\u00e9l\u00e9ments-black-mat-marko-helmets-1536x241.png 1536w, https:\/\/www.marko-helmets.com\/blog\/wp-content\/uploads\/2022\/10\/Casque-jet-\u00e9l\u00e9ments-black-mat-marko-helmets-2048x322.png 2048w, https:\/\/www.marko-helmets.com\/blog\/wp-content\/uploads\/2022\/10\/Casque-jet-\u00e9l\u00e9ments-black-mat-marko-helmets-1080x170.png 1080w\" sizes=\"auto, (max-width: 1024px) 100vw, 1024px\" \/><\/a><\/figure>\n\n\n\n<p>Casque El\u00e9ments Marko &#8211; Red<\/p>\n\n\n\n<figure class=\"wp-block-image size-large\"><a href=\"https:\/\/marko-helmets.com\/casque-scooter-jet-elements-22-06-marko-helmets-p-250-5114.html#\/2-taille-m\/120-couleur-rouge\" target=\"_blank\" rel=\"noreferrer noopener\"><img loading=\"lazy\" decoding=\"async\" width=\"1024\" height=\"160\" src=\"https:\/\/www.marko-helmets.com\/blog\/wp-content\/uploads\/2022\/10\/Casque-jet-\u00e9l\u00e9ments-red-marko-helmets-1024x160.png\" alt=\"\" class=\"wp-image-912\" srcset=\"https:\/\/www.marko-helmets.com\/blog\/wp-content\/uploads\/2022\/10\/Casque-jet-\u00e9l\u00e9ments-red-marko-helmets-1024x160.png 1024w, https:\/\/www.marko-helmets.com\/blog\/wp-content\/uploads\/2022\/10\/Casque-jet-\u00e9l\u00e9ments-red-marko-helmets-300x47.png 300w, https:\/\/www.marko-helmets.com\/blog\/wp-content\/uploads\/2022\/10\/Casque-jet-\u00e9l\u00e9ments-red-marko-helmets-768x120.png 768w, https:\/\/www.marko-helmets.com\/blog\/wp-content\/uploads\/2022\/10\/Casque-jet-\u00e9l\u00e9ments-red-marko-helmets-1536x240.png 1536w, https:\/\/www.marko-helmets.com\/blog\/wp-content\/uploads\/2022\/10\/Casque-jet-\u00e9l\u00e9ments-red-marko-helmets-2048x320.png 2048w, https:\/\/www.marko-helmets.com\/blog\/wp-content\/uploads\/2022\/10\/Casque-jet-\u00e9l\u00e9ments-red-marko-helmets-1080x169.png 1080w\" sizes=\"auto, (max-width: 1024px) 100vw, 1024px\" \/><\/a><\/figure>\n\n\n\n<p>Casque El\u00e9ments Marko &#8211; Titanium Mat<\/p>\n\n\n\n<figure class=\"wp-block-image size-large is-resized\"><a href=\"https:\/\/marko-helmets.com\/casque-scooter-jet-elements-22-06-marko-helmets-p-250-5124.html#\/2-taille-m\/121-couleur-titanium_mat\" target=\"_blank\" rel=\"noreferrer noopener\"><img loading=\"lazy\" decoding=\"async\" width=\"1024\" height=\"160\" src=\"https:\/\/www.marko-helmets.com\/blog\/wp-content\/uploads\/2022\/10\/Casque-jet-\u00e9l\u00e9ments-titanium-mat-marko-helmets-1024x160.png\" alt=\"\" class=\"wp-image-913\" style=\"width:770px;height:auto\" srcset=\"https:\/\/www.marko-helmets.com\/blog\/wp-content\/uploads\/2022\/10\/Casque-jet-\u00e9l\u00e9ments-titanium-mat-marko-helmets-1024x160.png 1024w, https:\/\/www.marko-helmets.com\/blog\/wp-content\/uploads\/2022\/10\/Casque-jet-\u00e9l\u00e9ments-titanium-mat-marko-helmets-300x47.png 300w, https:\/\/www.marko-helmets.com\/blog\/wp-content\/uploads\/2022\/10\/Casque-jet-\u00e9l\u00e9ments-titanium-mat-marko-helmets-768x120.png 768w, https:\/\/www.marko-helmets.com\/blog\/wp-content\/uploads\/2022\/10\/Casque-jet-\u00e9l\u00e9ments-titanium-mat-marko-helmets-1536x240.png 1536w, https:\/\/www.marko-helmets.com\/blog\/wp-content\/uploads\/2022\/10\/Casque-jet-\u00e9l\u00e9ments-titanium-mat-marko-helmets-2048x320.png 2048w, https:\/\/www.marko-helmets.com\/blog\/wp-content\/uploads\/2022\/10\/Casque-jet-\u00e9l\u00e9ments-titanium-mat-marko-helmets-1080x169.png 1080w\" sizes=\"auto, (max-width: 1024px) 100vw, 1024px\" \/><\/a><\/figure>\n\n\n\n<p>Casque El\u00e9ments Marko &#8211; Pink<\/p>\n\n\n\n<figure class=\"wp-block-image size-large\"><a href=\"https:\/\/marko-helmets.com\/casque-scooter-jet-elements-22-06-marko-helmets-p-250-5109.html#\/2-taille-m\/131-couleur-pink_mat\" target=\"_blank\" rel=\"noreferrer noopener\"><img loading=\"lazy\" decoding=\"async\" width=\"1024\" height=\"160\" src=\"https:\/\/www.marko-helmets.com\/blog\/wp-content\/uploads\/2022\/10\/Casque-jet-\u00e9l\u00e9ments-Pink-marko-helmets-1024x160.png\" alt=\"\" class=\"wp-image-914\" srcset=\"https:\/\/www.marko-helmets.com\/blog\/wp-content\/uploads\/2022\/10\/Casque-jet-\u00e9l\u00e9ments-Pink-marko-helmets-1024x160.png 1024w, https:\/\/www.marko-helmets.com\/blog\/wp-content\/uploads\/2022\/10\/Casque-jet-\u00e9l\u00e9ments-Pink-marko-helmets-300x47.png 300w, https:\/\/www.marko-helmets.com\/blog\/wp-content\/uploads\/2022\/10\/Casque-jet-\u00e9l\u00e9ments-Pink-marko-helmets-768x120.png 768w, https:\/\/www.marko-helmets.com\/blog\/wp-content\/uploads\/2022\/10\/Casque-jet-\u00e9l\u00e9ments-Pink-marko-helmets-1536x240.png 1536w, https:\/\/www.marko-helmets.com\/blog\/wp-content\/uploads\/2022\/10\/Casque-jet-\u00e9l\u00e9ments-Pink-marko-helmets-2048x320.png 2048w, https:\/\/www.marko-helmets.com\/blog\/wp-content\/uploads\/2022\/10\/Casque-jet-\u00e9l\u00e9ments-Pink-marko-helmets-1080x169.png 1080w\" sizes=\"auto, (max-width: 1024px) 100vw, 1024px\" \/><\/a><\/figure>\n\n\n\n<p>Casque El\u00e9ments Marko &#8211; Black<\/p>\n\n\n\n<figure class=\"wp-block-image size-large\"><a href=\"https:\/\/marko-helmets.com\/casque-scooter-jet-elements-22-06-marko-helmets-p-250-5127.html#\/2-taille-m\/108-couleur-noir\" target=\"_blank\" rel=\"noreferrer noopener\"><img loading=\"lazy\" decoding=\"async\" width=\"1024\" height=\"160\" src=\"https:\/\/www.marko-helmets.com\/blog\/wp-content\/uploads\/2022\/10\/Casque-jet-\u00e9l\u00e9ments-black-marko-helmets-1024x160.png\" alt=\"\" class=\"wp-image-915\" srcset=\"https:\/\/www.marko-helmets.com\/blog\/wp-content\/uploads\/2022\/10\/Casque-jet-\u00e9l\u00e9ments-black-marko-helmets-1024x160.png 1024w, https:\/\/www.marko-helmets.com\/blog\/wp-content\/uploads\/2022\/10\/Casque-jet-\u00e9l\u00e9ments-black-marko-helmets-300x47.png 300w, https:\/\/www.marko-helmets.com\/blog\/wp-content\/uploads\/2022\/10\/Casque-jet-\u00e9l\u00e9ments-black-marko-helmets-768x120.png 768w, https:\/\/www.marko-helmets.com\/blog\/wp-content\/uploads\/2022\/10\/Casque-jet-\u00e9l\u00e9ments-black-marko-helmets-1536x240.png 1536w, https:\/\/www.marko-helmets.com\/blog\/wp-content\/uploads\/2022\/10\/Casque-jet-\u00e9l\u00e9ments-black-marko-helmets-2048x320.png 2048w, https:\/\/www.marko-helmets.com\/blog\/wp-content\/uploads\/2022\/10\/Casque-jet-\u00e9l\u00e9ments-black-marko-helmets-1080x169.png 1080w\" sizes=\"auto, (max-width: 1024px) 100vw, 1024px\" \/><\/a><\/figure>\n\n\n\n<p>Casque El\u00e9ments Marko &#8211; Blue<\/p>\n\n\n\n<figure class=\"wp-block-image size-large\"><a href=\"https:\/\/marko-helmets.com\/casque-scooter-jet-elements-22-06-marko-helmets-p-250-5097.html#\/2-taille-m\/130-couleur-bleu\" target=\"_blank\" rel=\"noreferrer noopener\"><img loading=\"lazy\" decoding=\"async\" width=\"1024\" height=\"160\" src=\"https:\/\/www.marko-helmets.com\/blog\/wp-content\/uploads\/2022\/10\/Casque-jet-\u00e9l\u00e9ments-blue-marko-helmets-1024x160.png\" alt=\"\" class=\"wp-image-916\" srcset=\"https:\/\/www.marko-helmets.com\/blog\/wp-content\/uploads\/2022\/10\/Casque-jet-\u00e9l\u00e9ments-blue-marko-helmets-1024x160.png 1024w, https:\/\/www.marko-helmets.com\/blog\/wp-content\/uploads\/2022\/10\/Casque-jet-\u00e9l\u00e9ments-blue-marko-helmets-300x47.png 300w, https:\/\/www.marko-helmets.com\/blog\/wp-content\/uploads\/2022\/10\/Casque-jet-\u00e9l\u00e9ments-blue-marko-helmets-768x120.png 768w, https:\/\/www.marko-helmets.com\/blog\/wp-content\/uploads\/2022\/10\/Casque-jet-\u00e9l\u00e9ments-blue-marko-helmets-1536x240.png 1536w, https:\/\/www.marko-helmets.com\/blog\/wp-content\/uploads\/2022\/10\/Casque-jet-\u00e9l\u00e9ments-blue-marko-helmets-2048x320.png 2048w, https:\/\/www.marko-helmets.com\/blog\/wp-content\/uploads\/2022\/10\/Casque-jet-\u00e9l\u00e9ments-blue-marko-helmets-1080x169.png 1080w\" sizes=\"auto, (max-width: 1024px) 100vw, 1024px\" \/><\/a><\/figure>\n\n\n\n<h2 class=\"wp-block-heading\">Les accessoires<\/h2>\n\n\n\n<figure class=\"wp-block-image size-large\"><img loading=\"lazy\" decoding=\"async\" width=\"1024\" height=\"160\" src=\"https:\/\/www.marko-helmets.com\/blog\/wp-content\/uploads\/2022\/10\/Casque-jet-\u00e9l\u00e9ments-visi\u00e8res-marko-helmets-1024x160.png\" alt=\"\" class=\"wp-image-917\" srcset=\"https:\/\/www.marko-helmets.com\/blog\/wp-content\/uploads\/2022\/10\/Casque-jet-\u00e9l\u00e9ments-visi\u00e8res-marko-helmets-1024x160.png 1024w, https:\/\/www.marko-helmets.com\/blog\/wp-content\/uploads\/2022\/10\/Casque-jet-\u00e9l\u00e9ments-visi\u00e8res-marko-helmets-300x47.png 300w, https:\/\/www.marko-helmets.com\/blog\/wp-content\/uploads\/2022\/10\/Casque-jet-\u00e9l\u00e9ments-visi\u00e8res-marko-helmets-768x120.png 768w, https:\/\/www.marko-helmets.com\/blog\/wp-content\/uploads\/2022\/10\/Casque-jet-\u00e9l\u00e9ments-visi\u00e8res-marko-helmets-1536x240.png 1536w, https:\/\/www.marko-helmets.com\/blog\/wp-content\/uploads\/2022\/10\/Casque-jet-\u00e9l\u00e9ments-visi\u00e8res-marko-helmets-2048x320.png 2048w, https:\/\/www.marko-helmets.com\/blog\/wp-content\/uploads\/2022\/10\/Casque-jet-\u00e9l\u00e9ments-visi\u00e8res-marko-helmets-1080x169.png 1080w\" sizes=\"auto, (max-width: 1024px) 100vw, 1024px\" \/><\/figure>\n\n\n\n<h2 class=\"wp-block-heading\">Les caract\u00e9ristiques techniques du casque :<\/h2>\n\n\n\n<p><strong>Tailles : <\/strong>XS \u00e0 XL.&nbsp;<\/p>\n\n\n\n<p><strong>Poids :<\/strong> 1000 g ( +\/- 50g )<\/p>\n\n\n\n<p><strong>Homologation : <\/strong>ecer22-06<\/p>\n\n\n\n<ul class=\"wp-block-list\">\n<li> Coque en polycarbonate <\/li>\n\n\n\n<li> Visi\u00e8re d\u00e9montable <\/li>\n\n\n\n<li> Int\u00e9rieur en alcantara d\u00e9montable et lavable <\/li>\n\n\n\n<li> Fermeture microm\u00e9trique <\/li>\n\n\n\n<li> Champ de vision large <\/li>\n\n\n\n<li> Livr\u00e9 avec une housse de transport et des stickers r\u00e9fl\u00e9chissants <\/li>\n<\/ul>\n\n\n\n<p><strong>Prix public :<\/strong> 159 \u20ac<\/p>\n\n\n\n<div class=\"wp-block-button aligncenter\"><a class=\"wp-block-button__link has-background wp-element-button\" href=\"https:\/\/marko-helmets.com\/\" style=\"border-radius:0px;background-color:#c39f76\" target=\"_blank\" rel=\"noreferrer noopener\">Disponible sur marko helmets<\/a><\/div>\n\n\n\n<p><\/p>\n","protected":false},"excerpt":{"rendered":"<p>Marko Helmets a con\u00e7u un casque jet pour les motards et scoot\u00e9ristes adeptes de la conduite en ville mais aussi pour le passager. Le casque jet El\u00e9ments est plus l\u00e9ger et a\u00e9r\u00e9 que la plupart des casques de moto habituels. Il est tr\u00e8s compact ce qui vous permet de le ranger facilement dans un top case ou sous le si\u00e8ge de votre scooter. Le casque est compos\u00e9 d\u2019une coque en polycarbonate et d\u2019un int\u00e9rieur en alcantara. Il est dot\u00e9 d\u2019une visi\u00e8re claire anti rayure mi-longue avec un champ de vision large. L\u2019El\u00e9ments vous apportera une protection quotidienne lors de vos d\u00e9placements ainsi qu\u2019un confort non n\u00e9gligeable.&nbsp;Le casque est disponible dans sept coloris diff\u00e9rents et color\u00e9s. Casque El\u00e9ments &#8211; Coloris Casque El\u00e9ments Marko &#8211; Cream Casque El\u00e9ments Marko &#8211; Black Mat Casque El\u00e9ments Marko &#8211; Red Casque El\u00e9ments Marko &#8211; Titanium Mat Casque El\u00e9ments Marko &#8211; Pink Casque El\u00e9ments Marko &#8211; Black Casque El\u00e9ments Marko &#8211; Blue Les accessoires Les caract\u00e9ristiques techniques du casque : Tailles : XS \u00e0 XL.&nbsp; Poids : 1000 g ( +\/- 50g ) Homologation : ecer22-06 Prix public : 159 \u20ac<\/p>\n","protected":false},"author":1,"featured_media":0,"parent":999,"menu_order":5,"comment_status":"closed","ping_status":"closed","template":"","meta":{"footnotes":""},"class_list":["post-907","page","type-page","status-publish","hentry"],"_links":{"self":[{"href":"https:\/\/www.marko-helmets.com\/blog\/wp-json\/wp\/v2\/pages\/907","targetHints":{"allow":["GET"]}}],"collection":[{"href":"https:\/\/www.marko-helmets.com\/blog\/wp-json\/wp\/v2\/pages"}],"about":[{"href":"https:\/\/www.marko-helmets.com\/blog\/wp-json\/wp\/v2\/types\/page"}],"author":[{"embeddable":true,"href":"https:\/\/www.marko-helmets.com\/blog\/wp-json\/wp\/v2\/users\/1"}],"replies":[{"embeddable":true,"href":"https:\/\/www.marko-helmets.com\/blog\/wp-json\/wp\/v2\/comments?post=907"}],"version-history":[{"count":6,"href":"https:\/\/www.marko-helmets.com\/blog\/wp-json\/wp\/v2\/pages\/907\/revisions"}],"predecessor-version":[{"id":1565,"href":"https:\/\/www.marko-helmets.com\/blog\/wp-json\/wp\/v2\/pages\/907\/revisions\/1565"}],"up":[{"embeddable":true,"href":"https:\/\/www.marko-helmets.com\/blog\/wp-json\/wp\/v2\/pages\/999"}],"wp:attachment":[{"href":"https:\/\/www.marko-helmets.com\/blog\/wp-json\/wp\/v2\/media?parent=907"}],"curies":[{"name":"wp","href":"https:\/\/api.w.org\/{rel}","templated":true}]}}