{"id":877,"date":"2022-10-11T16:39:41","date_gmt":"2022-10-11T14:39:41","guid":{"rendered":"https:\/\/www.marko-helmets.com\/blog\/?page_id=877"},"modified":"2025-01-22T15:39:39","modified_gmt":"2025-01-22T13:39:39","slug":"le-casque-cadence","status":"publish","type":"page","link":"https:\/\/www.marko-helmets.com\/blog\/accueil\/les-casques-velo\/le-casque-cadence\/","title":{"rendered":"Le casque cadence"},"content":{"rendered":"\n<p>La marque <a href=\"https:\/\/marko-helmets.com\/\" target=\"_blank\" rel=\"noreferrer noopener\" aria-label=\"Marko Helmets  (s\u2019ouvre dans un nouvel onglet)\">Marko Helmets <\/a>a sorti son troisi\u00e8me casque de v\u00e9lo. Fort de son succ\u00e8s aupr\u00e8s de la mobilit\u00e9 douce, la marque sort un nouveau casque v\u00e9lo Le Cadence avec un design plus moderne qui s\u2019adapte \u00e0 tous les styles.<\/p>\n\n\n\n<figure class=\"wp-block-image size-large\"><img loading=\"lazy\" decoding=\"async\" width=\"1024\" height=\"992\" src=\"https:\/\/www.marko-helmets.com\/blog\/wp-content\/uploads\/2022\/10\/Marko-helmet-bike-warren-lecart-231-1024x992.jpg\" alt=\"\" class=\"wp-image-889\" srcset=\"https:\/\/www.marko-helmets.com\/blog\/wp-content\/uploads\/2022\/10\/Marko-helmet-bike-warren-lecart-231-1024x992.jpg 1024w, https:\/\/www.marko-helmets.com\/blog\/wp-content\/uploads\/2022\/10\/Marko-helmet-bike-warren-lecart-231-300x291.jpg 300w, https:\/\/www.marko-helmets.com\/blog\/wp-content\/uploads\/2022\/10\/Marko-helmet-bike-warren-lecart-231-768x744.jpg 768w, https:\/\/www.marko-helmets.com\/blog\/wp-content\/uploads\/2022\/10\/Marko-helmet-bike-warren-lecart-231.jpg 1067w\" sizes=\"auto, (max-width: 1024px) 100vw, 1024px\" \/><\/figure>\n\n\n\n<p>Le <a href=\"https:\/\/marko-helmets.com\/content\/34-le-casque-velo-cadence-de-marko-helmets\" target=\"_blank\" rel=\"noreferrer noopener\" aria-label=\"casque v\u00e9lo Cadence (s\u2019ouvre dans un nouvel onglet)\">casque v\u00e9lo Cadence<\/a> de Marko Helmets se compose d&rsquo;une coque robuste enveloppante en polycarbonate homologu\u00e9 CE EN1078 et d&rsquo;une mousse int\u00e9rieure en tissu respirant, d\u00e9montable et lavable. Le Cadence garantit une protection efficace de la t\u00eate et tout particuli\u00e8rement la bo\u00eete cr\u00e2nienne lors d&rsquo;une chute puisqu&rsquo;il permet d&rsquo;amortir en douceur le choc. Les oreillettes sont amovibles et vous permettent d\u2019avoir chaud lors de la saison hivernale. Le cadence est compos\u00e9e de multiples ventilations pour faciliter l\u2019a\u00e9ration du casque lors des fortes chaleurs afin d&rsquo;\u00e9viter la transpiration. Il dispose d\u2019une visi\u00e8re d\u00e9montable claire ainsi qu\u2019une visi\u00e8re solaire int\u00e9gr\u00e9e pour plus de confort lors des journ\u00e9es ensoleill\u00e9es.<\/p>\n\n\n\n<figure class=\"wp-block-image size-large\"><img loading=\"lazy\" decoding=\"async\" width=\"1024\" height=\"661\" src=\"https:\/\/www.marko-helmets.com\/blog\/wp-content\/uploads\/2022\/10\/2-1024x661.png\" alt=\"\" class=\"wp-image-879\" srcset=\"https:\/\/www.marko-helmets.com\/blog\/wp-content\/uploads\/2022\/10\/2-1024x661.png 1024w, https:\/\/www.marko-helmets.com\/blog\/wp-content\/uploads\/2022\/10\/2-300x194.png 300w, https:\/\/www.marko-helmets.com\/blog\/wp-content\/uploads\/2022\/10\/2-768x496.png 768w, https:\/\/www.marko-helmets.com\/blog\/wp-content\/uploads\/2022\/10\/2-1536x991.png 1536w, https:\/\/www.marko-helmets.com\/blog\/wp-content\/uploads\/2022\/10\/2-1080x697.png 1080w, https:\/\/www.marko-helmets.com\/blog\/wp-content\/uploads\/2022\/10\/2.png 2000w\" sizes=\"auto, (max-width: 1024px) 100vw, 1024px\" \/><\/figure>\n\n\n\n<p>Le casque est \u00e9quip\u00e9 d\u2019un \u00e9clairage situ\u00e9 \u00e0 l\u2019arri\u00e8re avec 3 intensit\u00e9s de lumi\u00e8re diff\u00e9rentes pour plus de visibilit\u00e9 et de s\u00e9curit\u00e9 lors de vos trajets. Simple d\u2019utilisation, il vous faudra bien ajuster le casque \u00e0 votre tour de t\u00eate \u00e0 l&rsquo;aide de sa molette r\u00e9glable et son syst\u00e8me de fermeture Fidlock qui apporte une praticit\u00e9 dans son utilisation quotidienne. <\/p>\n\n\n\n<figure class=\"wp-block-image size-large\"><img loading=\"lazy\" decoding=\"async\" width=\"1024\" height=\"669\" src=\"https:\/\/www.marko-helmets.com\/blog\/wp-content\/uploads\/2022\/10\/1-1024x669.png\" alt=\"\" class=\"wp-image-880\" srcset=\"https:\/\/www.marko-helmets.com\/blog\/wp-content\/uploads\/2022\/10\/1-1024x669.png 1024w, https:\/\/www.marko-helmets.com\/blog\/wp-content\/uploads\/2022\/10\/1-300x196.png 300w, https:\/\/www.marko-helmets.com\/blog\/wp-content\/uploads\/2022\/10\/1-768x502.png 768w, https:\/\/www.marko-helmets.com\/blog\/wp-content\/uploads\/2022\/10\/1-1536x1004.png 1536w, https:\/\/www.marko-helmets.com\/blog\/wp-content\/uploads\/2022\/10\/1-1080x706.png 1080w, https:\/\/www.marko-helmets.com\/blog\/wp-content\/uploads\/2022\/10\/1.png 2000w\" sizes=\"auto, (max-width: 1024px) 100vw, 1024px\" \/><\/figure>\n\n\n\n<p>Le casque de v\u00e9lo Cadence est disponible dans sept coloris \u00e0 la fois sobre et \u00e9l\u00e9gant pour rouler en ville, en campagne, sur piste cyclable avec votre v\u00e9lo de ville, de route ou encore votre v\u00e9lo \u00e9lectrique pour vous rendre \u00e0 des rendez-vous ou tout simplement sur le trajet du travail. Ce casque vous apportera un confort optimal pour vos d\u00e9placements, et gr\u00e2ce \u00e0 sa polyvalence vous pourrez l&#8217;emmener partout !<\/p>\n\n\n\n<h2 class=\"wp-block-heading\">Le casque Cadence &#8211; Coloris<\/h2>\n\n\n\n<p>Casque Cadence &#8211; Orange<\/p>\n\n\n\n<figure class=\"wp-block-image size-large is-resized\"><a href=\"https:\/\/marko-helmets.com\/casque-velo-e-bike-cadence-marko-helmets-p-320-5912.html#\/129-couleur-orange_mat\/171-taille-s_m\" target=\"_blank\" rel=\"noreferrer noopener\"><img loading=\"lazy\" decoding=\"async\" width=\"1024\" height=\"158\" src=\"https:\/\/www.marko-helmets.com\/blog\/wp-content\/uploads\/2022\/10\/Casque-v\u00e9lo-Cadence-orange-Mat-marko-1024x158.png\" alt=\"\" class=\"wp-image-881\" style=\"width:770px;height:auto\" srcset=\"https:\/\/www.marko-helmets.com\/blog\/wp-content\/uploads\/2022\/10\/Casque-v\u00e9lo-Cadence-orange-Mat-marko-1024x158.png 1024w, https:\/\/www.marko-helmets.com\/blog\/wp-content\/uploads\/2022\/10\/Casque-v\u00e9lo-Cadence-orange-Mat-marko-300x46.png 300w, https:\/\/www.marko-helmets.com\/blog\/wp-content\/uploads\/2022\/10\/Casque-v\u00e9lo-Cadence-orange-Mat-marko-768x119.png 768w, https:\/\/www.marko-helmets.com\/blog\/wp-content\/uploads\/2022\/10\/Casque-v\u00e9lo-Cadence-orange-Mat-marko-1536x237.png 1536w, https:\/\/www.marko-helmets.com\/blog\/wp-content\/uploads\/2022\/10\/Casque-v\u00e9lo-Cadence-orange-Mat-marko-2048x316.png 2048w, https:\/\/www.marko-helmets.com\/blog\/wp-content\/uploads\/2022\/10\/Casque-v\u00e9lo-Cadence-orange-Mat-marko-1080x167.png 1080w\" sizes=\"auto, (max-width: 1024px) 100vw, 1024px\" \/><\/a><\/figure>\n\n\n\n<p>Casque Cadence &#8211; Black<\/p>\n\n\n\n<figure class=\"wp-block-image size-large\"><a href=\"https:\/\/marko-helmets.com\/casque-velo-e-bike-cadence-marko-helmets-p-320-5920.html#\/108-couleur-noir\/171-taille-s_m\" target=\"_blank\" rel=\"noreferrer noopener\"><img loading=\"lazy\" decoding=\"async\" width=\"1024\" height=\"160\" src=\"https:\/\/www.marko-helmets.com\/blog\/wp-content\/uploads\/2022\/10\/Casque-v\u00e9lo-Cadence-black-marko-1024x160.png\" alt=\"\" class=\"wp-image-882\" srcset=\"https:\/\/www.marko-helmets.com\/blog\/wp-content\/uploads\/2022\/10\/Casque-v\u00e9lo-Cadence-black-marko-1024x160.png 1024w, https:\/\/www.marko-helmets.com\/blog\/wp-content\/uploads\/2022\/10\/Casque-v\u00e9lo-Cadence-black-marko-300x47.png 300w, https:\/\/www.marko-helmets.com\/blog\/wp-content\/uploads\/2022\/10\/Casque-v\u00e9lo-Cadence-black-marko-768x120.png 768w, https:\/\/www.marko-helmets.com\/blog\/wp-content\/uploads\/2022\/10\/Casque-v\u00e9lo-Cadence-black-marko-1536x241.png 1536w, https:\/\/www.marko-helmets.com\/blog\/wp-content\/uploads\/2022\/10\/Casque-v\u00e9lo-Cadence-black-marko-2048x321.png 2048w, https:\/\/www.marko-helmets.com\/blog\/wp-content\/uploads\/2022\/10\/Casque-v\u00e9lo-Cadence-black-marko-1080x169.png 1080w\" sizes=\"auto, (max-width: 1024px) 100vw, 1024px\" \/><\/a><\/figure>\n\n\n\n<p>Casque Cadence &#8211; Cream<\/p>\n\n\n\n<figure class=\"wp-block-image size-large\"><a href=\"https:\/\/marko-helmets.com\/casque-velo-e-bike-cadence-marko-helmets-p-320-5916.html#\/115-couleur-creme\/171-taille-s_m\" target=\"_blank\" rel=\"noreferrer noopener\"><img loading=\"lazy\" decoding=\"async\" width=\"1024\" height=\"158\" src=\"https:\/\/www.marko-helmets.com\/blog\/wp-content\/uploads\/2022\/10\/Casque-v\u00e9lo-Cadence-cream-marko-1024x158.png\" alt=\"\" class=\"wp-image-883\" srcset=\"https:\/\/www.marko-helmets.com\/blog\/wp-content\/uploads\/2022\/10\/Casque-v\u00e9lo-Cadence-cream-marko-1024x158.png 1024w, https:\/\/www.marko-helmets.com\/blog\/wp-content\/uploads\/2022\/10\/Casque-v\u00e9lo-Cadence-cream-marko-300x46.png 300w, https:\/\/www.marko-helmets.com\/blog\/wp-content\/uploads\/2022\/10\/Casque-v\u00e9lo-Cadence-cream-marko-768x119.png 768w, https:\/\/www.marko-helmets.com\/blog\/wp-content\/uploads\/2022\/10\/Casque-v\u00e9lo-Cadence-cream-marko-1536x237.png 1536w, https:\/\/www.marko-helmets.com\/blog\/wp-content\/uploads\/2022\/10\/Casque-v\u00e9lo-Cadence-cream-marko-2048x316.png 2048w, https:\/\/www.marko-helmets.com\/blog\/wp-content\/uploads\/2022\/10\/Casque-v\u00e9lo-Cadence-cream-marko-1080x167.png 1080w\" sizes=\"auto, (max-width: 1024px) 100vw, 1024px\" \/><\/a><\/figure>\n\n\n\n<p>Casque Cadence &#8211; Titanium Mat<\/p>\n\n\n\n<figure class=\"wp-block-image size-large\"><a href=\"https:\/\/marko-helmets.com\/casque-velo-e-bike-cadence-marko-helmets-p-320-5922.html#\/170-couleur-titan_mat\/171-taille-s_m\" target=\"_blank\" rel=\"noreferrer noopener\"><img loading=\"lazy\" decoding=\"async\" width=\"1024\" height=\"154\" src=\"https:\/\/www.marko-helmets.com\/blog\/wp-content\/uploads\/2022\/10\/Casque-v\u00e9lo-Cadence-titan-Mat-marko-1024x154.png\" alt=\"\" class=\"wp-image-884\" srcset=\"https:\/\/www.marko-helmets.com\/blog\/wp-content\/uploads\/2022\/10\/Casque-v\u00e9lo-Cadence-titan-Mat-marko-1024x154.png 1024w, https:\/\/www.marko-helmets.com\/blog\/wp-content\/uploads\/2022\/10\/Casque-v\u00e9lo-Cadence-titan-Mat-marko-300x45.png 300w, https:\/\/www.marko-helmets.com\/blog\/wp-content\/uploads\/2022\/10\/Casque-v\u00e9lo-Cadence-titan-Mat-marko-768x116.png 768w, https:\/\/www.marko-helmets.com\/blog\/wp-content\/uploads\/2022\/10\/Casque-v\u00e9lo-Cadence-titan-Mat-marko-1536x231.png 1536w, https:\/\/www.marko-helmets.com\/blog\/wp-content\/uploads\/2022\/10\/Casque-v\u00e9lo-Cadence-titan-Mat-marko-2048x308.png 2048w, https:\/\/www.marko-helmets.com\/blog\/wp-content\/uploads\/2022\/10\/Casque-v\u00e9lo-Cadence-titan-Mat-marko-1080x163.png 1080w\" sizes=\"auto, (max-width: 1024px) 100vw, 1024px\" \/><\/a><\/figure>\n\n\n\n<p>Casque Cadence &#8211; Red<\/p>\n\n\n\n<figure class=\"wp-block-image size-large is-resized\"><a href=\"https:\/\/marko-helmets.com\/casque-velo-e-bike-cadence-marko-helmets-p-320-5908.html#\/120-couleur-rouge\/171-taille-s_m\" target=\"_blank\" rel=\"noreferrer noopener\"><img loading=\"lazy\" decoding=\"async\" width=\"1024\" height=\"158\" src=\"https:\/\/www.marko-helmets.com\/blog\/wp-content\/uploads\/2022\/10\/Casque-v\u00e9lo-Cadence-red-marko-1024x158.png\" alt=\"\" class=\"wp-image-885\" style=\"width:770px;height:auto\" srcset=\"https:\/\/www.marko-helmets.com\/blog\/wp-content\/uploads\/2022\/10\/Casque-v\u00e9lo-Cadence-red-marko-1024x158.png 1024w, https:\/\/www.marko-helmets.com\/blog\/wp-content\/uploads\/2022\/10\/Casque-v\u00e9lo-Cadence-red-marko-300x46.png 300w, https:\/\/www.marko-helmets.com\/blog\/wp-content\/uploads\/2022\/10\/Casque-v\u00e9lo-Cadence-red-marko-768x119.png 768w, https:\/\/www.marko-helmets.com\/blog\/wp-content\/uploads\/2022\/10\/Casque-v\u00e9lo-Cadence-red-marko-1536x237.png 1536w, https:\/\/www.marko-helmets.com\/blog\/wp-content\/uploads\/2022\/10\/Casque-v\u00e9lo-Cadence-red-marko-2048x316.png 2048w, https:\/\/www.marko-helmets.com\/blog\/wp-content\/uploads\/2022\/10\/Casque-v\u00e9lo-Cadence-red-marko-1080x167.png 1080w\" sizes=\"auto, (max-width: 1024px) 100vw, 1024px\" \/><\/a><\/figure>\n\n\n\n<p>Casque Cadence &#8211; Black Mat<\/p>\n\n\n\n<figure class=\"wp-block-image size-large\"><a href=\"https:\/\/marko-helmets.com\/casque-velo-e-bike-cadence-marko-helmets-p-320-5918.html#\/109-couleur-noir_mat\/171-taille-s_m\" target=\"_blank\" rel=\"noreferrer noopener\"><img loading=\"lazy\" decoding=\"async\" width=\"1024\" height=\"158\" src=\"https:\/\/www.marko-helmets.com\/blog\/wp-content\/uploads\/2022\/10\/Casque-v\u00e9lo-Cadence-black-Mat-marko-1024x158.png\" alt=\"\" class=\"wp-image-886\" srcset=\"https:\/\/www.marko-helmets.com\/blog\/wp-content\/uploads\/2022\/10\/Casque-v\u00e9lo-Cadence-black-Mat-marko-1024x158.png 1024w, https:\/\/www.marko-helmets.com\/blog\/wp-content\/uploads\/2022\/10\/Casque-v\u00e9lo-Cadence-black-Mat-marko-300x46.png 300w, https:\/\/www.marko-helmets.com\/blog\/wp-content\/uploads\/2022\/10\/Casque-v\u00e9lo-Cadence-black-Mat-marko-768x119.png 768w, https:\/\/www.marko-helmets.com\/blog\/wp-content\/uploads\/2022\/10\/Casque-v\u00e9lo-Cadence-black-Mat-marko-1536x237.png 1536w, https:\/\/www.marko-helmets.com\/blog\/wp-content\/uploads\/2022\/10\/Casque-v\u00e9lo-Cadence-black-Mat-marko-2048x316.png 2048w, https:\/\/www.marko-helmets.com\/blog\/wp-content\/uploads\/2022\/10\/Casque-v\u00e9lo-Cadence-black-Mat-marko-1080x167.png 1080w\" sizes=\"auto, (max-width: 1024px) 100vw, 1024px\" \/><\/a><\/figure>\n\n\n\n<p>Casque Cadence &#8211; Grey Nardo<\/p>\n\n\n\n<figure class=\"wp-block-image size-large\"><a href=\"https:\/\/marko-helmets.com\/casque-velo-e-bike-cadence-marko-helmets-p-320-5914.html#\/149-couleur-grey_nardo\/171-taille-s_m\" target=\"_blank\" rel=\"noreferrer noopener\"><img loading=\"lazy\" decoding=\"async\" width=\"1024\" height=\"158\" src=\"https:\/\/www.marko-helmets.com\/blog\/wp-content\/uploads\/2022\/10\/Casque-v\u00e9lo-Cadence-grey-nardo-marko-1024x158.png\" alt=\"\" class=\"wp-image-887\" srcset=\"https:\/\/www.marko-helmets.com\/blog\/wp-content\/uploads\/2022\/10\/Casque-v\u00e9lo-Cadence-grey-nardo-marko-1024x158.png 1024w, https:\/\/www.marko-helmets.com\/blog\/wp-content\/uploads\/2022\/10\/Casque-v\u00e9lo-Cadence-grey-nardo-marko-300x46.png 300w, https:\/\/www.marko-helmets.com\/blog\/wp-content\/uploads\/2022\/10\/Casque-v\u00e9lo-Cadence-grey-nardo-marko-768x119.png 768w, https:\/\/www.marko-helmets.com\/blog\/wp-content\/uploads\/2022\/10\/Casque-v\u00e9lo-Cadence-grey-nardo-marko-1536x237.png 1536w, https:\/\/www.marko-helmets.com\/blog\/wp-content\/uploads\/2022\/10\/Casque-v\u00e9lo-Cadence-grey-nardo-marko-2048x316.png 2048w, https:\/\/www.marko-helmets.com\/blog\/wp-content\/uploads\/2022\/10\/Casque-v\u00e9lo-Cadence-grey-nardo-marko-1080x167.png 1080w\" sizes=\"auto, (max-width: 1024px) 100vw, 1024px\" \/><\/a><\/figure>\n\n\n\n<h2 class=\"wp-block-heading\">Les caract\u00e9ristiques techniques du casque :<\/h2>\n\n\n\n<p><strong>Tailles :<\/strong> S\/M et L\/XL (molette r\u00e9glable)<\/p>\n\n\n\n<p><strong>Poids :<\/strong> 700g ( +\/- 50g )<\/p>\n\n\n\n<p><strong>Homologation :<\/strong> CE EN1078<br><\/p>\n\n\n\n<ul class=\"wp-block-list\">\n<li> Coque en polycarbonate <\/li>\n\n\n\n<li> Int\u00e9rieur en alcantara <\/li>\n\n\n\n<li> Mousse int\u00e9rieure en tissu respirant, d\u00e9montable et lavable <\/li>\n\n\n\n<li> Oreillettes amovibles <\/li>\n\n\n\n<li> Fermeture Fidlock <\/li>\n\n\n\n<li> Champ de vision large <\/li>\n\n\n\n<li> Visi\u00e8re homologu\u00e9e CE EN 166 &#8211; EN 14458 <\/li>\n\n\n\n<li> Visi\u00e8re solaire int\u00e9gr\u00e9e <\/li>\n\n\n\n<li> M\u00e9canisme de visi\u00e8re en aluminium <\/li>\n\n\n\n<li> \u00c9cran incolore anti-rayure fourni avec le casque <\/li>\n\n\n\n<li> Visi\u00e8re d\u00e9montable<\/li>\n\n\n\n<li> Multiples ventilations <\/li>\n\n\n\n<li> Livr\u00e9 avec une housse de transport <\/li>\n<\/ul>\n\n\n\n<p><strong>Prix public :<\/strong>&nbsp;179 \u20ac<\/p>\n\n\n\n<div class=\"wp-block-button aligncenter\"><a class=\"wp-block-button__link has-background wp-element-button\" href=\"https:\/\/marko-helmets.com\/\" style=\"border-radius:0px;background-color:#c39f76\" target=\"_blank\" rel=\"noreferrer noopener\">disponible sur marko helmets<\/a><\/div>\n","protected":false},"excerpt":{"rendered":"<p>La marque Marko Helmets a sorti son troisi\u00e8me casque de v\u00e9lo. Fort de son succ\u00e8s aupr\u00e8s de la mobilit\u00e9 douce, la marque sort un nouveau casque v\u00e9lo Le Cadence avec un design plus moderne qui s\u2019adapte \u00e0 tous les styles. Le casque v\u00e9lo Cadence de Marko Helmets se compose d&rsquo;une coque robuste enveloppante en polycarbonate homologu\u00e9 CE EN1078 et d&rsquo;une mousse int\u00e9rieure en tissu respirant, d\u00e9montable et lavable. Le Cadence garantit une protection efficace de la t\u00eate et tout particuli\u00e8rement la bo\u00eete cr\u00e2nienne lors d&rsquo;une chute puisqu&rsquo;il permet d&rsquo;amortir en douceur le choc. Les oreillettes sont amovibles et vous permettent d\u2019avoir chaud lors de la saison hivernale. Le cadence est compos\u00e9e de multiples ventilations pour faciliter l\u2019a\u00e9ration du casque lors des fortes chaleurs afin d&rsquo;\u00e9viter la transpiration. Il dispose d\u2019une visi\u00e8re d\u00e9montable claire ainsi qu\u2019une visi\u00e8re solaire int\u00e9gr\u00e9e pour plus de confort lors des journ\u00e9es ensoleill\u00e9es. Le casque est \u00e9quip\u00e9 d\u2019un \u00e9clairage situ\u00e9 \u00e0 l\u2019arri\u00e8re avec 3 intensit\u00e9s de lumi\u00e8re diff\u00e9rentes pour plus de visibilit\u00e9 et de s\u00e9curit\u00e9 lors de vos trajets. Simple d\u2019utilisation, il vous faudra bien ajuster le casque \u00e0 votre tour de t\u00eate \u00e0 l&rsquo;aide de sa molette r\u00e9glable et son syst\u00e8me de fermeture Fidlock qui apporte [&hellip;]<\/p>\n","protected":false},"author":1,"featured_media":0,"parent":988,"menu_order":3,"comment_status":"closed","ping_status":"closed","template":"","meta":{"footnotes":""},"class_list":["post-877","page","type-page","status-publish","hentry"],"_links":{"self":[{"href":"https:\/\/www.marko-helmets.com\/blog\/wp-json\/wp\/v2\/pages\/877","targetHints":{"allow":["GET"]}}],"collection":[{"href":"https:\/\/www.marko-helmets.com\/blog\/wp-json\/wp\/v2\/pages"}],"about":[{"href":"https:\/\/www.marko-helmets.com\/blog\/wp-json\/wp\/v2\/types\/page"}],"author":[{"embeddable":true,"href":"https:\/\/www.marko-helmets.com\/blog\/wp-json\/wp\/v2\/users\/1"}],"replies":[{"embeddable":true,"href":"https:\/\/www.marko-helmets.com\/blog\/wp-json\/wp\/v2\/comments?post=877"}],"version-history":[{"count":6,"href":"https:\/\/www.marko-helmets.com\/blog\/wp-json\/wp\/v2\/pages\/877\/revisions"}],"predecessor-version":[{"id":1590,"href":"https:\/\/www.marko-helmets.com\/blog\/wp-json\/wp\/v2\/pages\/877\/revisions\/1590"}],"up":[{"embeddable":true,"href":"https:\/\/www.marko-helmets.com\/blog\/wp-json\/wp\/v2\/pages\/988"}],"wp:attachment":[{"href":"https:\/\/www.marko-helmets.com\/blog\/wp-json\/wp\/v2\/media?parent=877"}],"curies":[{"name":"wp","href":"https:\/\/api.w.org\/{rel}","templated":true}]}}