{"id":865,"date":"2022-10-06T14:36:55","date_gmt":"2022-10-06T12:36:55","guid":{"rendered":"https:\/\/www.marko-helmets.com\/blog\/?page_id=865"},"modified":"2025-01-22T15:27:42","modified_gmt":"2025-01-22T13:27:42","slug":"le-casque-m-fiber-2","status":"publish","type":"page","link":"https:\/\/www.marko-helmets.com\/blog\/accueil\/les-casques-moto\/gamme-grand-tourisme\/le-casque-m-fiber-2\/","title":{"rendered":"Le casque M-Fiber 2"},"content":{"rendered":"\n<p><a href=\"https:\/\/marko-helmets.com\/\" target=\"_blank\" rel=\"noreferrer noopener\" aria-label=\"Marko Helmets (s\u2019ouvre dans un nouvel onglet)\">Marko Helmets<\/a> a con\u00e7u un casque sport-tourisme polyvalent, le M-Fiber 2. Ce casque est \u00e0 la fois parfait pour des petits trajets, que pour parcourir des centaines de kilom\u00e8tres sur voies rapides et cela peu importe votre conduite. <\/p>\n\n\n\n<figure class=\"wp-block-image size-large\"><img loading=\"lazy\" decoding=\"async\" width=\"1024\" height=\"819\" src=\"https:\/\/www.marko-helmets.com\/blog\/wp-content\/uploads\/2022\/10\/casque-m-fiber-2-marko-helmets-2-1024x819.png\" alt=\"\" class=\"wp-image-866\" srcset=\"https:\/\/www.marko-helmets.com\/blog\/wp-content\/uploads\/2022\/10\/casque-m-fiber-2-marko-helmets-2-1024x819.png 1024w, https:\/\/www.marko-helmets.com\/blog\/wp-content\/uploads\/2022\/10\/casque-m-fiber-2-marko-helmets-2-300x240.png 300w, https:\/\/www.marko-helmets.com\/blog\/wp-content\/uploads\/2022\/10\/casque-m-fiber-2-marko-helmets-2-768x614.png 768w, https:\/\/www.marko-helmets.com\/blog\/wp-content\/uploads\/2022\/10\/casque-m-fiber-2-marko-helmets-2-1536x1229.png 1536w, https:\/\/www.marko-helmets.com\/blog\/wp-content\/uploads\/2022\/10\/casque-m-fiber-2-marko-helmets-2-1080x864.png 1080w, https:\/\/www.marko-helmets.com\/blog\/wp-content\/uploads\/2022\/10\/casque-m-fiber-2-marko-helmets-2.png 2000w\" sizes=\"auto, (max-width: 1024px) 100vw, 1024px\" \/><\/figure>\n\n\n\n<p>La pratique du touring impose d\u2019avoir un casque confortable, ventil\u00e9 et a\u00e9rodynamique. Le M-Fiber 2 r\u00e9pond \u00e0 ses trois crit\u00e8res, il est pourvu d\u2019un int\u00e9rieur antibact\u00e9rien, d\u00e9montable et lavable, d\u2019une visi\u00e8re solaire int\u00e9gr\u00e9e ainsi qu\u2019une ventilation sup\u00e9rieure \u00e0 double fonction : pour un flux d&rsquo;air maximum l&rsquo;aspiration et l&rsquo;\u00e9vacuation d&rsquo;air op\u00e8rent simultan\u00e9ment. Son syst\u00e8me de ventilation performant, vous offrira le confort indispensable si vous baroudez sous un climat chaud. <\/p>\n\n\n\n<figure class=\"wp-block-image size-large\"><img loading=\"lazy\" decoding=\"async\" width=\"1024\" height=\"693\" src=\"https:\/\/www.marko-helmets.com\/blog\/wp-content\/uploads\/2022\/10\/Casque-M-fiber-2-marko-helmets-1024x693.png\" alt=\"\" class=\"wp-image-867\" srcset=\"https:\/\/www.marko-helmets.com\/blog\/wp-content\/uploads\/2022\/10\/Casque-M-fiber-2-marko-helmets-1024x693.png 1024w, https:\/\/www.marko-helmets.com\/blog\/wp-content\/uploads\/2022\/10\/Casque-M-fiber-2-marko-helmets-300x203.png 300w, https:\/\/www.marko-helmets.com\/blog\/wp-content\/uploads\/2022\/10\/Casque-M-fiber-2-marko-helmets-768x520.png 768w, https:\/\/www.marko-helmets.com\/blog\/wp-content\/uploads\/2022\/10\/Casque-M-fiber-2-marko-helmets-1536x1040.png 1536w, https:\/\/www.marko-helmets.com\/blog\/wp-content\/uploads\/2022\/10\/Casque-M-fiber-2-marko-helmets-1080x731.png 1080w, https:\/\/www.marko-helmets.com\/blog\/wp-content\/uploads\/2022\/10\/Casque-M-fiber-2-marko-helmets.png 2000w\" sizes=\"auto, (max-width: 1024px) 100vw, 1024px\" \/><\/figure>\n\n\n\n<p>Le casque est fourni avec un Pinlock, il est \u00e9galement pr\u00e9dispos\u00e9 pour accueillir un syst\u00e8me intercom ainsi que des lunettes de vue ou de soleil.  <\/p>\n\n\n\n<p>Le <a href=\"https:\/\/marko-helmets.com\/content\/18-le-casque-touring-m-fiber-2\" target=\"_blank\" rel=\"noreferrer noopener\" aria-label=\"M-fiber 2 (s\u2019ouvre dans un nouvel onglet)\">M-fiber 2<\/a> est disponible dans 5 coloris sobre, en brillant ou en mat. <\/p>\n\n\n\n<h2 class=\"wp-block-heading\">Casque M-Fiber 2 &#8211; Coloris<\/h2>\n\n\n\n<p>casque M-Fiber 2 &#8211; Titan Mat<\/p>\n\n\n\n<figure class=\"wp-block-image size-large is-resized\"><a href=\"https:\/\/marko-helmets.com\/casque-integral-m-fiber-2-marko-p-252-5138.html#\/2-taille-m\/121-couleur-titanium_mat\" target=\"_blank\" rel=\"noreferrer noopener\"><img loading=\"lazy\" decoding=\"async\" width=\"1024\" height=\"145\" src=\"https:\/\/www.marko-helmets.com\/blog\/wp-content\/uploads\/2022\/10\/Casque-M-fiber-2-titan-marko-helmets-1024x145.png\" alt=\"\" class=\"wp-image-868\" style=\"width:770px;height:auto\" srcset=\"https:\/\/www.marko-helmets.com\/blog\/wp-content\/uploads\/2022\/10\/Casque-M-fiber-2-titan-marko-helmets-1024x145.png 1024w, https:\/\/www.marko-helmets.com\/blog\/wp-content\/uploads\/2022\/10\/Casque-M-fiber-2-titan-marko-helmets-300x42.png 300w, https:\/\/www.marko-helmets.com\/blog\/wp-content\/uploads\/2022\/10\/Casque-M-fiber-2-titan-marko-helmets-768x109.png 768w, https:\/\/www.marko-helmets.com\/blog\/wp-content\/uploads\/2022\/10\/Casque-M-fiber-2-titan-marko-helmets-1536x217.png 1536w, https:\/\/www.marko-helmets.com\/blog\/wp-content\/uploads\/2022\/10\/Casque-M-fiber-2-titan-marko-helmets-2048x289.png 2048w, https:\/\/www.marko-helmets.com\/blog\/wp-content\/uploads\/2022\/10\/Casque-M-fiber-2-titan-marko-helmets-1080x153.png 1080w\" sizes=\"auto, (max-width: 1024px) 100vw, 1024px\" \/><\/a><\/figure>\n\n\n\n<p>Casque M-Fiber 2 &#8211; Black<\/p>\n\n\n\n<figure class=\"wp-block-image size-large\"><a href=\"https:\/\/marko-helmets.com\/casque-integral-m-fiber-2-marko-p-252-5156.html#\/2-taille-m\/108-couleur-noir\" target=\"_blank\" rel=\"noreferrer noopener\"><img loading=\"lazy\" decoding=\"async\" width=\"1024\" height=\"148\" src=\"https:\/\/www.marko-helmets.com\/blog\/wp-content\/uploads\/2022\/10\/Casque-M-fiber-2-black-marko-helmets-1024x148.png\" alt=\"\" class=\"wp-image-869\" srcset=\"https:\/\/www.marko-helmets.com\/blog\/wp-content\/uploads\/2022\/10\/Casque-M-fiber-2-black-marko-helmets-1024x148.png 1024w, https:\/\/www.marko-helmets.com\/blog\/wp-content\/uploads\/2022\/10\/Casque-M-fiber-2-black-marko-helmets-300x43.png 300w, https:\/\/www.marko-helmets.com\/blog\/wp-content\/uploads\/2022\/10\/Casque-M-fiber-2-black-marko-helmets-768x111.png 768w, https:\/\/www.marko-helmets.com\/blog\/wp-content\/uploads\/2022\/10\/Casque-M-fiber-2-black-marko-helmets-1536x221.png 1536w, https:\/\/www.marko-helmets.com\/blog\/wp-content\/uploads\/2022\/10\/Casque-M-fiber-2-black-marko-helmets-2048x295.png 2048w, https:\/\/www.marko-helmets.com\/blog\/wp-content\/uploads\/2022\/10\/Casque-M-fiber-2-black-marko-helmets-1080x156.png 1080w\" sizes=\"auto, (max-width: 1024px) 100vw, 1024px\" \/><\/a><\/figure>\n\n\n\n<p>Casque M-Fiber 2 &#8211; Blue Mat<\/p>\n\n\n\n<figure class=\"wp-block-image size-large\"><a href=\"https:\/\/marko-helmets.com\/casque-integral-m-fiber-2-marko-p-252-5150.html#\/2-taille-m\/128-couleur-bleu_mat\" target=\"_blank\" rel=\"noreferrer noopener\"><img loading=\"lazy\" decoding=\"async\" width=\"1024\" height=\"147\" src=\"https:\/\/www.marko-helmets.com\/blog\/wp-content\/uploads\/2022\/10\/Casque-M-fiber-2-blue-mat-marko-helmets-1024x147.png\" alt=\"\" class=\"wp-image-870\" srcset=\"https:\/\/www.marko-helmets.com\/blog\/wp-content\/uploads\/2022\/10\/Casque-M-fiber-2-blue-mat-marko-helmets-1024x147.png 1024w, https:\/\/www.marko-helmets.com\/blog\/wp-content\/uploads\/2022\/10\/Casque-M-fiber-2-blue-mat-marko-helmets-300x43.png 300w, https:\/\/www.marko-helmets.com\/blog\/wp-content\/uploads\/2022\/10\/Casque-M-fiber-2-blue-mat-marko-helmets-768x110.png 768w, https:\/\/www.marko-helmets.com\/blog\/wp-content\/uploads\/2022\/10\/Casque-M-fiber-2-blue-mat-marko-helmets-1536x220.png 1536w, https:\/\/www.marko-helmets.com\/blog\/wp-content\/uploads\/2022\/10\/Casque-M-fiber-2-blue-mat-marko-helmets-2048x293.png 2048w, https:\/\/www.marko-helmets.com\/blog\/wp-content\/uploads\/2022\/10\/Casque-M-fiber-2-blue-mat-marko-helmets-1080x155.png 1080w\" sizes=\"auto, (max-width: 1024px) 100vw, 1024px\" \/><\/a><\/figure>\n\n\n\n<p>Casque M-Fiber 2 &#8211; White<\/p>\n\n\n\n<figure class=\"wp-block-image size-large\"><a href=\"https:\/\/marko-helmets.com\/casque-integral-m-fiber-2-marko-p-252-5144.html#\/2-taille-m\/113-couleur-blanc\" target=\"_blank\" rel=\"noreferrer noopener\"><img loading=\"lazy\" decoding=\"async\" width=\"1024\" height=\"148\" src=\"https:\/\/www.marko-helmets.com\/blog\/wp-content\/uploads\/2022\/10\/Casque-M-fiber-2-white-marko-helmets-1024x148.png\" alt=\"\" class=\"wp-image-871\" srcset=\"https:\/\/www.marko-helmets.com\/blog\/wp-content\/uploads\/2022\/10\/Casque-M-fiber-2-white-marko-helmets-1024x148.png 1024w, https:\/\/www.marko-helmets.com\/blog\/wp-content\/uploads\/2022\/10\/Casque-M-fiber-2-white-marko-helmets-300x43.png 300w, https:\/\/www.marko-helmets.com\/blog\/wp-content\/uploads\/2022\/10\/Casque-M-fiber-2-white-marko-helmets-768x111.png 768w, https:\/\/www.marko-helmets.com\/blog\/wp-content\/uploads\/2022\/10\/Casque-M-fiber-2-white-marko-helmets-1536x221.png 1536w, https:\/\/www.marko-helmets.com\/blog\/wp-content\/uploads\/2022\/10\/Casque-M-fiber-2-white-marko-helmets-2048x295.png 2048w, https:\/\/www.marko-helmets.com\/blog\/wp-content\/uploads\/2022\/10\/Casque-M-fiber-2-white-marko-helmets-1080x156.png 1080w\" sizes=\"auto, (max-width: 1024px) 100vw, 1024px\" \/><\/a><\/figure>\n\n\n\n<p>Casque M-Fiber 2 &#8211; Black Mat<\/p>\n\n\n\n<figure class=\"wp-block-image size-large\"><a href=\"https:\/\/marko-helmets.com\/casque-integral-m-fiber-2-marko-p-252-5132.html#\/2-taille-m\/117-couleur-noir_mat\" target=\"_blank\" rel=\"noreferrer noopener\"><img loading=\"lazy\" decoding=\"async\" width=\"1024\" height=\"146\" src=\"https:\/\/www.marko-helmets.com\/blog\/wp-content\/uploads\/2022\/10\/Casque-M-fiber-2-black-mat-marko-helmets-1024x146.png\" alt=\"\" class=\"wp-image-872\" srcset=\"https:\/\/www.marko-helmets.com\/blog\/wp-content\/uploads\/2022\/10\/Casque-M-fiber-2-black-mat-marko-helmets-1024x146.png 1024w, https:\/\/www.marko-helmets.com\/blog\/wp-content\/uploads\/2022\/10\/Casque-M-fiber-2-black-mat-marko-helmets-300x43.png 300w, https:\/\/www.marko-helmets.com\/blog\/wp-content\/uploads\/2022\/10\/Casque-M-fiber-2-black-mat-marko-helmets-768x110.png 768w, https:\/\/www.marko-helmets.com\/blog\/wp-content\/uploads\/2022\/10\/Casque-M-fiber-2-black-mat-marko-helmets-1536x219.png 1536w, https:\/\/www.marko-helmets.com\/blog\/wp-content\/uploads\/2022\/10\/Casque-M-fiber-2-black-mat-marko-helmets-2048x292.png 2048w, https:\/\/www.marko-helmets.com\/blog\/wp-content\/uploads\/2022\/10\/Casque-M-fiber-2-black-mat-marko-helmets-1080x154.png 1080w\" sizes=\"auto, (max-width: 1024px) 100vw, 1024px\" \/><\/a><\/figure>\n\n\n\n<h2 class=\"wp-block-heading\">Les accessoires :<\/h2>\n\n\n\n<p>Les visi\u00e8res du M-Fiber 2<\/p>\n\n\n\n<figure class=\"wp-block-image size-large\"><a href=\"https:\/\/marko-helmets.com\/visiere-casque-moto-m-fiber-2-marko-helmets-p-271-5482.html#\/4-taille-taille_unique\/151-couleur-noir_fume\" target=\"_blank\" rel=\"noreferrer noopener\"><img loading=\"lazy\" decoding=\"async\" width=\"1024\" height=\"161\" src=\"https:\/\/www.marko-helmets.com\/blog\/wp-content\/uploads\/2022\/10\/Visi\u00e8res-M-fiber-2-marko-helmets-1024x161.png\" alt=\"\" class=\"wp-image-873\" srcset=\"https:\/\/www.marko-helmets.com\/blog\/wp-content\/uploads\/2022\/10\/Visi\u00e8res-M-fiber-2-marko-helmets-1024x161.png 1024w, https:\/\/www.marko-helmets.com\/blog\/wp-content\/uploads\/2022\/10\/Visi\u00e8res-M-fiber-2-marko-helmets-300x47.png 300w, https:\/\/www.marko-helmets.com\/blog\/wp-content\/uploads\/2022\/10\/Visi\u00e8res-M-fiber-2-marko-helmets-768x121.png 768w, https:\/\/www.marko-helmets.com\/blog\/wp-content\/uploads\/2022\/10\/Visi\u00e8res-M-fiber-2-marko-helmets-1536x241.png 1536w, https:\/\/www.marko-helmets.com\/blog\/wp-content\/uploads\/2022\/10\/Visi\u00e8res-M-fiber-2-marko-helmets-2048x322.png 2048w, https:\/\/www.marko-helmets.com\/blog\/wp-content\/uploads\/2022\/10\/Visi\u00e8res-M-fiber-2-marko-helmets-1080x170.png 1080w\" sizes=\"auto, (max-width: 1024px) 100vw, 1024px\" \/><\/a><\/figure>\n\n\n\n<h2 class=\"wp-block-heading\">Les caract\u00e9ristiques techniques du casque :<\/h2>\n\n\n\n<p><strong>Tailles :<\/strong> XS \u00e0 XL.&nbsp;<\/p>\n\n\n\n<p><strong>Poids :<\/strong> 1350g ( +\/- 50g )<\/p>\n\n\n\n<p><strong>Homologation :<\/strong> ecer22-05 <\/p>\n\n\n\n<ul class=\"wp-block-list\">\n<li> Syst\u00e8me de d\u00e9montage rapide des mousses de joues en cas d&rsquo;urgence <\/li>\n\n\n\n<li> Fermeture de la jugulaire par boucle microm\u00e9trique en acier inoxydable <\/li>\n\n\n\n<li> \u00c9cran incolore trait\u00e9 anti-UV et pr\u00e9dispos\u00e9 Pinlock <\/li>\n\n\n\n<li> \u00c9cran pare-soleil interne fum\u00e9 int\u00e9gr\u00e9, trait\u00e9 anti bu\u00e9e et anti rayure <\/li>\n\n\n\n<li> Champ de vision agrandie offre une visibilit\u00e9 optimale <\/li>\n\n\n\n<li> Syst\u00e8me de remplacement de l&rsquo;\u00e9cran EASY LOCK <\/li>\n\n\n\n<li> Ventilation sup\u00e9rieure \u00e0 double fonction <\/li>\n\n\n\n<li> Int\u00e9rieur d\u00e9montable et lavable <\/li>\n\n\n\n<li> Pr\u00e9dispos\u00e9 \u00e0 int\u00e9grer le syst\u00e8me de communication <\/li>\n\n\n\n<li> Livr\u00e9 avec une lentille Pinlock 70 <\/li>\n\n\n\n<li> Livr\u00e9 avec une housse de transport et des stickers r\u00e9fl\u00e9chissants <\/li>\n<\/ul>\n\n\n\n<p><strong>Prix public :<\/strong> 249 \u20ac<\/p>\n\n\n\n<div class=\"wp-block-button aligncenter\"><a class=\"wp-block-button__link has-text-color has-background wp-element-button\" href=\"https:\/\/marko-helmets.com\/\" style=\"border-radius:0px;color:#ffffff;background-color:#c39f76\" target=\"_blank\" rel=\"noreferrer noopener\">disponible sur marko helmets<\/a><\/div>\n","protected":false},"excerpt":{"rendered":"<p>Marko Helmets a con\u00e7u un casque sport-tourisme polyvalent, le M-Fiber 2. Ce casque est \u00e0 la fois parfait pour des petits trajets, que pour parcourir des centaines de kilom\u00e8tres sur voies rapides et cela peu importe votre conduite. La pratique du touring impose d\u2019avoir un casque confortable, ventil\u00e9 et a\u00e9rodynamique. Le M-Fiber 2 r\u00e9pond \u00e0 ses trois crit\u00e8res, il est pourvu d\u2019un int\u00e9rieur antibact\u00e9rien, d\u00e9montable et lavable, d\u2019une visi\u00e8re solaire int\u00e9gr\u00e9e ainsi qu\u2019une ventilation sup\u00e9rieure \u00e0 double fonction : pour un flux d&rsquo;air maximum l&rsquo;aspiration et l&rsquo;\u00e9vacuation d&rsquo;air op\u00e8rent simultan\u00e9ment. Son syst\u00e8me de ventilation performant, vous offrira le confort indispensable si vous baroudez sous un climat chaud. Le casque est fourni avec un Pinlock, il est \u00e9galement pr\u00e9dispos\u00e9 pour accueillir un syst\u00e8me intercom ainsi que des lunettes de vue ou de soleil. Le M-fiber 2 est disponible dans 5 coloris sobre, en brillant ou en mat. Casque M-Fiber 2 &#8211; Coloris casque M-Fiber 2 &#8211; Titan Mat Casque M-Fiber 2 &#8211; Black Casque M-Fiber 2 &#8211; Blue Mat Casque M-Fiber 2 &#8211; White Casque M-Fiber 2 &#8211; Black Mat Les accessoires : Les visi\u00e8res du M-Fiber 2 Les caract\u00e9ristiques techniques du casque : Tailles : XS \u00e0 XL.&nbsp; Poids : [&hellip;]<\/p>\n","protected":false},"author":1,"featured_media":0,"parent":1005,"menu_order":2,"comment_status":"closed","ping_status":"closed","template":"","meta":{"footnotes":""},"class_list":["post-865","page","type-page","status-publish","hentry"],"_links":{"self":[{"href":"https:\/\/www.marko-helmets.com\/blog\/wp-json\/wp\/v2\/pages\/865","targetHints":{"allow":["GET"]}}],"collection":[{"href":"https:\/\/www.marko-helmets.com\/blog\/wp-json\/wp\/v2\/pages"}],"about":[{"href":"https:\/\/www.marko-helmets.com\/blog\/wp-json\/wp\/v2\/types\/page"}],"author":[{"embeddable":true,"href":"https:\/\/www.marko-helmets.com\/blog\/wp-json\/wp\/v2\/users\/1"}],"replies":[{"embeddable":true,"href":"https:\/\/www.marko-helmets.com\/blog\/wp-json\/wp\/v2\/comments?post=865"}],"version-history":[{"count":5,"href":"https:\/\/www.marko-helmets.com\/blog\/wp-json\/wp\/v2\/pages\/865\/revisions"}],"predecessor-version":[{"id":1583,"href":"https:\/\/www.marko-helmets.com\/blog\/wp-json\/wp\/v2\/pages\/865\/revisions\/1583"}],"up":[{"embeddable":true,"href":"https:\/\/www.marko-helmets.com\/blog\/wp-json\/wp\/v2\/pages\/1005"}],"wp:attachment":[{"href":"https:\/\/www.marko-helmets.com\/blog\/wp-json\/wp\/v2\/media?parent=865"}],"curies":[{"name":"wp","href":"https:\/\/api.w.org\/{rel}","templated":true}]}}