{"id":838,"date":"2022-09-16T11:55:56","date_gmt":"2022-09-16T09:55:56","guid":{"rendered":"https:\/\/www.marko-helmets.com\/blog\/?page_id=838"},"modified":"2025-01-22T15:34:13","modified_gmt":"2025-01-22T13:34:13","slug":"le-casque-tempo","status":"publish","type":"page","link":"https:\/\/www.marko-helmets.com\/blog\/accueil\/les-casques-velo\/le-casque-tempo\/","title":{"rendered":"Le casque Tempo"},"content":{"rendered":"\n<p>Apr\u00e8s le lancement de son premier casque v\u00e9lo Le Tandem en 2021. <a href=\"https:\/\/marko-helmets.com\/\" target=\"_blank\" rel=\"noreferrer noopener\" aria-label=\"Marko Helmets (s\u2019ouvre dans un nouvel onglet)\">Marko Helmets<\/a> revient avec un nouveau casque, le Tempo.&nbsp; Son design vintage et \u00e9l\u00e9gant saura satisfaire autant les hommes que les femmes pour les trajets quotidiens ou occasionnels. Il est le partenaire id\u00e9al pour les amateurs de mobilit\u00e9 douce (V\u00e9lo, trottinette, skate\u2026).<\/p>\n\n\n\n<figure class=\"wp-block-image size-large\"><img loading=\"lazy\" decoding=\"async\" width=\"1024\" height=\"650\" src=\"https:\/\/www.marko-helmets.com\/blog\/wp-content\/uploads\/2022\/09\/Marko-helmet-bike-warren-lecart-127-1024x650.jpg\" alt=\"\" class=\"wp-image-839\" srcset=\"https:\/\/www.marko-helmets.com\/blog\/wp-content\/uploads\/2022\/09\/Marko-helmet-bike-warren-lecart-127-1024x650.jpg 1024w, https:\/\/www.marko-helmets.com\/blog\/wp-content\/uploads\/2022\/09\/Marko-helmet-bike-warren-lecart-127-300x191.jpg 300w, https:\/\/www.marko-helmets.com\/blog\/wp-content\/uploads\/2022\/09\/Marko-helmet-bike-warren-lecart-127-768x488.jpg 768w, https:\/\/www.marko-helmets.com\/blog\/wp-content\/uploads\/2022\/09\/Marko-helmet-bike-warren-lecart-127-1536x975.jpg 1536w, https:\/\/www.marko-helmets.com\/blog\/wp-content\/uploads\/2022\/09\/Marko-helmet-bike-warren-lecart-127-1080x686.jpg 1080w, https:\/\/www.marko-helmets.com\/blog\/wp-content\/uploads\/2022\/09\/Marko-helmet-bike-warren-lecart-127.jpg 1600w\" sizes=\"auto, (max-width: 1024px) 100vw, 1024px\" \/><\/figure>\n\n\n\n<p>Le <a href=\"https:\/\/marko-helmets.com\/content\/33-casque-velo-vintage-trotinette-tempo\" target=\"_blank\" rel=\"noreferrer noopener\" aria-label=\"casque Tempo (s\u2019ouvre dans un nouvel onglet)\">casque Tempo<\/a> garantit une protection efficace de la bo\u00eete cr\u00e2nienne gr\u00e2ce \u00e0 sa coque robuste en polycarbonate homologu\u00e9 CE EN1078. Il est compos\u00e9 d\u2019un int\u00e9rieur en polystyr\u00e8ne et des mousses d\u00e9montables et lavable pour plus de confort ainsi qu\u2019une ventilation cons\u00e9quente avec 10 bouches d\u2019a\u00e9ration pour une meilleure respiration du casque. <\/p>\n\n\n\n<figure class=\"wp-block-image size-large\"><img loading=\"lazy\" decoding=\"async\" width=\"1024\" height=\"695\" src=\"https:\/\/www.marko-helmets.com\/blog\/wp-content\/uploads\/2022\/09\/Casque-v\u00e9lo-tempo-de-Marko-Helmets-2-1024x695.png\" alt=\"\" class=\"wp-image-841\" srcset=\"https:\/\/www.marko-helmets.com\/blog\/wp-content\/uploads\/2022\/09\/Casque-v\u00e9lo-tempo-de-Marko-Helmets-2-1024x695.png 1024w, https:\/\/www.marko-helmets.com\/blog\/wp-content\/uploads\/2022\/09\/Casque-v\u00e9lo-tempo-de-Marko-Helmets-2-300x204.png 300w, https:\/\/www.marko-helmets.com\/blog\/wp-content\/uploads\/2022\/09\/Casque-v\u00e9lo-tempo-de-Marko-Helmets-2-768x521.png 768w, https:\/\/www.marko-helmets.com\/blog\/wp-content\/uploads\/2022\/09\/Casque-v\u00e9lo-tempo-de-Marko-Helmets-2-1536x1043.png 1536w, https:\/\/www.marko-helmets.com\/blog\/wp-content\/uploads\/2022\/09\/Casque-v\u00e9lo-tempo-de-Marko-Helmets-2-1080x733.png 1080w, https:\/\/www.marko-helmets.com\/blog\/wp-content\/uploads\/2022\/09\/Casque-v\u00e9lo-tempo-de-Marko-Helmets-2.png 2000w\" sizes=\"auto, (max-width: 1024px) 100vw, 1024px\" \/><\/figure>\n\n\n\n<p>Le casque est \u00e9quip\u00e9 d\u2019un \u00e9clairage situ\u00e9 \u00e0 l\u2019arri\u00e8re avec 3 intensit\u00e9s de lumi\u00e8re diff\u00e9rentes pour plus de visibilit\u00e9 et de s\u00e9curit\u00e9 lors des d\u00e9placements des usagers. Simple d\u2019utilisation, Il suffira de bien ajuster le casque \u00e0 votre tour de t\u00eate gr\u00e2ce \u00e0 son syst\u00e8me de molette de r\u00e9glage et de celle des sangles. Le casque est dot\u00e9 d\u2019une fermeture Fidlock pour plus de praticit\u00e9 et rapidit\u00e9 lors du verrouillage et d\u00e9verrouillage. <\/p>\n\n\n\n<figure class=\"wp-block-image size-large\"><img loading=\"lazy\" decoding=\"async\" width=\"1024\" height=\"658\" src=\"https:\/\/www.marko-helmets.com\/blog\/wp-content\/uploads\/2022\/09\/Casque-v\u00e9lo-tempo-de-Marko-helmets-1024x658.png\" alt=\"\" class=\"wp-image-840\" srcset=\"https:\/\/www.marko-helmets.com\/blog\/wp-content\/uploads\/2022\/09\/Casque-v\u00e9lo-tempo-de-Marko-helmets-1024x658.png 1024w, https:\/\/www.marko-helmets.com\/blog\/wp-content\/uploads\/2022\/09\/Casque-v\u00e9lo-tempo-de-Marko-helmets-300x193.png 300w, https:\/\/www.marko-helmets.com\/blog\/wp-content\/uploads\/2022\/09\/Casque-v\u00e9lo-tempo-de-Marko-helmets-768x493.png 768w, https:\/\/www.marko-helmets.com\/blog\/wp-content\/uploads\/2022\/09\/Casque-v\u00e9lo-tempo-de-Marko-helmets-1536x987.png 1536w, https:\/\/www.marko-helmets.com\/blog\/wp-content\/uploads\/2022\/09\/Casque-v\u00e9lo-tempo-de-Marko-helmets-1080x694.png 1080w, https:\/\/www.marko-helmets.com\/blog\/wp-content\/uploads\/2022\/09\/Casque-v\u00e9lo-tempo-de-Marko-helmets.png 2000w\" sizes=\"auto, (max-width: 1024px) 100vw, 1024px\" \/><\/figure>\n\n\n\n<p>Le Tempo est disponible dans huit coloris \u00e0 la fois sobres pour certaines et \u00e9clatants pour d\u2019autres afin d\u2019apporter le plus de choix possible aux utilisateurs, dans un look r\u00e9tro et urbain pour apporter s\u00e9curit\u00e9 en e-bike en cas de chute.<\/p>\n\n\n\n<h2 class=\"wp-block-heading\">Casque Tempo &#8211; Coloris<\/h2>\n\n\n\n<p>Casque v\u00e9lo Tempo Marko &#8211; Gris<\/p>\n\n\n\n<figure class=\"wp-block-image size-large is-resized\"><a href=\"https:\/\/marko-helmets.com\/casque-velo-tempo-marko-helmets-p-312-6811.html#\/3-taille-l\/146-couleur-gris_mat\" target=\"_blank\" rel=\"noreferrer noopener\"><img loading=\"lazy\" decoding=\"async\" width=\"1024\" height=\"159\" src=\"https:\/\/www.marko-helmets.com\/blog\/wp-content\/uploads\/2022\/09\/Casque-v\u00e9lo-Tempo-de-Marko-helmets-gris-1024x159.png\" alt=\"\" class=\"wp-image-842\" style=\"width:770px;height:auto\" srcset=\"https:\/\/www.marko-helmets.com\/blog\/wp-content\/uploads\/2022\/09\/Casque-v\u00e9lo-Tempo-de-Marko-helmets-gris-1024x159.png 1024w, https:\/\/www.marko-helmets.com\/blog\/wp-content\/uploads\/2022\/09\/Casque-v\u00e9lo-Tempo-de-Marko-helmets-gris-300x46.png 300w, https:\/\/www.marko-helmets.com\/blog\/wp-content\/uploads\/2022\/09\/Casque-v\u00e9lo-Tempo-de-Marko-helmets-gris-768x119.png 768w, https:\/\/www.marko-helmets.com\/blog\/wp-content\/uploads\/2022\/09\/Casque-v\u00e9lo-Tempo-de-Marko-helmets-gris-1536x238.png 1536w, https:\/\/www.marko-helmets.com\/blog\/wp-content\/uploads\/2022\/09\/Casque-v\u00e9lo-Tempo-de-Marko-helmets-gris-2048x317.png 2048w, https:\/\/www.marko-helmets.com\/blog\/wp-content\/uploads\/2022\/09\/Casque-v\u00e9lo-Tempo-de-Marko-helmets-gris-1080x167.png 1080w\" sizes=\"auto, (max-width: 1024px) 100vw, 1024px\" \/><\/a><\/figure>\n\n\n\n<p>Casque v\u00e9lo Tempo Marko &#8211; Bleu mat<\/p>\n\n\n\n<figure class=\"wp-block-image size-large\"><a href=\"https:\/\/marko-helmets.com\/casque-velo-tempo-marko-helmets-p-312-6823.html#\/3-taille-l\/128-couleur-bleu_mat\" target=\"_blank\" rel=\"noreferrer noopener\"><img loading=\"lazy\" decoding=\"async\" width=\"1024\" height=\"162\" src=\"https:\/\/www.marko-helmets.com\/blog\/wp-content\/uploads\/2022\/09\/Casque-v\u00e9lo-Tempo-de-Marko-helmets-bleu-mat-1024x162.png\" alt=\"\" class=\"wp-image-843\" srcset=\"https:\/\/www.marko-helmets.com\/blog\/wp-content\/uploads\/2022\/09\/Casque-v\u00e9lo-Tempo-de-Marko-helmets-bleu-mat-1024x162.png 1024w, https:\/\/www.marko-helmets.com\/blog\/wp-content\/uploads\/2022\/09\/Casque-v\u00e9lo-Tempo-de-Marko-helmets-bleu-mat-300x48.png 300w, https:\/\/www.marko-helmets.com\/blog\/wp-content\/uploads\/2022\/09\/Casque-v\u00e9lo-Tempo-de-Marko-helmets-bleu-mat-768x122.png 768w, https:\/\/www.marko-helmets.com\/blog\/wp-content\/uploads\/2022\/09\/Casque-v\u00e9lo-Tempo-de-Marko-helmets-bleu-mat-1536x244.png 1536w, https:\/\/www.marko-helmets.com\/blog\/wp-content\/uploads\/2022\/09\/Casque-v\u00e9lo-Tempo-de-Marko-helmets-bleu-mat-2048x325.png 2048w, https:\/\/www.marko-helmets.com\/blog\/wp-content\/uploads\/2022\/09\/Casque-v\u00e9lo-Tempo-de-Marko-helmets-bleu-mat-1080x171.png 1080w\" sizes=\"auto, (max-width: 1024px) 100vw, 1024px\" \/><\/a><\/figure>\n\n\n\n<p>Casque v\u00e9lo Tempo Marko &#8211; Champagne<\/p>\n\n\n\n<figure class=\"wp-block-image size-large\"><a href=\"https:\/\/marko-helmets.com\/casque-velo-tempo-marko-helmets-p-312-5721.html#\/3-taille-l\/124-couleur-champagne\" target=\"_blank\" rel=\"noreferrer noopener\"><img loading=\"lazy\" decoding=\"async\" width=\"1024\" height=\"169\" src=\"https:\/\/www.marko-helmets.com\/blog\/wp-content\/uploads\/2022\/09\/Casque-v\u00e9lo-Tempo-de-Marko-helmets-champagne-1024x169.png\" alt=\"\" class=\"wp-image-844\" srcset=\"https:\/\/www.marko-helmets.com\/blog\/wp-content\/uploads\/2022\/09\/Casque-v\u00e9lo-Tempo-de-Marko-helmets-champagne-1024x169.png 1024w, https:\/\/www.marko-helmets.com\/blog\/wp-content\/uploads\/2022\/09\/Casque-v\u00e9lo-Tempo-de-Marko-helmets-champagne-300x49.png 300w, https:\/\/www.marko-helmets.com\/blog\/wp-content\/uploads\/2022\/09\/Casque-v\u00e9lo-Tempo-de-Marko-helmets-champagne-768x126.png 768w, https:\/\/www.marko-helmets.com\/blog\/wp-content\/uploads\/2022\/09\/Casque-v\u00e9lo-Tempo-de-Marko-helmets-champagne-1536x253.png 1536w, https:\/\/www.marko-helmets.com\/blog\/wp-content\/uploads\/2022\/09\/Casque-v\u00e9lo-Tempo-de-Marko-helmets-champagne-2048x337.png 2048w, https:\/\/www.marko-helmets.com\/blog\/wp-content\/uploads\/2022\/09\/Casque-v\u00e9lo-Tempo-de-Marko-helmets-champagne-1080x178.png 1080w\" sizes=\"auto, (max-width: 1024px) 100vw, 1024px\" \/><\/a><\/figure>\n\n\n\n<p>Casque v\u00e9lo Tempo Marko &#8211; Silver metalized<\/p>\n\n\n\n<figure class=\"wp-block-image size-large\"><a href=\"https:\/\/marko-helmets.com\/casque-velo-tempo-marko-helmets-p-312-6808.html#\/3-taille-l\/168-couleur-gris\" target=\"_blank\" rel=\"noreferrer noopener\"><img loading=\"lazy\" decoding=\"async\" width=\"1024\" height=\"159\" src=\"https:\/\/www.marko-helmets.com\/blog\/wp-content\/uploads\/2022\/09\/Casque-v\u00e9lo-Tempo-de-Marko-helmets-silver-m\u00e9talized-1024x159.png\" alt=\"\" class=\"wp-image-845\" srcset=\"https:\/\/www.marko-helmets.com\/blog\/wp-content\/uploads\/2022\/09\/Casque-v\u00e9lo-Tempo-de-Marko-helmets-silver-m\u00e9talized-1024x159.png 1024w, https:\/\/www.marko-helmets.com\/blog\/wp-content\/uploads\/2022\/09\/Casque-v\u00e9lo-Tempo-de-Marko-helmets-silver-m\u00e9talized-300x47.png 300w, https:\/\/www.marko-helmets.com\/blog\/wp-content\/uploads\/2022\/09\/Casque-v\u00e9lo-Tempo-de-Marko-helmets-silver-m\u00e9talized-768x119.png 768w, https:\/\/www.marko-helmets.com\/blog\/wp-content\/uploads\/2022\/09\/Casque-v\u00e9lo-Tempo-de-Marko-helmets-silver-m\u00e9talized-1536x238.png 1536w, https:\/\/www.marko-helmets.com\/blog\/wp-content\/uploads\/2022\/09\/Casque-v\u00e9lo-Tempo-de-Marko-helmets-silver-m\u00e9talized-2048x318.png 2048w, https:\/\/www.marko-helmets.com\/blog\/wp-content\/uploads\/2022\/09\/Casque-v\u00e9lo-Tempo-de-Marko-helmets-silver-m\u00e9talized-1080x168.png 1080w\" sizes=\"auto, (max-width: 1024px) 100vw, 1024px\" \/><\/a><\/figure>\n\n\n\n<p>Casque v\u00e9lo Tempo Marko &#8211; Kaki<\/p>\n\n\n\n<figure class=\"wp-block-image size-large\"><a href=\"https:\/\/marko-helmets.com\/casque-velo-tempo-marko-helmets-p-312-6814.html#\/3-taille-l\/167-couleur-kaki_mat\" target=\"_blank\" rel=\"noreferrer noopener\"><img loading=\"lazy\" decoding=\"async\" width=\"1024\" height=\"158\" src=\"https:\/\/www.marko-helmets.com\/blog\/wp-content\/uploads\/2022\/09\/Casque-v\u00e9lo-Tempo-de-Marko-helmets-kaki-1024x158.png\" alt=\"\" class=\"wp-image-846\" srcset=\"https:\/\/www.marko-helmets.com\/blog\/wp-content\/uploads\/2022\/09\/Casque-v\u00e9lo-Tempo-de-Marko-helmets-kaki-1024x158.png 1024w, https:\/\/www.marko-helmets.com\/blog\/wp-content\/uploads\/2022\/09\/Casque-v\u00e9lo-Tempo-de-Marko-helmets-kaki-300x46.png 300w, https:\/\/www.marko-helmets.com\/blog\/wp-content\/uploads\/2022\/09\/Casque-v\u00e9lo-Tempo-de-Marko-helmets-kaki-768x119.png 768w, https:\/\/www.marko-helmets.com\/blog\/wp-content\/uploads\/2022\/09\/Casque-v\u00e9lo-Tempo-de-Marko-helmets-kaki-1536x237.png 1536w, https:\/\/www.marko-helmets.com\/blog\/wp-content\/uploads\/2022\/09\/Casque-v\u00e9lo-Tempo-de-Marko-helmets-kaki-2048x316.png 2048w, https:\/\/www.marko-helmets.com\/blog\/wp-content\/uploads\/2022\/09\/Casque-v\u00e9lo-Tempo-de-Marko-helmets-kaki-1080x167.png 1080w\" sizes=\"auto, (max-width: 1024px) 100vw, 1024px\" \/><\/a><\/figure>\n\n\n\n<p>Casque v\u00e9lo Tempo Marko &#8211; Pink gold<\/p>\n\n\n\n<figure class=\"wp-block-image size-large\"><a href=\"https:\/\/marko-helmets.com\/casque-velo-tempo-marko-helmets-p-312-6820.html#\/3-taille-l\/165-couleur-pink_gold\" target=\"_blank\" rel=\"noreferrer noopener\"><img loading=\"lazy\" decoding=\"async\" width=\"1024\" height=\"156\" src=\"https:\/\/www.marko-helmets.com\/blog\/wp-content\/uploads\/2022\/09\/Casque-v\u00e9lo-Tempo-de-Marko-helmets-pink-gold-1024x156.png\" alt=\"\" class=\"wp-image-847\" srcset=\"https:\/\/www.marko-helmets.com\/blog\/wp-content\/uploads\/2022\/09\/Casque-v\u00e9lo-Tempo-de-Marko-helmets-pink-gold-1024x156.png 1024w, https:\/\/www.marko-helmets.com\/blog\/wp-content\/uploads\/2022\/09\/Casque-v\u00e9lo-Tempo-de-Marko-helmets-pink-gold-300x46.png 300w, https:\/\/www.marko-helmets.com\/blog\/wp-content\/uploads\/2022\/09\/Casque-v\u00e9lo-Tempo-de-Marko-helmets-pink-gold-768x117.png 768w, https:\/\/www.marko-helmets.com\/blog\/wp-content\/uploads\/2022\/09\/Casque-v\u00e9lo-Tempo-de-Marko-helmets-pink-gold-1536x234.png 1536w, https:\/\/www.marko-helmets.com\/blog\/wp-content\/uploads\/2022\/09\/Casque-v\u00e9lo-Tempo-de-Marko-helmets-pink-gold-2048x312.png 2048w, https:\/\/www.marko-helmets.com\/blog\/wp-content\/uploads\/2022\/09\/Casque-v\u00e9lo-Tempo-de-Marko-helmets-pink-gold-1080x165.png 1080w\" sizes=\"auto, (max-width: 1024px) 100vw, 1024px\" \/><\/a><\/figure>\n\n\n\n<p>Casque v\u00e9lo Tempo Marko &#8211; Black mat<\/p>\n\n\n\n<figure class=\"wp-block-image size-large\"><a href=\"https:\/\/marko-helmets.com\/casque-velo-tempo-marko-helmets-p-312-6826.html#\/3-taille-l\/117-couleur-noir_mat\" target=\"_blank\" rel=\"noreferrer noopener\"><img loading=\"lazy\" decoding=\"async\" width=\"1024\" height=\"168\" src=\"https:\/\/www.marko-helmets.com\/blog\/wp-content\/uploads\/2022\/09\/Casque-v\u00e9lo-Tempo-de-Marko-helmets-black-mat-1024x168.png\" alt=\"\" class=\"wp-image-848\" srcset=\"https:\/\/www.marko-helmets.com\/blog\/wp-content\/uploads\/2022\/09\/Casque-v\u00e9lo-Tempo-de-Marko-helmets-black-mat-1024x168.png 1024w, https:\/\/www.marko-helmets.com\/blog\/wp-content\/uploads\/2022\/09\/Casque-v\u00e9lo-Tempo-de-Marko-helmets-black-mat-300x49.png 300w, https:\/\/www.marko-helmets.com\/blog\/wp-content\/uploads\/2022\/09\/Casque-v\u00e9lo-Tempo-de-Marko-helmets-black-mat-768x126.png 768w, https:\/\/www.marko-helmets.com\/blog\/wp-content\/uploads\/2022\/09\/Casque-v\u00e9lo-Tempo-de-Marko-helmets-black-mat-1536x252.png 1536w, https:\/\/www.marko-helmets.com\/blog\/wp-content\/uploads\/2022\/09\/Casque-v\u00e9lo-Tempo-de-Marko-helmets-black-mat-2048x336.png 2048w, https:\/\/www.marko-helmets.com\/blog\/wp-content\/uploads\/2022\/09\/Casque-v\u00e9lo-Tempo-de-Marko-helmets-black-mat-1080x177.png 1080w\" sizes=\"auto, (max-width: 1024px) 100vw, 1024px\" \/><\/a><\/figure>\n\n\n\n<p>Casque v\u00e9lo Tempo Marko &#8211; Gris mat<\/p>\n\n\n\n<figure class=\"wp-block-image size-large\"><a href=\"https:\/\/marko-helmets.com\/casque-velo-tempo-marko-helmets-p-312-6811.html#\/3-taille-l\/146-couleur-gris_mat\" target=\"_blank\" rel=\"noreferrer noopener\"><img loading=\"lazy\" decoding=\"async\" width=\"1024\" height=\"157\" src=\"https:\/\/www.marko-helmets.com\/blog\/wp-content\/uploads\/2022\/09\/Casque-v\u00e9lo-Tempo-de-Marko-helmets-gris-mat-1024x157.png\" alt=\"\" class=\"wp-image-849\" srcset=\"https:\/\/www.marko-helmets.com\/blog\/wp-content\/uploads\/2022\/09\/Casque-v\u00e9lo-Tempo-de-Marko-helmets-gris-mat-1024x157.png 1024w, https:\/\/www.marko-helmets.com\/blog\/wp-content\/uploads\/2022\/09\/Casque-v\u00e9lo-Tempo-de-Marko-helmets-gris-mat-300x46.png 300w, https:\/\/www.marko-helmets.com\/blog\/wp-content\/uploads\/2022\/09\/Casque-v\u00e9lo-Tempo-de-Marko-helmets-gris-mat-768x117.png 768w, https:\/\/www.marko-helmets.com\/blog\/wp-content\/uploads\/2022\/09\/Casque-v\u00e9lo-Tempo-de-Marko-helmets-gris-mat-1536x235.png 1536w, https:\/\/www.marko-helmets.com\/blog\/wp-content\/uploads\/2022\/09\/Casque-v\u00e9lo-Tempo-de-Marko-helmets-gris-mat-2048x313.png 2048w, https:\/\/www.marko-helmets.com\/blog\/wp-content\/uploads\/2022\/09\/Casque-v\u00e9lo-Tempo-de-Marko-helmets-gris-mat-1080x165.png 1080w\" sizes=\"auto, (max-width: 1024px) 100vw, 1024px\" \/><\/a><\/figure>\n\n\n\n<h2 class=\"wp-block-heading\">Les caract\u00e9ristiques techniques du casque :<\/h2>\n\n\n\n<p><strong>Tailles :<\/strong> S\/M\/L<\/p>\n\n\n\n<p><strong>Poids : <\/strong>470 g (+\/- 30g)<\/p>\n\n\n\n<p><strong>Homologation :<\/strong> CE EN1078 <\/p>\n\n\n\n<ul class=\"wp-block-list\">\n<li> Coque en polycarbonate <\/li>\n\n\n\n<li> Int\u00e9rieur polystyr\u00e8ne et mousse <\/li>\n\n\n\n<li> Mousse int\u00e9rieur en tissu d\u00e9montable et lavable <\/li>\n\n\n\n<li> Fermeture Fidlock <\/li>\n\n\n\n<li> Champ de vision large <\/li>\n\n\n\n<li> 10 bouches d\u2019a\u00e9ration <\/li>\n\n\n\n<li> Molette de serrage r\u00e9glable <\/li>\n\n\n\n<li> Eclairage led<\/li>\n<\/ul>\n\n\n\n<p><strong>Prix public :<\/strong> 89.95 \u20ac<\/p>\n\n\n\n<div class=\"wp-block-button aligncenter\"><a class=\"wp-block-button__link has-background wp-element-button\" href=\"https:\/\/marko-helmets.com\/\" style=\"border-radius:0px;background-color:#c39f76\" target=\"_blank\" rel=\"noreferrer noopener\">disponible sur marko helmets<\/a><\/div>\n","protected":false},"excerpt":{"rendered":"<p>Apr\u00e8s le lancement de son premier casque v\u00e9lo Le Tandem en 2021. Marko Helmets revient avec un nouveau casque, le Tempo.&nbsp; Son design vintage et \u00e9l\u00e9gant saura satisfaire autant les hommes que les femmes pour les trajets quotidiens ou occasionnels. Il est le partenaire id\u00e9al pour les amateurs de mobilit\u00e9 douce (V\u00e9lo, trottinette, skate\u2026). Le casque Tempo garantit une protection efficace de la bo\u00eete cr\u00e2nienne gr\u00e2ce \u00e0 sa coque robuste en polycarbonate homologu\u00e9 CE EN1078. Il est compos\u00e9 d\u2019un int\u00e9rieur en polystyr\u00e8ne et des mousses d\u00e9montables et lavable pour plus de confort ainsi qu\u2019une ventilation cons\u00e9quente avec 10 bouches d\u2019a\u00e9ration pour une meilleure respiration du casque. Le casque est \u00e9quip\u00e9 d\u2019un \u00e9clairage situ\u00e9 \u00e0 l\u2019arri\u00e8re avec 3 intensit\u00e9s de lumi\u00e8re diff\u00e9rentes pour plus de visibilit\u00e9 et de s\u00e9curit\u00e9 lors des d\u00e9placements des usagers. Simple d\u2019utilisation, Il suffira de bien ajuster le casque \u00e0 votre tour de t\u00eate gr\u00e2ce \u00e0 son syst\u00e8me de molette de r\u00e9glage et de celle des sangles. Le casque est dot\u00e9 d\u2019une fermeture Fidlock pour plus de praticit\u00e9 et rapidit\u00e9 lors du verrouillage et d\u00e9verrouillage. Le Tempo est disponible dans huit coloris \u00e0 la fois sobres pour certaines et \u00e9clatants pour d\u2019autres afin d\u2019apporter le plus de [&hellip;]<\/p>\n","protected":false},"author":1,"featured_media":0,"parent":988,"menu_order":2,"comment_status":"closed","ping_status":"closed","template":"","meta":{"footnotes":""},"class_list":["post-838","page","type-page","status-publish","hentry"],"_links":{"self":[{"href":"https:\/\/www.marko-helmets.com\/blog\/wp-json\/wp\/v2\/pages\/838","targetHints":{"allow":["GET"]}}],"collection":[{"href":"https:\/\/www.marko-helmets.com\/blog\/wp-json\/wp\/v2\/pages"}],"about":[{"href":"https:\/\/www.marko-helmets.com\/blog\/wp-json\/wp\/v2\/types\/page"}],"author":[{"embeddable":true,"href":"https:\/\/www.marko-helmets.com\/blog\/wp-json\/wp\/v2\/users\/1"}],"replies":[{"embeddable":true,"href":"https:\/\/www.marko-helmets.com\/blog\/wp-json\/wp\/v2\/comments?post=838"}],"version-history":[{"count":4,"href":"https:\/\/www.marko-helmets.com\/blog\/wp-json\/wp\/v2\/pages\/838\/revisions"}],"predecessor-version":[{"id":1588,"href":"https:\/\/www.marko-helmets.com\/blog\/wp-json\/wp\/v2\/pages\/838\/revisions\/1588"}],"up":[{"embeddable":true,"href":"https:\/\/www.marko-helmets.com\/blog\/wp-json\/wp\/v2\/pages\/988"}],"wp:attachment":[{"href":"https:\/\/www.marko-helmets.com\/blog\/wp-json\/wp\/v2\/media?parent=838"}],"curies":[{"name":"wp","href":"https:\/\/api.w.org\/{rel}","templated":true}]}}