{"id":611,"date":"2019-12-26T12:22:36","date_gmt":"2019-12-26T11:22:36","guid":{"rendered":"https:\/\/www.marko-helmets.com\/blog\/?page_id=611"},"modified":"2025-01-22T16:19:46","modified_gmt":"2025-01-22T14:19:46","slug":"masque-de-casque-b3-goggle-replica","status":"publish","type":"page","link":"https:\/\/www.marko-helmets.com\/blog\/accueil\/les-accessoires\/masque-de-casque-b3-goggle-replica\/","title":{"rendered":"MASQUE DE CASQUE B3 GOGGLE REPLICA"},"content":{"rendered":"\n<p>Notre jeune marque fran\u00e7aise de casques continue son chemin dans l\u2019univers vintage en proposant un nouveau masque de casque. Inspir\u00e9 par l\u2019aviation, le nouveau masque intitul\u00e9 B3 Goggle Replica tient son nom de l&rsquo;incroyable bombardier am\u00e9ricain B-3 de Northrop Grumman.<\/p>\n\n\n\n<figure class=\"wp-block-image size-large\"><img loading=\"lazy\" decoding=\"async\" width=\"1024\" height=\"682\" src=\"https:\/\/www.marko-helmets.com\/blog\/wp-content\/uploads\/2022\/10\/masqueB3-markohelmets-rawcollectif-agence-publicite-00001-1024x682.jpg\" alt=\"\" class=\"wp-image-940\" srcset=\"https:\/\/www.marko-helmets.com\/blog\/wp-content\/uploads\/2022\/10\/masqueB3-markohelmets-rawcollectif-agence-publicite-00001-1024x682.jpg 1024w, https:\/\/www.marko-helmets.com\/blog\/wp-content\/uploads\/2022\/10\/masqueB3-markohelmets-rawcollectif-agence-publicite-00001-300x200.jpg 300w, https:\/\/www.marko-helmets.com\/blog\/wp-content\/uploads\/2022\/10\/masqueB3-markohelmets-rawcollectif-agence-publicite-00001-768x512.jpg 768w, https:\/\/www.marko-helmets.com\/blog\/wp-content\/uploads\/2022\/10\/masqueB3-markohelmets-rawcollectif-agence-publicite-00001-1536x1024.jpg 1536w, https:\/\/www.marko-helmets.com\/blog\/wp-content\/uploads\/2022\/10\/masqueB3-markohelmets-rawcollectif-agence-publicite-00001-1080x720.jpg 1080w, https:\/\/www.marko-helmets.com\/blog\/wp-content\/uploads\/2022\/10\/masqueB3-markohelmets-rawcollectif-agence-publicite-00001.jpg 2000w\" sizes=\"auto, (max-width: 1024px) 100vw, 1024px\" \/><\/figure>\n\n\n\n<h2 class=\"wp-block-heading\"><strong>MASQUE DE CASQUE MOTO INSPIR\u00c9 DE L&rsquo;AVIATION :<\/strong><\/h2>\n\n\n\n<p>Bombardier B3&nbsp;: Le Pentagone recevra ce futur bombardier strat\u00e9gique de l\u2019US Air Force d\u00e9but 2020 et remplacera le mythique B-52. Le B3 co\u00fbte 500 millions de dollars pi\u00e8ce. C&rsquo;\u00e9tait le contrat du Pentagone le plus convoit\u00e9 de ces 10 derni\u00e8res ann\u00e9es, un peu plus de 55 milliards de dollars.<\/p>\n\n\n\n<figure class=\"wp-block-image size-large\"><img loading=\"lazy\" decoding=\"async\" width=\"1024\" height=\"578\" src=\"https:\/\/www.marko-helmets.com\/blog\/wp-content\/uploads\/2022\/10\/Copie-de-blog-B3-1024x578.png\" alt=\"\" class=\"wp-image-948\" srcset=\"https:\/\/www.marko-helmets.com\/blog\/wp-content\/uploads\/2022\/10\/Copie-de-blog-B3-1024x578.png 1024w, https:\/\/www.marko-helmets.com\/blog\/wp-content\/uploads\/2022\/10\/Copie-de-blog-B3-300x169.png 300w, https:\/\/www.marko-helmets.com\/blog\/wp-content\/uploads\/2022\/10\/Copie-de-blog-B3-768x434.png 768w, https:\/\/www.marko-helmets.com\/blog\/wp-content\/uploads\/2022\/10\/Copie-de-blog-B3-1536x867.png 1536w, https:\/\/www.marko-helmets.com\/blog\/wp-content\/uploads\/2022\/10\/Copie-de-blog-B3-1080x610.png 1080w, https:\/\/www.marko-helmets.com\/blog\/wp-content\/uploads\/2022\/10\/Copie-de-blog-B3.png 2000w\" sizes=\"auto, (max-width: 1024px) 100vw, 1024px\" \/><\/figure>\n\n\n\n<h2 class=\"wp-block-heading\"><strong>MASQUE MOTO B3 GOGGLE REPLICA :<\/strong><\/h2>\n\n\n\n<p>Les 3 passionn\u00e9es et fondateurs de la marque Marko souhaitaient un masque avec un look plus vintage que son pr\u00e9d\u00e9cesseur, le B8, tout en conservant les caract\u00e9ristiques techniques qui font du B8 Google Replica un succ\u00e8s commercial.<\/p>\n\n\n\n<figure class=\"wp-block-image size-large\"><img loading=\"lazy\" decoding=\"async\" width=\"1024\" height=\"346\" src=\"https:\/\/www.marko-helmets.com\/blog\/wp-content\/uploads\/2019\/12\/B8-vs-B3-1024x346.jpg\" alt=\"\" class=\"wp-image-569\" srcset=\"https:\/\/www.marko-helmets.com\/blog\/wp-content\/uploads\/2019\/12\/B8-vs-B3-1024x346.jpg 1024w, https:\/\/www.marko-helmets.com\/blog\/wp-content\/uploads\/2019\/12\/B8-vs-B3-300x101.jpg 300w, https:\/\/www.marko-helmets.com\/blog\/wp-content\/uploads\/2019\/12\/B8-vs-B3-768x259.jpg 768w, https:\/\/www.marko-helmets.com\/blog\/wp-content\/uploads\/2019\/12\/B8-vs-B3-1536x519.jpg 1536w, https:\/\/www.marko-helmets.com\/blog\/wp-content\/uploads\/2019\/12\/B8-vs-B3-2048x691.jpg 2048w, https:\/\/www.marko-helmets.com\/blog\/wp-content\/uploads\/2019\/12\/B8-vs-B3-1080x365.jpg 1080w\" sizes=\"auto, (max-width: 1024px) 100vw, 1024px\" \/><\/figure>\n\n\n\n<p>Les B3 pr\u00e9sentent un large champ de vision. L&rsquo;\u00e9lastique de 3cm de largeur est r\u00e9glable et silicon\u00e9 pour un bon maintien. Les oculaires sont trait\u00e9s contre les rayures et prot\u00e8gent contre les UV. Les lunettes sont \u00e9galement fournies avec des verres translucides et interchangeables ainsi qu\u2019un sac en microfibre servant aussi bien \u00e0 ranger ses lunettes qu\u2019\u00e0 les nettoyer.<\/p>\n\n\n\n<figure class=\"wp-block-image size-large\"><img loading=\"lazy\" decoding=\"async\" width=\"1024\" height=\"402\" src=\"https:\/\/www.marko-helmets.com\/blog\/wp-content\/uploads\/2022\/10\/B3-GOGGLE-REPLICA-2019-1024x402.jpeg\" alt=\"\" class=\"wp-image-947\" srcset=\"https:\/\/www.marko-helmets.com\/blog\/wp-content\/uploads\/2022\/10\/B3-GOGGLE-REPLICA-2019-1024x402.jpeg 1024w, https:\/\/www.marko-helmets.com\/blog\/wp-content\/uploads\/2022\/10\/B3-GOGGLE-REPLICA-2019-300x118.jpeg 300w, https:\/\/www.marko-helmets.com\/blog\/wp-content\/uploads\/2022\/10\/B3-GOGGLE-REPLICA-2019-768x302.jpeg 768w, https:\/\/www.marko-helmets.com\/blog\/wp-content\/uploads\/2022\/10\/B3-GOGGLE-REPLICA-2019-1536x604.jpeg 1536w, https:\/\/www.marko-helmets.com\/blog\/wp-content\/uploads\/2022\/10\/B3-GOGGLE-REPLICA-2019-2048x805.jpeg 2048w, https:\/\/www.marko-helmets.com\/blog\/wp-content\/uploads\/2022\/10\/B3-GOGGLE-REPLICA-2019-1080x424.jpeg 1080w\" sizes=\"auto, (max-width: 1024px) 100vw, 1024px\" \/><\/figure>\n\n\n\n<p>Si vous portez des lunettes de vues, pas d\u2019inqui\u00e9tude, des encoches pour les branches de vos lunettes ont \u00e9t\u00e9 pens\u00e9es pour les accueillir. Pour finir, le confort se fait avec un bourrelet en cuir et son int\u00e9rieur en mousse.<\/p>\n\n\n\n<p>Le masque existe dans 4 couleurs<br><\/p>\n\n\n\n<h2 class=\"wp-block-heading\"><strong>LE MASQUE DE CASQUE B3 CONVIENT-IL \u00c0 MON CASQUE&nbsp;?<\/strong><\/h2>\n\n\n\n<p>Le masque s\u2019adaptera au plus grand nombre de casques. Testez sur plus de 20 mod\u00e8les diff\u00e9rents, nous vous conseillons de reporter la longueur de celui-ci \u00e0 l\u2019int\u00e9rieur de votre casque. Il faudra id\u00e9alement un m\u00e8tre ruban ou une ficelle ou vous aurez report\u00e9 18 cm.<\/p>\n\n\n\n<figure class=\"wp-block-gallery aligncenter has-nested-images columns-default is-cropped wp-block-gallery-1 is-layout-flex wp-block-gallery-is-layout-flex\">\n<figure class=\"wp-block-image\"><img loading=\"lazy\" decoding=\"async\" width=\"1024\" height=\"768\" data-id=\"574\" src=\"https:\/\/www.marko-helmets.com\/blog\/wp-content\/uploads\/2019\/12\/googlereplica-_B3_marko_6-1024x768.jpeg\" alt=\"\" class=\"wp-image-574\" srcset=\"https:\/\/www.marko-helmets.com\/blog\/wp-content\/uploads\/2019\/12\/googlereplica-_B3_marko_6-1024x768.jpeg 1024w, https:\/\/www.marko-helmets.com\/blog\/wp-content\/uploads\/2019\/12\/googlereplica-_B3_marko_6-300x225.jpeg 300w, https:\/\/www.marko-helmets.com\/blog\/wp-content\/uploads\/2019\/12\/googlereplica-_B3_marko_6-768x576.jpeg 768w, https:\/\/www.marko-helmets.com\/blog\/wp-content\/uploads\/2019\/12\/googlereplica-_B3_marko_6-1536x1152.jpeg 1536w, https:\/\/www.marko-helmets.com\/blog\/wp-content\/uploads\/2019\/12\/googlereplica-_B3_marko_6-2048x1536.jpeg 2048w, https:\/\/www.marko-helmets.com\/blog\/wp-content\/uploads\/2019\/12\/googlereplica-_B3_marko_6-1080x810.jpeg 1080w\" sizes=\"auto, (max-width: 1024px) 100vw, 1024px\" \/><\/figure>\n\n\n\n<figure class=\"wp-block-image\"><img loading=\"lazy\" decoding=\"async\" width=\"1024\" height=\"768\" data-id=\"575\" src=\"https:\/\/www.marko-helmets.com\/blog\/wp-content\/uploads\/2019\/12\/googlereplica-_B3_marko_7-1024x768.jpeg\" alt=\"\" class=\"wp-image-575\" srcset=\"https:\/\/www.marko-helmets.com\/blog\/wp-content\/uploads\/2019\/12\/googlereplica-_B3_marko_7-1024x768.jpeg 1024w, https:\/\/www.marko-helmets.com\/blog\/wp-content\/uploads\/2019\/12\/googlereplica-_B3_marko_7-300x225.jpeg 300w, https:\/\/www.marko-helmets.com\/blog\/wp-content\/uploads\/2019\/12\/googlereplica-_B3_marko_7-768x576.jpeg 768w, https:\/\/www.marko-helmets.com\/blog\/wp-content\/uploads\/2019\/12\/googlereplica-_B3_marko_7-1536x1152.jpeg 1536w, https:\/\/www.marko-helmets.com\/blog\/wp-content\/uploads\/2019\/12\/googlereplica-_B3_marko_7-2048x1536.jpeg 2048w, https:\/\/www.marko-helmets.com\/blog\/wp-content\/uploads\/2019\/12\/googlereplica-_B3_marko_7-1080x810.jpeg 1080w\" sizes=\"auto, (max-width: 1024px) 100vw, 1024px\" \/><\/figure>\n\n\n\n<figure class=\"wp-block-image\"><img loading=\"lazy\" decoding=\"async\" width=\"1024\" height=\"768\" data-id=\"572\" src=\"https:\/\/www.marko-helmets.com\/blog\/wp-content\/uploads\/2019\/12\/googlereplica-_B3_marko_3-1024x768.jpeg\" alt=\"\" class=\"wp-image-572\" srcset=\"https:\/\/www.marko-helmets.com\/blog\/wp-content\/uploads\/2019\/12\/googlereplica-_B3_marko_3-1024x768.jpeg 1024w, https:\/\/www.marko-helmets.com\/blog\/wp-content\/uploads\/2019\/12\/googlereplica-_B3_marko_3-300x225.jpeg 300w, https:\/\/www.marko-helmets.com\/blog\/wp-content\/uploads\/2019\/12\/googlereplica-_B3_marko_3-768x576.jpeg 768w, https:\/\/www.marko-helmets.com\/blog\/wp-content\/uploads\/2019\/12\/googlereplica-_B3_marko_3-1536x1152.jpeg 1536w, https:\/\/www.marko-helmets.com\/blog\/wp-content\/uploads\/2019\/12\/googlereplica-_B3_marko_3-2048x1536.jpeg 2048w, https:\/\/www.marko-helmets.com\/blog\/wp-content\/uploads\/2019\/12\/googlereplica-_B3_marko_3-1080x810.jpeg 1080w\" sizes=\"auto, (max-width: 1024px) 100vw, 1024px\" \/><\/figure>\n<\/figure>\n\n\n\n<p><strong>Voici les quelques casques ou le masque ne passait pas :<\/strong><\/p>\n\n\n\n<p>Premier Helmets &#8211; Trophy<\/p>\n\n\n\n<p>Nexx Helmets &#8211; X G100 RACER<\/p>\n\n\n\n<p>Shoie &#8211; JO taille XS<\/p>\n\n\n\n<h2 class=\"wp-block-heading\">Masque B3 &#8211; Coloris<\/h2>\n\n\n\n<p>B3 Marko &#8211; Black<\/p>\n\n\n\n<figure class=\"wp-block-image size-large\"><a href=\"https:\/\/marko-helmets.com\/masque-b3-goggle-replica-marko-helmets-p-110-667.html#\/79-taille-taille_unique\/108-couleur-noir\" target=\"_blank\" rel=\"noreferrer noopener\"><img loading=\"lazy\" decoding=\"async\" width=\"1024\" height=\"129\" src=\"https:\/\/www.marko-helmets.com\/blog\/wp-content\/uploads\/2022\/10\/Masque-B3-Black-Marko-Helmets-1024x129.png\" alt=\"\" class=\"wp-image-949\" srcset=\"https:\/\/www.marko-helmets.com\/blog\/wp-content\/uploads\/2022\/10\/Masque-B3-Black-Marko-Helmets-1024x129.png 1024w, https:\/\/www.marko-helmets.com\/blog\/wp-content\/uploads\/2022\/10\/Masque-B3-Black-Marko-Helmets-300x38.png 300w, https:\/\/www.marko-helmets.com\/blog\/wp-content\/uploads\/2022\/10\/Masque-B3-Black-Marko-Helmets-768x97.png 768w, https:\/\/www.marko-helmets.com\/blog\/wp-content\/uploads\/2022\/10\/Masque-B3-Black-Marko-Helmets-1536x193.png 1536w, https:\/\/www.marko-helmets.com\/blog\/wp-content\/uploads\/2022\/10\/Masque-B3-Black-Marko-Helmets-2048x258.png 2048w, https:\/\/www.marko-helmets.com\/blog\/wp-content\/uploads\/2022\/10\/Masque-B3-Black-Marko-Helmets-1080x136.png 1080w\" sizes=\"auto, (max-width: 1024px) 100vw, 1024px\" \/><\/a><\/figure>\n\n\n\n<p>B3 Marko &#8211; Brown<\/p>\n\n\n\n<figure class=\"wp-block-image size-large\"><a href=\"https:\/\/marko-helmets.com\/masque-b3-goggle-replica-marko-helmets-p-110-6841.html#\/79-taille-taille_unique\/145-couleur-marron\" target=\"_blank\" rel=\"noreferrer noopener\"><img loading=\"lazy\" decoding=\"async\" width=\"1024\" height=\"128\" src=\"https:\/\/www.marko-helmets.com\/blog\/wp-content\/uploads\/2022\/10\/Masque-B3-Brown-Marko-Helmets-1024x128.png\" alt=\"\" class=\"wp-image-950\" srcset=\"https:\/\/www.marko-helmets.com\/blog\/wp-content\/uploads\/2022\/10\/Masque-B3-Brown-Marko-Helmets-1024x128.png 1024w, https:\/\/www.marko-helmets.com\/blog\/wp-content\/uploads\/2022\/10\/Masque-B3-Brown-Marko-Helmets-300x38.png 300w, https:\/\/www.marko-helmets.com\/blog\/wp-content\/uploads\/2022\/10\/Masque-B3-Brown-Marko-Helmets-768x96.png 768w, https:\/\/www.marko-helmets.com\/blog\/wp-content\/uploads\/2022\/10\/Masque-B3-Brown-Marko-Helmets-1536x193.png 1536w, https:\/\/www.marko-helmets.com\/blog\/wp-content\/uploads\/2022\/10\/Masque-B3-Brown-Marko-Helmets-2048x257.png 2048w, https:\/\/www.marko-helmets.com\/blog\/wp-content\/uploads\/2022\/10\/Masque-B3-Brown-Marko-Helmets-1080x135.png 1080w\" sizes=\"auto, (max-width: 1024px) 100vw, 1024px\" \/><\/a><\/figure>\n\n\n\n<p>B3 Marko &#8211; Navy<\/p>\n\n\n\n<figure class=\"wp-block-image size-large\"><a href=\"https:\/\/marko-helmets.com\/masque-b3-goggle-replica-marko-helmets-p-110-6840.html#\/79-taille-taille_unique\/194-couleur-navy\" target=\"_blank\" rel=\"noreferrer noopener\"><img loading=\"lazy\" decoding=\"async\" width=\"1024\" height=\"135\" src=\"https:\/\/www.marko-helmets.com\/blog\/wp-content\/uploads\/2022\/10\/Masque-B3-Navy-Marko-Helmets-1024x135.png\" alt=\"\" class=\"wp-image-951\" srcset=\"https:\/\/www.marko-helmets.com\/blog\/wp-content\/uploads\/2022\/10\/Masque-B3-Navy-Marko-Helmets-1024x135.png 1024w, https:\/\/www.marko-helmets.com\/blog\/wp-content\/uploads\/2022\/10\/Masque-B3-Navy-Marko-Helmets-300x40.png 300w, https:\/\/www.marko-helmets.com\/blog\/wp-content\/uploads\/2022\/10\/Masque-B3-Navy-Marko-Helmets-768x101.png 768w, https:\/\/www.marko-helmets.com\/blog\/wp-content\/uploads\/2022\/10\/Masque-B3-Navy-Marko-Helmets-1536x203.png 1536w, https:\/\/www.marko-helmets.com\/blog\/wp-content\/uploads\/2022\/10\/Masque-B3-Navy-Marko-Helmets-2048x270.png 2048w, https:\/\/www.marko-helmets.com\/blog\/wp-content\/uploads\/2022\/10\/Masque-B3-Navy-Marko-Helmets-1080x143.png 1080w\" sizes=\"auto, (max-width: 1024px) 100vw, 1024px\" \/><\/a><\/figure>\n\n\n\n<p>B3 Marko &#8211; Red<\/p>\n\n\n\n<figure class=\"wp-block-image size-large\"><a href=\"https:\/\/marko-helmets.com\/masque-b3-goggle-replica-marko-helmets-p-110-6842.html#\/79-taille-taille_unique\/156-couleur-burgundy\" target=\"_blank\" rel=\"noreferrer noopener\"><img loading=\"lazy\" decoding=\"async\" width=\"1024\" height=\"139\" src=\"https:\/\/www.marko-helmets.com\/blog\/wp-content\/uploads\/2022\/10\/Masque-B3-Red-Marko-Helmets-1024x139.png\" alt=\"\" class=\"wp-image-952\" srcset=\"https:\/\/www.marko-helmets.com\/blog\/wp-content\/uploads\/2022\/10\/Masque-B3-Red-Marko-Helmets-1024x139.png 1024w, https:\/\/www.marko-helmets.com\/blog\/wp-content\/uploads\/2022\/10\/Masque-B3-Red-Marko-Helmets-300x41.png 300w, https:\/\/www.marko-helmets.com\/blog\/wp-content\/uploads\/2022\/10\/Masque-B3-Red-Marko-Helmets-768x104.png 768w, https:\/\/www.marko-helmets.com\/blog\/wp-content\/uploads\/2022\/10\/Masque-B3-Red-Marko-Helmets-1536x208.png 1536w, https:\/\/www.marko-helmets.com\/blog\/wp-content\/uploads\/2022\/10\/Masque-B3-Red-Marko-Helmets-2048x278.png 2048w, https:\/\/www.marko-helmets.com\/blog\/wp-content\/uploads\/2022\/10\/Masque-B3-Red-Marko-Helmets-1080x147.png 1080w\" sizes=\"auto, (max-width: 1024px) 100vw, 1024px\" \/><\/a><\/figure>\n\n\n\n<h2 class=\"wp-block-heading\">Les accessoires<\/h2>\n\n\n\n<figure class=\"wp-block-image size-large\"><img loading=\"lazy\" decoding=\"async\" width=\"1024\" height=\"129\" src=\"https:\/\/www.marko-helmets.com\/blog\/wp-content\/uploads\/2022\/10\/Lens-Masque-B3-Marko-Helmets-1024x129.png\" alt=\"\" class=\"wp-image-953\" srcset=\"https:\/\/www.marko-helmets.com\/blog\/wp-content\/uploads\/2022\/10\/Lens-Masque-B3-Marko-Helmets-1024x129.png 1024w, https:\/\/www.marko-helmets.com\/blog\/wp-content\/uploads\/2022\/10\/Lens-Masque-B3-Marko-Helmets-300x38.png 300w, https:\/\/www.marko-helmets.com\/blog\/wp-content\/uploads\/2022\/10\/Lens-Masque-B3-Marko-Helmets-768x97.png 768w, https:\/\/www.marko-helmets.com\/blog\/wp-content\/uploads\/2022\/10\/Lens-Masque-B3-Marko-Helmets-1536x193.png 1536w, https:\/\/www.marko-helmets.com\/blog\/wp-content\/uploads\/2022\/10\/Lens-Masque-B3-Marko-Helmets-2048x258.png 2048w, https:\/\/www.marko-helmets.com\/blog\/wp-content\/uploads\/2022\/10\/Lens-Masque-B3-Marko-Helmets-1080x136.png 1080w\" sizes=\"auto, (max-width: 1024px) 100vw, 1024px\" \/><\/figure>\n\n\n\n<h2 class=\"wp-block-heading\">Les caract\u00e9ristiques techniques du masque<\/h2>\n\n\n\n<ul class=\"wp-block-list\">\n<li> Large champ de vision <\/li>\n\n\n\n<li> \u00c9lastique de 30mm de largeur r\u00e9glable et se porte par dessus le casque de moto <\/li>\n\n\n\n<li> Grip silicone sur l\u2019\u00e9lastique <\/li>\n\n\n\n<li> Oculaires en polycarbonates trait\u00e9s contre les rayures <\/li>\n\n\n\n<li> Masque B3 fourni avec 2 paires d&rsquo;oculaires : Clair et Marron ayant pour avantage d&rsquo;augmenter le contraste par temps gris et de prot\u00e9ger des rayons de soleil <\/li>\n\n\n\n<li> Sac en microfibre pour ranger ses lunettes d&rsquo;aviateur et les nettoyer en toute s\u00e9curit\u00e9 <\/li>\n<\/ul>\n\n\n\n<p class=\"has-text-align-left\"><strong>Prix Public :<\/strong> 129,95\u20ac <\/p>\n\n\n\n<div class=\"wp-block-button aligncenter\"><a class=\"wp-block-button__link has-background wp-element-button\" href=\"https:\/\/marko-helmets.com\/\" style=\"border-radius:0px;background-color:#c39f76\" target=\"_blank\" rel=\"noreferrer noopener\">Disponible sur marko helmets<\/a><\/div>\n\n\n\n<p><\/p>\n","protected":false},"excerpt":{"rendered":"<p>Notre jeune marque fran\u00e7aise de casques continue son chemin dans l\u2019univers vintage en proposant un nouveau masque de casque. Inspir\u00e9 par l\u2019aviation, le nouveau masque intitul\u00e9 B3 Goggle Replica tient son nom de l&rsquo;incroyable bombardier am\u00e9ricain B-3 de Northrop Grumman. MASQUE DE CASQUE MOTO INSPIR\u00c9 DE L&rsquo;AVIATION : Bombardier B3&nbsp;: Le Pentagone recevra ce futur bombardier strat\u00e9gique de l\u2019US Air Force d\u00e9but 2020 et remplacera le mythique B-52. Le B3 co\u00fbte 500 millions de dollars pi\u00e8ce. C&rsquo;\u00e9tait le contrat du Pentagone le plus convoit\u00e9 de ces 10 derni\u00e8res ann\u00e9es, un peu plus de 55 milliards de dollars. MASQUE MOTO B3 GOGGLE REPLICA : Les 3 passionn\u00e9es et fondateurs de la marque Marko souhaitaient un masque avec un look plus vintage que son pr\u00e9d\u00e9cesseur, le B8, tout en conservant les caract\u00e9ristiques techniques qui font du B8 Google Replica un succ\u00e8s commercial. Les B3 pr\u00e9sentent un large champ de vision. L&rsquo;\u00e9lastique de 3cm de largeur est r\u00e9glable et silicon\u00e9 pour un bon maintien. Les oculaires sont trait\u00e9s contre les rayures et prot\u00e8gent contre les UV. Les lunettes sont \u00e9galement fournies avec des verres translucides et interchangeables ainsi qu\u2019un sac en microfibre servant aussi bien \u00e0 ranger ses lunettes qu\u2019\u00e0 les nettoyer. Si [&hellip;]<\/p>\n","protected":false},"author":1,"featured_media":0,"parent":1016,"menu_order":2,"comment_status":"closed","ping_status":"closed","template":"","meta":{"footnotes":""},"class_list":["post-611","page","type-page","status-publish","hentry"],"_links":{"self":[{"href":"https:\/\/www.marko-helmets.com\/blog\/wp-json\/wp\/v2\/pages\/611","targetHints":{"allow":["GET"]}}],"collection":[{"href":"https:\/\/www.marko-helmets.com\/blog\/wp-json\/wp\/v2\/pages"}],"about":[{"href":"https:\/\/www.marko-helmets.com\/blog\/wp-json\/wp\/v2\/types\/page"}],"author":[{"embeddable":true,"href":"https:\/\/www.marko-helmets.com\/blog\/wp-json\/wp\/v2\/users\/1"}],"replies":[{"embeddable":true,"href":"https:\/\/www.marko-helmets.com\/blog\/wp-json\/wp\/v2\/comments?post=611"}],"version-history":[{"count":9,"href":"https:\/\/www.marko-helmets.com\/blog\/wp-json\/wp\/v2\/pages\/611\/revisions"}],"predecessor-version":[{"id":1600,"href":"https:\/\/www.marko-helmets.com\/blog\/wp-json\/wp\/v2\/pages\/611\/revisions\/1600"}],"up":[{"embeddable":true,"href":"https:\/\/www.marko-helmets.com\/blog\/wp-json\/wp\/v2\/pages\/1016"}],"wp:attachment":[{"href":"https:\/\/www.marko-helmets.com\/blog\/wp-json\/wp\/v2\/media?parent=611"}],"curies":[{"name":"wp","href":"https:\/\/api.w.org\/{rel}","templated":true}]}}