{"id":560,"date":"2019-12-26T11:29:37","date_gmt":"2019-12-26T10:29:37","guid":{"rendered":"https:\/\/www.marko-helmets.com\/blog\/?page_id=560"},"modified":"2025-01-22T15:28:28","modified_gmt":"2025-01-22T13:28:28","slug":"casque-sportif-r-one","status":"publish","type":"page","link":"https:\/\/www.marko-helmets.com\/blog\/accueil\/les-casques-moto\/gamme-grand-tourisme\/casque-sportif-r-one\/","title":{"rendered":"Casque Sportif R-ONE"},"content":{"rendered":"\n<h2 class=\"wp-block-heading\"><strong>Le R-One, le premier casque int\u00e9gral de sport con\u00e7u par Marko Helmets.<\/strong><\/h2>\n\n\n\n<p>Marko Helmets a lanc\u00e9 une nouvelle gamme de casques techniques type sport, une premi\u00e8re pour nous qui se distingue cette fois avec le <a href=\"https:\/\/www.speed-wear.net\/casque-moto-integral\/94368-casque-r-one-marko-noir.html?search_query=r-one&amp;results=20\">R-one<\/a>, ultime projet de notre \u00e9quipe.<br><\/p>\n\n\n\n<figure class=\"wp-block-video aligncenter\"><video controls src=\"https:\/\/www.marko-helmets.com\/blog\/wp-content\/uploads\/2019\/12\/R-ONE-BLANC-S1000RR.mov\"><\/video><\/figure>\n\n\n\n<p>Ce nouveau casque int\u00e9gral r\u00e9pond aux attentes des riders \u00e0 la recherche de casques dans une th\u00e9matique racing, touring et sport. Le circuit Carole, mythique circuit routier de vitesse et d\u2019entra\u00eenement est d\u00e9sormais \u00e9quip\u00e9 par Marko Helmets. Ne vous \u00e9tonnez donc pas d\u2019observer le nouveau R-one sur les t\u00eates des pilotes en herbe venus profiter du circuit dans le cadre de location d\u2019accessoires moto.<\/p>\n\n\n\n<figure class=\"wp-block-video aligncenter\"><video controls src=\"https:\/\/www.marko-helmets.com\/blog\/wp-content\/uploads\/2019\/12\/S1000RR-MARKO-1.mov\"><\/video><\/figure>\n\n\n\n<figure class=\"wp-block-video aligncenter\"><video controls src=\"https:\/\/www.marko-helmets.com\/blog\/wp-content\/uploads\/2019\/12\/LIFESTYLE-S1000-RR.mov\"><\/video><\/figure>\n\n\n\n<div style=\"height:40px\" aria-hidden=\"true\" class=\"wp-block-spacer\"><\/div>\n\n\n\n<h2 class=\"wp-block-heading\"><strong>Le R-one, un casque moto sportif, technique et s\u00fbr<\/strong><\/h2>\n\n\n\n<p>Le R-one est dot\u00e9 d\u2019une coque en fibres composites (superposition de 6 couches de fibre absorbante, fibres multi-composite et haute performance) qui font de lui un casque l\u00e9ger mais fondamentalement solide.&nbsp;<\/p>\n\n\n\n<figure class=\"wp-block-image size-large\"><img loading=\"lazy\" decoding=\"async\" width=\"1024\" height=\"664\" src=\"https:\/\/www.marko-helmets.com\/blog\/wp-content\/uploads\/2022\/11\/Copie-de-Copie-de-blog-M-jet-Fiber-3-1024x664.png\" alt=\"\" class=\"wp-image-1127\" srcset=\"https:\/\/www.marko-helmets.com\/blog\/wp-content\/uploads\/2022\/11\/Copie-de-Copie-de-blog-M-jet-Fiber-3-1024x664.png 1024w, https:\/\/www.marko-helmets.com\/blog\/wp-content\/uploads\/2022\/11\/Copie-de-Copie-de-blog-M-jet-Fiber-3-300x194.png 300w, https:\/\/www.marko-helmets.com\/blog\/wp-content\/uploads\/2022\/11\/Copie-de-Copie-de-blog-M-jet-Fiber-3-768x498.png 768w, https:\/\/www.marko-helmets.com\/blog\/wp-content\/uploads\/2022\/11\/Copie-de-Copie-de-blog-M-jet-Fiber-3-1536x995.png 1536w, https:\/\/www.marko-helmets.com\/blog\/wp-content\/uploads\/2022\/11\/Copie-de-Copie-de-blog-M-jet-Fiber-3-1080x700.png 1080w, https:\/\/www.marko-helmets.com\/blog\/wp-content\/uploads\/2022\/11\/Copie-de-Copie-de-blog-M-jet-Fiber-3.png 2000w\" sizes=\"auto, (max-width: 1024px) 100vw, 1024px\" \/><\/figure>\n\n\n\n<p>Il dispose d\u2019un int\u00e9rieur en mousses polyur\u00e9thane et une combinaison de tissus de haute qualit\u00e9, ultra absorbant offrant un s\u00e9chage rapide, enti\u00e8rement d\u00e9montable et lavable.&nbsp;<\/p>\n\n\n\n<p>Le casque int\u00e9gral en g\u00e9n\u00e9ral a toujours suscit\u00e9 l\u2019int\u00e9r\u00eat des motards et est un \u00e9quipement phare d\u2019une gamme de casque moto. Il est parfait pour des balades aventuri\u00e8res en longs trajets ou pour rouler \u00e0 des vitesses \u00e9lev\u00e9es sur circuit.<\/p>\n\n\n\n<h2 class=\"wp-block-heading\"><strong>Le cahier technique du casque Marko R-ONE &nbsp;<\/strong><\/h2>\n\n\n\n<figure class=\"wp-block-table\"><table><tbody><tr><td>Basics<\/td><td>Avec un poids de 1340g pour la version en fibres et 1200g pour la version en carbone, le R-one fait un poids conventionnel. Il s\u2019adapte \u00e0 toutes les morphologies gr\u00e2ce \u00e0 ses 4 tailles de calottes.Vous trouverez une fermeture par sangles jugulaires double D permettant un ajustement ad\u00e9quat et une utilisation facile.&nbsp;Un cache nez et une bavette de menton sign\u00e9s Marko.&nbsp;L\u2019\u00e9cran est lui \u00e9quip\u00e9 d\u2019un film Pinlock (anti-bu\u00e9e) et est \u00e9galement mis \u00e0 disposition un syst\u00e8me d\u2019intercom.<br><\/td><\/tr><tr><td>Confort<\/td><td>Le R-one est dot\u00e9 d\u2019une ventilation 4 entr\u00e9es et 6 extracteurs d\u2019air rendant l\u2019exp\u00e9rience de conduite plus agr\u00e9able.&nbsp;Une exp\u00e9rience sportive sans pr\u00e9c\u00e9dent chez Marko gr\u00e2ce \u00e0 la qualit\u00e9 de la calotte int\u00e9rieure qui se distingue par une mati\u00e8re en polystyr\u00e8ne multi densit\u00e9s et diff\u00e9rents niveaux d\u2019absorption.Par ailleurs, Marko propose \u00e9galement un \u00e9cran fum\u00e9 noir qui abaisse la luminosit\u00e9 et augmente le confort.<br><\/td><\/tr><tr><td>Sportivit\u00e9<\/td><td>L\u2019aileron a\u00e9rodynamique du R-one permet de par ses caract\u00e9ristiques (sa forme, ses entr\u00e9es d\u2019air) d\u2019\u00e9viter les pressions exerc\u00e9es sur le cou du pilote ainsi que les vibrations subis par la t\u00eate en phase de vitesse.<br><\/td><\/tr><tr><td>S\u00e9curit\u00e9<\/td><td>Le casque est \u00e9quip\u00e9 d\u2019un syst\u00e8me d\u2019extraction rapide des joues en cas d\u2019accident.De facto, le casque int\u00e9gral est celui qui apporte la plus grande protection et une r\u00e9duction maximale des bruits parasites.<\/td><\/tr><\/tbody><\/table><\/figure>\n\n\n\n<figure class=\"wp-block-video aligncenter\"><video controls src=\"https:\/\/www.marko-helmets.com\/blog\/wp-content\/uploads\/2019\/12\/Marko-Helmets-casque-moto-sport-rone-1.mov\"><\/video><\/figure>\n\n\n\n<h2 class=\"wp-block-heading\">Les caract\u00e9ristiques techniques du casque :<\/h2>\n\n\n\n<p><strong>Tailles :<\/strong> S \u00e0 XXL.&nbsp;<\/p>\n\n\n\n<p><strong>Poids :<\/strong> 1200 +\/- 50g<\/p>\n\n\n\n<p><strong>Homologation :<\/strong> ecer22-05<\/p>\n\n\n\n<ul class=\"wp-block-list\">\n<li> Calotin en polystyr\u00e8ne multi densit\u00e9s pour une protection optimis\u00e9e <\/li>\n\n\n\n<li> Aileron \u00e0 performances a\u00e9rodynamiques<\/li>\n\n\n\n<li> Syst\u00e8me de ventilation avec 4 entr\u00e9es et 6 extracteurs d&rsquo;air qui offrent des performances de ventilations optimales <\/li>\n\n\n\n<li> Syst\u00e8me permettant une extraction rapide et facile des mousses de joues <\/li>\n\n\n\n<li> \u00c9cran \u00e9quip\u00e9 d&rsquo;un Pinlock (antibu\u00e9e) <\/li>\n\n\n\n<li> Fermeture de la jugulaire par une boucle Double-D s\u00e9curisante et la seule homologu\u00e9e sur piste <\/li>\n\n\n\n<li> Cache nez et bavette de menton inclus <\/li>\n\n\n\n<li> Pr\u00e9dispos\u00e9 pour l\u2019installation d\u2019un syst\u00e8me d&rsquo;intercom <\/li>\n\n\n\n<li> Livr\u00e9 avec une housse de transport et des stickers r\u00e9fl\u00e9chissants <\/li>\n<\/ul>\n\n\n\n<p>Le casque n&rsquo;existe plus mais vous pouvez retrouver le <a href=\"https:\/\/www.marko-helmets.com\/blog\/accueil\/les-casques-moto\/gamme-grand-tourisme\/le-casque-m-fiber-2\/\" target=\"_blank\" rel=\"noreferrer noopener\">M-Fiber 2<\/a> qui reprend les m\u00eames codes<\/p>\n\n\n\n<div class=\"wp-block-button aligncenter\"><a class=\"wp-block-button__link has-background wp-element-button\" href=\"https:\/\/www.marko-helmets.com\/\" style=\"border-radius:0px;background-color:#c39f76\" target=\"_blank\" rel=\"noreferrer noopener\"><strong>Disponible sur MARKO HELMETS<\/strong><\/a><\/div>\n","protected":false},"excerpt":{"rendered":"<p>Le R-One, le premier casque int\u00e9gral de sport con\u00e7u par Marko Helmets. Marko Helmets a lanc\u00e9 une nouvelle gamme de casques techniques type sport, une premi\u00e8re pour nous qui se distingue cette fois avec le R-one, ultime projet de notre \u00e9quipe. Ce nouveau casque int\u00e9gral r\u00e9pond aux attentes des riders \u00e0 la recherche de casques dans une th\u00e9matique racing, touring et sport. Le circuit Carole, mythique circuit routier de vitesse et d\u2019entra\u00eenement est d\u00e9sormais \u00e9quip\u00e9 par Marko Helmets. Ne vous \u00e9tonnez donc pas d\u2019observer le nouveau R-one sur les t\u00eates des pilotes en herbe venus profiter du circuit dans le cadre de location d\u2019accessoires moto. Le R-one, un casque moto sportif, technique et s\u00fbr Le R-one est dot\u00e9 d\u2019une coque en fibres composites (superposition de 6 couches de fibre absorbante, fibres multi-composite et haute performance) qui font de lui un casque l\u00e9ger mais fondamentalement solide.&nbsp; Il dispose d\u2019un int\u00e9rieur en mousses polyur\u00e9thane et une combinaison de tissus de haute qualit\u00e9, ultra absorbant offrant un s\u00e9chage rapide, enti\u00e8rement d\u00e9montable et lavable.&nbsp; Le casque int\u00e9gral en g\u00e9n\u00e9ral a toujours suscit\u00e9 l\u2019int\u00e9r\u00eat des motards et est un \u00e9quipement phare d\u2019une gamme de casque moto. Il est parfait pour des balades aventuri\u00e8res en longs [&hellip;]<\/p>\n","protected":false},"author":1,"featured_media":0,"parent":1005,"menu_order":3,"comment_status":"closed","ping_status":"closed","template":"","meta":{"footnotes":""},"class_list":["post-560","page","type-page","status-publish","hentry"],"_links":{"self":[{"href":"https:\/\/www.marko-helmets.com\/blog\/wp-json\/wp\/v2\/pages\/560","targetHints":{"allow":["GET"]}}],"collection":[{"href":"https:\/\/www.marko-helmets.com\/blog\/wp-json\/wp\/v2\/pages"}],"about":[{"href":"https:\/\/www.marko-helmets.com\/blog\/wp-json\/wp\/v2\/types\/page"}],"author":[{"embeddable":true,"href":"https:\/\/www.marko-helmets.com\/blog\/wp-json\/wp\/v2\/users\/1"}],"replies":[{"embeddable":true,"href":"https:\/\/www.marko-helmets.com\/blog\/wp-json\/wp\/v2\/comments?post=560"}],"version-history":[{"count":9,"href":"https:\/\/www.marko-helmets.com\/blog\/wp-json\/wp\/v2\/pages\/560\/revisions"}],"predecessor-version":[{"id":1584,"href":"https:\/\/www.marko-helmets.com\/blog\/wp-json\/wp\/v2\/pages\/560\/revisions\/1584"}],"up":[{"embeddable":true,"href":"https:\/\/www.marko-helmets.com\/blog\/wp-json\/wp\/v2\/pages\/1005"}],"wp:attachment":[{"href":"https:\/\/www.marko-helmets.com\/blog\/wp-json\/wp\/v2\/media?parent=560"}],"curies":[{"name":"wp","href":"https:\/\/api.w.org\/{rel}","templated":true}]}}