{"id":1455,"date":"2026-04-16T14:43:25","date_gmt":"2026-04-16T12:43:25","guid":{"rendered":"https:\/\/www.marko-helmets.com\/blog\/?page_id=1455"},"modified":"2026-04-16T14:43:25","modified_gmt":"2026-04-16T12:43:25","slug":"le-casque-astro","status":"publish","type":"page","link":"https:\/\/www.marko-helmets.com\/blog\/le-casque-astro\/","title":{"rendered":"Le casque Astro"},"content":{"rendered":"\n<p>Marko Helmets r\u00e9volutionne l&rsquo;exp\u00e9rience du sport extr\u00eame avec son Nouveau Casque 3-en-1 l\u2019Astro, ce nouveau casque offre une polyvalence aux amateurs de v\u00e9lo, de ski et de skate. <\/p>\n\n\n\n<figure class=\"wp-block-image size-large\"><a href=\"https:\/\/www.marko-helmets.com\/blog\/wp-content\/uploads\/2026\/04\/Casque-velo-Astro-Marko-Helmets-scaled.png\"><img loading=\"lazy\" decoding=\"async\" width=\"1024\" height=\"683\" src=\"https:\/\/www.marko-helmets.com\/blog\/wp-content\/uploads\/2026\/04\/Casque-velo-Astro-Marko-Helmets-1024x683.png\" alt=\"\" class=\"wp-image-1809\" srcset=\"https:\/\/www.marko-helmets.com\/blog\/wp-content\/uploads\/2026\/04\/Casque-velo-Astro-Marko-Helmets-1024x683.png 1024w, https:\/\/www.marko-helmets.com\/blog\/wp-content\/uploads\/2026\/04\/Casque-velo-Astro-Marko-Helmets-300x200.png 300w, https:\/\/www.marko-helmets.com\/blog\/wp-content\/uploads\/2026\/04\/Casque-velo-Astro-Marko-Helmets-768x512.png 768w, https:\/\/www.marko-helmets.com\/blog\/wp-content\/uploads\/2026\/04\/Casque-velo-Astro-Marko-Helmets-1536x1024.png 1536w, https:\/\/www.marko-helmets.com\/blog\/wp-content\/uploads\/2026\/04\/Casque-velo-Astro-Marko-Helmets-2048x1365.png 2048w, https:\/\/www.marko-helmets.com\/blog\/wp-content\/uploads\/2026\/04\/Casque-velo-Astro-Marko-Helmets-1080x720.png 1080w\" sizes=\"auto, (max-width: 1024px) 100vw, 1024px\" \/><\/a><\/figure>\n\n\n\n<p>L\u2019Astro offre une solution tout-en-un pour les utilisateurs qui appr\u00e9cient la vari\u00e9t\u00e9 des activit\u00e9s sportives tout au long de l&rsquo;ann\u00e9e. Avec sa conception modulaire, le casque Marko 3-en-1 s&rsquo;adapte parfaitement aux exigences sp\u00e9cifiques des sports de glisse et du v\u00e9lo. Il \u00e9limine la n\u00e9cessit\u00e9 d&rsquo;investir dans plusieurs casques distincts, offrant ainsi une solution \u00e9co-responsable et pratique.<\/p>\n\n\n\n<p><a href=\"https:\/\/marko-helmets.com\/content\/46-le-casque-astro-marko-helmets\" target=\"_blank\" rel=\"noreferrer noopener\">Le casque Astro<\/a> vous garantit une protection efficace de la bo\u00eete cr\u00e2nienne gr\u00e2ce \u00e0 sa coque en technologie in-mold homologu\u00e9e CE EN1078 et CE EN1077. Il est compos\u00e9 d\u2019un int\u00e9rieur en polystyr\u00e8ne EPS et de mousses d\u00e9montables et lavables pour plus de confort. Un deuxi\u00e8me int\u00e9rieur polaire est disponible en option adapt\u00e9 \u00e0 la saison hivernale pour un confort optimal. Les oreillettes amovibles avec leur rev\u00eatement polaire permettent de garder une partie de votre visage au chaud.<\/p>\n\n\n\n<figure class=\"wp-block-image size-large\"><a href=\"https:\/\/www.marko-helmets.com\/blog\/wp-content\/uploads\/2026\/04\/casque-ski-Astro-Marko-Helmets-scaled.png\"><img loading=\"lazy\" decoding=\"async\" width=\"1024\" height=\"683\" src=\"https:\/\/www.marko-helmets.com\/blog\/wp-content\/uploads\/2026\/04\/casque-ski-Astro-Marko-Helmets-1024x683.png\" alt=\"\" class=\"wp-image-1810\" srcset=\"https:\/\/www.marko-helmets.com\/blog\/wp-content\/uploads\/2026\/04\/casque-ski-Astro-Marko-Helmets-1024x683.png 1024w, https:\/\/www.marko-helmets.com\/blog\/wp-content\/uploads\/2026\/04\/casque-ski-Astro-Marko-Helmets-300x200.png 300w, https:\/\/www.marko-helmets.com\/blog\/wp-content\/uploads\/2026\/04\/casque-ski-Astro-Marko-Helmets-768x512.png 768w, https:\/\/www.marko-helmets.com\/blog\/wp-content\/uploads\/2026\/04\/casque-ski-Astro-Marko-Helmets-1536x1024.png 1536w, https:\/\/www.marko-helmets.com\/blog\/wp-content\/uploads\/2026\/04\/casque-ski-Astro-Marko-Helmets-2048x1365.png 2048w, https:\/\/www.marko-helmets.com\/blog\/wp-content\/uploads\/2026\/04\/casque-ski-Astro-Marko-Helmets-1080x720.png 1080w\" sizes=\"auto, (max-width: 1024px) 100vw, 1024px\" \/><\/a><\/figure>\n\n\n\n<p>Dot\u00e9 d&rsquo;un syst\u00e8me de r\u00e9glage facile \u00e0 utiliser, le casque offre un ajustement personnalis\u00e9 pour un confort maximal. Le casque est dot\u00e9 d\u2019une fermeture Fidlock pour plus de praticit\u00e9, s\u00e9curit\u00e9 et rapidit\u00e9 lors du verrouillage et d\u00e9verrouillage. Au dos du casque vous trouverez une fixation amovible pour votre masque de ski ou du mod\u00e8le B8 de chez Marko Helmets ainsi vous disposerez de toutes les options !<\/p>\n\n\n\n<p>Disponible dans huit coloris \u00e0 la fois sobre pour certaines et \u00e9clatante pour d\u2019autres afin de vous apporter le plus de choix possible.<\/p>\n\n\n\n<p> L\u2019Astro s\u2019adapte avec tous les styles et vous apportera un look unique ainsi que la s\u00e9curit\u00e9 dont vous avez besoin en deux-roues, sur vos ski ou snow m\u00eame si le port du casque n\u2019est pas obligatoire, il reste conseill\u00e9 en cas de chute ! <\/p>\n\n\n\n<h3 class=\"wp-block-heading\">Casque Astro &#8211; Coloris<\/h3>\n\n\n\n<p>Le casque Astro &#8211; Stone<\/p>\n\n\n\n<figure class=\"wp-block-image size-large\"><a href=\"https:\/\/marko-helmets.com\/casque-jet-astro-marko-p-428-7059.html?preview=1#\/171-taille-s_m\/206-couleur-stone_matt\" target=\"_blank\" rel=\" noreferrer noopener\"><img loading=\"lazy\" decoding=\"async\" width=\"1024\" height=\"213\" src=\"https:\/\/www.marko-helmets.com\/blog\/wp-content\/uploads\/2026\/04\/Casque-velo-Astro-Stone-1-1024x213.png\" alt=\"\" class=\"wp-image-1800\" srcset=\"https:\/\/www.marko-helmets.com\/blog\/wp-content\/uploads\/2026\/04\/Casque-velo-Astro-Stone-1-1024x213.png 1024w, https:\/\/www.marko-helmets.com\/blog\/wp-content\/uploads\/2026\/04\/Casque-velo-Astro-Stone-1-300x63.png 300w, https:\/\/www.marko-helmets.com\/blog\/wp-content\/uploads\/2026\/04\/Casque-velo-Astro-Stone-1-768x160.png 768w, https:\/\/www.marko-helmets.com\/blog\/wp-content\/uploads\/2026\/04\/Casque-velo-Astro-Stone-1-1536x320.png 1536w, https:\/\/www.marko-helmets.com\/blog\/wp-content\/uploads\/2026\/04\/Casque-velo-Astro-Stone-1-2048x427.png 2048w, https:\/\/www.marko-helmets.com\/blog\/wp-content\/uploads\/2026\/04\/Casque-velo-Astro-Stone-1-1080x225.png 1080w\" sizes=\"auto, (max-width: 1024px) 100vw, 1024px\" \/><\/a><\/figure>\n\n\n\n<p>La casque Astro &#8211; Black<\/p>\n\n\n\n<figure class=\"wp-block-image size-large\"><a href=\"https:\/\/marko-helmets.com\/casque-jet-astro-marko-p-428-7067.html?preview=1#\/171-taille-s_m\/183-couleur-black\" target=\"_blank\" rel=\" noreferrer noopener\"><img loading=\"lazy\" decoding=\"async\" width=\"1024\" height=\"213\" src=\"https:\/\/www.marko-helmets.com\/blog\/wp-content\/uploads\/2026\/04\/Casque-velo-Astro-Black-1-1024x213.png\" alt=\"\" class=\"wp-image-1801\" srcset=\"https:\/\/www.marko-helmets.com\/blog\/wp-content\/uploads\/2026\/04\/Casque-velo-Astro-Black-1-1024x213.png 1024w, https:\/\/www.marko-helmets.com\/blog\/wp-content\/uploads\/2026\/04\/Casque-velo-Astro-Black-1-300x63.png 300w, https:\/\/www.marko-helmets.com\/blog\/wp-content\/uploads\/2026\/04\/Casque-velo-Astro-Black-1-768x160.png 768w, https:\/\/www.marko-helmets.com\/blog\/wp-content\/uploads\/2026\/04\/Casque-velo-Astro-Black-1-1536x320.png 1536w, https:\/\/www.marko-helmets.com\/blog\/wp-content\/uploads\/2026\/04\/Casque-velo-Astro-Black-1-2048x427.png 2048w, https:\/\/www.marko-helmets.com\/blog\/wp-content\/uploads\/2026\/04\/Casque-velo-Astro-Black-1-1080x225.png 1080w\" sizes=\"auto, (max-width: 1024px) 100vw, 1024px\" \/><\/a><\/figure>\n\n\n\n<p>le casque Astro &#8211; Orange<\/p>\n\n\n\n<figure class=\"wp-block-image size-large\"><a href=\"https:\/\/marko-helmets.com\/casque-jet-astro-marko-p-428-7057.html?preview=1#\/171-taille-s_m\/205-couleur-orange_mat\" target=\"_blank\" rel=\" noreferrer noopener\"><img loading=\"lazy\" decoding=\"async\" width=\"1024\" height=\"213\" src=\"https:\/\/www.marko-helmets.com\/blog\/wp-content\/uploads\/2026\/04\/Casque-velo-Astro-Orange-1024x213.png\" alt=\"\" class=\"wp-image-1802\" srcset=\"https:\/\/www.marko-helmets.com\/blog\/wp-content\/uploads\/2026\/04\/Casque-velo-Astro-Orange-1024x213.png 1024w, https:\/\/www.marko-helmets.com\/blog\/wp-content\/uploads\/2026\/04\/Casque-velo-Astro-Orange-300x63.png 300w, https:\/\/www.marko-helmets.com\/blog\/wp-content\/uploads\/2026\/04\/Casque-velo-Astro-Orange-768x160.png 768w, https:\/\/www.marko-helmets.com\/blog\/wp-content\/uploads\/2026\/04\/Casque-velo-Astro-Orange-1536x320.png 1536w, https:\/\/www.marko-helmets.com\/blog\/wp-content\/uploads\/2026\/04\/Casque-velo-Astro-Orange-2048x427.png 2048w, https:\/\/www.marko-helmets.com\/blog\/wp-content\/uploads\/2026\/04\/Casque-velo-Astro-Orange-1080x225.png 1080w\" sizes=\"auto, (max-width: 1024px) 100vw, 1024px\" \/><\/a><\/figure>\n\n\n\n<p>Le casque Astro &#8211; White<\/p>\n\n\n\n<figure class=\"wp-block-image size-large\"><a href=\"https:\/\/marko-helmets.com\/casque-jet-astro-marko-p-428-7065.html?preview=1#\/171-taille-s_m\/209-couleur-white\" target=\"_blank\" rel=\" noreferrer noopener\"><img loading=\"lazy\" decoding=\"async\" width=\"1024\" height=\"213\" src=\"https:\/\/www.marko-helmets.com\/blog\/wp-content\/uploads\/2026\/04\/Casque-velo-Astro-White-1024x213.png\" alt=\"\" class=\"wp-image-1803\" srcset=\"https:\/\/www.marko-helmets.com\/blog\/wp-content\/uploads\/2026\/04\/Casque-velo-Astro-White-1024x213.png 1024w, https:\/\/www.marko-helmets.com\/blog\/wp-content\/uploads\/2026\/04\/Casque-velo-Astro-White-300x63.png 300w, https:\/\/www.marko-helmets.com\/blog\/wp-content\/uploads\/2026\/04\/Casque-velo-Astro-White-768x160.png 768w, https:\/\/www.marko-helmets.com\/blog\/wp-content\/uploads\/2026\/04\/Casque-velo-Astro-White-1536x320.png 1536w, https:\/\/www.marko-helmets.com\/blog\/wp-content\/uploads\/2026\/04\/Casque-velo-Astro-White-2048x427.png 2048w, https:\/\/www.marko-helmets.com\/blog\/wp-content\/uploads\/2026\/04\/Casque-velo-Astro-White-1080x225.png 1080w\" sizes=\"auto, (max-width: 1024px) 100vw, 1024px\" \/><\/a><\/figure>\n\n\n\n<p>Le casque Astro &#8211; Kaki<\/p>\n\n\n\n<figure class=\"wp-block-image size-large\"><a href=\"https:\/\/marko-helmets.com\/casque-jet-astro-marko-p-428-7055.html?preview=1#\/171-taille-s_m\/204-couleur-kaki_mat\" target=\"_blank\" rel=\" noreferrer noopener\"><img loading=\"lazy\" decoding=\"async\" width=\"1024\" height=\"213\" src=\"https:\/\/www.marko-helmets.com\/blog\/wp-content\/uploads\/2026\/04\/Casque-velo-Astro-Kaki-1024x213.png\" alt=\"\" class=\"wp-image-1804\" srcset=\"https:\/\/www.marko-helmets.com\/blog\/wp-content\/uploads\/2026\/04\/Casque-velo-Astro-Kaki-1024x213.png 1024w, https:\/\/www.marko-helmets.com\/blog\/wp-content\/uploads\/2026\/04\/Casque-velo-Astro-Kaki-300x63.png 300w, https:\/\/www.marko-helmets.com\/blog\/wp-content\/uploads\/2026\/04\/Casque-velo-Astro-Kaki-768x160.png 768w, https:\/\/www.marko-helmets.com\/blog\/wp-content\/uploads\/2026\/04\/Casque-velo-Astro-Kaki-1536x320.png 1536w, https:\/\/www.marko-helmets.com\/blog\/wp-content\/uploads\/2026\/04\/Casque-velo-Astro-Kaki-2048x427.png 2048w, https:\/\/www.marko-helmets.com\/blog\/wp-content\/uploads\/2026\/04\/Casque-velo-Astro-Kaki-1080x225.png 1080w\" sizes=\"auto, (max-width: 1024px) 100vw, 1024px\" \/><\/a><\/figure>\n\n\n\n<p>Le casque Astro &#8211; Rose<\/p>\n\n\n\n<figure class=\"wp-block-image size-large\"><a href=\"https:\/\/marko-helmets.com\/casque-jet-astro-marko-p-428-7071.html?preview=1#\/171-taille-s_m\/210-couleur-fushia\" target=\"_blank\" rel=\" noreferrer noopener\"><img loading=\"lazy\" decoding=\"async\" width=\"1024\" height=\"213\" src=\"https:\/\/www.marko-helmets.com\/blog\/wp-content\/uploads\/2026\/04\/Casque-velo-Astro-Rose-1024x213.png\" alt=\"\" class=\"wp-image-1805\" srcset=\"https:\/\/www.marko-helmets.com\/blog\/wp-content\/uploads\/2026\/04\/Casque-velo-Astro-Rose-1024x213.png 1024w, https:\/\/www.marko-helmets.com\/blog\/wp-content\/uploads\/2026\/04\/Casque-velo-Astro-Rose-300x63.png 300w, https:\/\/www.marko-helmets.com\/blog\/wp-content\/uploads\/2026\/04\/Casque-velo-Astro-Rose-768x160.png 768w, https:\/\/www.marko-helmets.com\/blog\/wp-content\/uploads\/2026\/04\/Casque-velo-Astro-Rose-1536x320.png 1536w, https:\/\/www.marko-helmets.com\/blog\/wp-content\/uploads\/2026\/04\/Casque-velo-Astro-Rose-2048x427.png 2048w, https:\/\/www.marko-helmets.com\/blog\/wp-content\/uploads\/2026\/04\/Casque-velo-Astro-Rose-1080x225.png 1080w\" sizes=\"auto, (max-width: 1024px) 100vw, 1024px\" \/><\/a><\/figure>\n\n\n\n<p>Le casque Astro &#8211; Black Matt<\/p>\n\n\n\n<figure class=\"wp-block-image size-large\"><a href=\"https:\/\/marko-helmets.com\/casque-jet-astro-marko-p-428-7053.html?preview=1#\/171-taille-s_m\/184-couleur-black_matt\" target=\"_blank\" rel=\" noreferrer noopener\"><img loading=\"lazy\" decoding=\"async\" width=\"1024\" height=\"213\" src=\"https:\/\/www.marko-helmets.com\/blog\/wp-content\/uploads\/2026\/04\/Casque-velo-Astro-Black-Matt-1024x213.png\" alt=\"\" class=\"wp-image-1806\" srcset=\"https:\/\/www.marko-helmets.com\/blog\/wp-content\/uploads\/2026\/04\/Casque-velo-Astro-Black-Matt-1024x213.png 1024w, https:\/\/www.marko-helmets.com\/blog\/wp-content\/uploads\/2026\/04\/Casque-velo-Astro-Black-Matt-300x63.png 300w, https:\/\/www.marko-helmets.com\/blog\/wp-content\/uploads\/2026\/04\/Casque-velo-Astro-Black-Matt-768x160.png 768w, https:\/\/www.marko-helmets.com\/blog\/wp-content\/uploads\/2026\/04\/Casque-velo-Astro-Black-Matt-1536x320.png 1536w, https:\/\/www.marko-helmets.com\/blog\/wp-content\/uploads\/2026\/04\/Casque-velo-Astro-Black-Matt-2048x427.png 2048w, https:\/\/www.marko-helmets.com\/blog\/wp-content\/uploads\/2026\/04\/Casque-velo-Astro-Black-Matt-1080x225.png 1080w\" sizes=\"auto, (max-width: 1024px) 100vw, 1024px\" \/><\/a><\/figure>\n\n\n\n<p>Le casque Astro &#8211; Red<\/p>\n\n\n\n<figure class=\"wp-block-image size-large\"><a href=\"https:\/\/marko-helmets.com\/casque-jet-astro-marko-p-428-7069.html?preview=1#\/153-couleur-cherry\/171-taille-s_m\" target=\"_blank\" rel=\" noreferrer noopener\"><img loading=\"lazy\" decoding=\"async\" width=\"1024\" height=\"213\" src=\"https:\/\/www.marko-helmets.com\/blog\/wp-content\/uploads\/2026\/04\/Casque-velo-Astro-Red-1024x213.png\" alt=\"\" class=\"wp-image-1807\" srcset=\"https:\/\/www.marko-helmets.com\/blog\/wp-content\/uploads\/2026\/04\/Casque-velo-Astro-Red-1024x213.png 1024w, https:\/\/www.marko-helmets.com\/blog\/wp-content\/uploads\/2026\/04\/Casque-velo-Astro-Red-300x63.png 300w, https:\/\/www.marko-helmets.com\/blog\/wp-content\/uploads\/2026\/04\/Casque-velo-Astro-Red-768x160.png 768w, https:\/\/www.marko-helmets.com\/blog\/wp-content\/uploads\/2026\/04\/Casque-velo-Astro-Red-1536x320.png 1536w, https:\/\/www.marko-helmets.com\/blog\/wp-content\/uploads\/2026\/04\/Casque-velo-Astro-Red-2048x427.png 2048w, https:\/\/www.marko-helmets.com\/blog\/wp-content\/uploads\/2026\/04\/Casque-velo-Astro-Red-1080x225.png 1080w\" sizes=\"auto, (max-width: 1024px) 100vw, 1024px\" \/><\/a><\/figure>\n\n\n\n<h3 class=\"wp-block-heading\">Les caract\u00e9ristiques techniques du casque :<\/h3>\n\n\n\n<p><strong>Tailles : <\/strong>S-M \/ L-XL <\/p>\n\n\n\n<p><strong>Poids :<\/strong> 400 g (+\/- 30g) <\/p>\n\n\n\n<p><strong>Homologation :<\/strong> Double homologation v\u00e9lo et ski CE EN1078 \/ CE EN1077 <\/p>\n\n\n\n<ul class=\"wp-block-list\">\n<li>Livr\u00e9 avec une housse de transport <\/li>\n\n\n\n<li>Coque en technologie in-mold <\/li>\n\n\n\n<li>Int\u00e9rieur polystyr\u00e8ne et mousse <\/li>\n\n\n\n<li>Mousse int\u00e9rieur en tissu d\u00e9montable et lavable <\/li>\n\n\n\n<li>Fermeture Fidlock <\/li>\n\n\n\n<li>Champ de vision large <\/li>\n\n\n\n<li>6 bouches d\u2019a\u00e9ration <\/li>\n\n\n\n<li>Fixation masque de ski amovible <\/li>\n\n\n\n<li>Molette de serrage r\u00e9glable <\/li>\n\n\n\n<li>Cache oreilles amovible <\/li>\n\n\n\n<li>Calotte int\u00e9rieur polaire amovible (en option)<\/li>\n<\/ul>\n\n\n\n<p><strong>Prix public :<\/strong> 89.95 \u20ac<\/p>\n\n\n\n<div class=\"wp-block-buttons is-content-justification-center is-layout-flex wp-container-core-buttons-is-layout-16018d1d wp-block-buttons-is-layout-flex\">\n<div class=\"wp-block-button is-style-fill\"><a class=\"wp-block-button__link has-background has-text-align-center wp-element-button\" href=\"https:\/\/marko-helmets.com\/\" style=\"border-radius:0px;background-color:#c39f76\">DISPONIBLE SUR MARKO HELMETS<\/a><\/div>\n<\/div>\n\n\n\n<p><\/p>\n","protected":false},"excerpt":{"rendered":"<p>Marko Helmets r\u00e9volutionne l&rsquo;exp\u00e9rience du sport extr\u00eame avec son Nouveau Casque 3-en-1 l\u2019Astro, ce nouveau casque offre une polyvalence aux amateurs de v\u00e9lo, de ski et de skate. L\u2019Astro offre une solution tout-en-un pour les utilisateurs qui appr\u00e9cient la vari\u00e9t\u00e9 des activit\u00e9s sportives tout au long de l&rsquo;ann\u00e9e. Avec sa conception modulaire, le casque Marko 3-en-1 s&rsquo;adapte parfaitement aux exigences sp\u00e9cifiques des sports de glisse et du v\u00e9lo. Il \u00e9limine la n\u00e9cessit\u00e9 d&rsquo;investir dans plusieurs casques distincts, offrant ainsi une solution \u00e9co-responsable et pratique. Le casque Astro vous garantit une protection efficace de la bo\u00eete cr\u00e2nienne gr\u00e2ce \u00e0 sa coque en technologie in-mold homologu\u00e9e CE EN1078 et CE EN1077. Il est compos\u00e9 d\u2019un int\u00e9rieur en polystyr\u00e8ne EPS et de mousses d\u00e9montables et lavables pour plus de confort. Un deuxi\u00e8me int\u00e9rieur polaire est disponible en option adapt\u00e9 \u00e0 la saison hivernale pour un confort optimal. Les oreillettes amovibles avec leur rev\u00eatement polaire permettent de garder une partie de votre visage au chaud. Dot\u00e9 d&rsquo;un syst\u00e8me de r\u00e9glage facile \u00e0 utiliser, le casque offre un ajustement personnalis\u00e9 pour un confort maximal. Le casque est dot\u00e9 d\u2019une fermeture Fidlock pour plus de praticit\u00e9, s\u00e9curit\u00e9 et rapidit\u00e9 lors du verrouillage et d\u00e9verrouillage. Au dos [&hellip;]<\/p>\n","protected":false},"author":1,"featured_media":0,"parent":0,"menu_order":0,"comment_status":"closed","ping_status":"closed","template":"","meta":{"footnotes":""},"class_list":["post-1455","page","type-page","status-publish","hentry"],"_links":{"self":[{"href":"https:\/\/www.marko-helmets.com\/blog\/wp-json\/wp\/v2\/pages\/1455","targetHints":{"allow":["GET"]}}],"collection":[{"href":"https:\/\/www.marko-helmets.com\/blog\/wp-json\/wp\/v2\/pages"}],"about":[{"href":"https:\/\/www.marko-helmets.com\/blog\/wp-json\/wp\/v2\/types\/page"}],"author":[{"embeddable":true,"href":"https:\/\/www.marko-helmets.com\/blog\/wp-json\/wp\/v2\/users\/1"}],"replies":[{"embeddable":true,"href":"https:\/\/www.marko-helmets.com\/blog\/wp-json\/wp\/v2\/comments?post=1455"}],"version-history":[{"count":3,"href":"https:\/\/www.marko-helmets.com\/blog\/wp-json\/wp\/v2\/pages\/1455\/revisions"}],"predecessor-version":[{"id":1811,"href":"https:\/\/www.marko-helmets.com\/blog\/wp-json\/wp\/v2\/pages\/1455\/revisions\/1811"}],"wp:attachment":[{"href":"https:\/\/www.marko-helmets.com\/blog\/wp-json\/wp\/v2\/media?parent=1455"}],"curies":[{"name":"wp","href":"https:\/\/api.w.org\/{rel}","templated":true}]}}