{"id":119,"date":"2017-04-11T16:51:07","date_gmt":"2017-04-11T15:51:07","guid":{"rendered":"http:\/\/www.marko-helmets.com\/?page_id=119"},"modified":"2025-01-16T15:24:02","modified_gmt":"2025-01-16T13:24:02","slug":"casque-marko-boreal","status":"publish","type":"page","link":"https:\/\/www.marko-helmets.com\/blog\/accueil\/les-casques-moto\/gamme-classique\/casque-marko-boreal\/","title":{"rendered":"Le CASQUE BOR\u00c9AL"},"content":{"rendered":"\n<p><a href=\"https:\/\/marko-helmets.com\/\" target=\"_blank\" rel=\"noreferrer noopener\" aria-label=\"Marko Helmets (s\u2019ouvre dans un nouvel onglet)\">Marko Helmets<\/a> propose un casque n\u00e9 de la tendance n\u00e9o-r\u00e9tro, d\u2019un fort besoin de libert\u00e9 et d\u2019aventure. Les lignes \u00e9pur\u00e9es du casque et son format tr\u00e8s compact positionnent le Bor\u00e9al comme un incontournable du genre. <\/p>\n\n\n\n<figure class=\"wp-block-image size-large\"><img loading=\"lazy\" decoding=\"async\" width=\"1024\" height=\"631\" src=\"https:\/\/www.marko-helmets.com\/blog\/wp-content\/uploads\/2022\/11\/boreal-markohelmets-credit-rawcollectif-beesmart-beeetsmart-casque-jet-vintage-00010-1024x631.jpg\" alt=\"\" class=\"wp-image-1085\" srcset=\"https:\/\/www.marko-helmets.com\/blog\/wp-content\/uploads\/2022\/11\/boreal-markohelmets-credit-rawcollectif-beesmart-beeetsmart-casque-jet-vintage-00010-1024x631.jpg 1024w, https:\/\/www.marko-helmets.com\/blog\/wp-content\/uploads\/2022\/11\/boreal-markohelmets-credit-rawcollectif-beesmart-beeetsmart-casque-jet-vintage-00010-300x185.jpg 300w, https:\/\/www.marko-helmets.com\/blog\/wp-content\/uploads\/2022\/11\/boreal-markohelmets-credit-rawcollectif-beesmart-beeetsmart-casque-jet-vintage-00010-768x473.jpg 768w, https:\/\/www.marko-helmets.com\/blog\/wp-content\/uploads\/2022\/11\/boreal-markohelmets-credit-rawcollectif-beesmart-beeetsmart-casque-jet-vintage-00010-1536x946.jpg 1536w, https:\/\/www.marko-helmets.com\/blog\/wp-content\/uploads\/2022\/11\/boreal-markohelmets-credit-rawcollectif-beesmart-beeetsmart-casque-jet-vintage-00010-1080x665.jpg 1080w, https:\/\/www.marko-helmets.com\/blog\/wp-content\/uploads\/2022\/11\/boreal-markohelmets-credit-rawcollectif-beesmart-beeetsmart-casque-jet-vintage-00010.jpg 1649w\" sizes=\"auto, (max-width: 1024px) 100vw, 1024px\" \/><\/figure>\n\n\n\n<p>Outre son design sobre, <a rel=\"noreferrer noopener\" aria-label=\"le Bor\u00e9al  (s\u2019ouvre dans un nouvel onglet)\" href=\"https:\/\/marko-helmets.com\/content\/12-casque-scooter-boreal-ville\" target=\"_blank\">le Bor\u00e9al <\/a>se d\u00e9marque par son c\u00f4t\u00e9 pratique et modulable. L\u2019essence m\u00eame de ce casque jet est de rouler sur des centaines de kilom\u00e8tres avec un confort optimal. Le casque Bor\u00e9al est \u00e9quip\u00e9 d\u2019un \u00e9cran int\u00e9gr\u00e9 \u00e0 sa calotte, il est \u00e0 l\u2019image de ce que l\u2019on peut retrouver sur les casques GT. De plus, sa visi\u00e8re longue offre une protection optimale du visage face aux d\u00e9sagr\u00e9ments naturels : poussi\u00e8re, pluie, insectes\u2026<br>Les finitions exceptionnelles du Bor\u00e9al lui autorisent un changement de style en quelques secondes. Le casque jet peut ainsi passer d\u2019un style urbain \u00e0 un style aux lignes r\u00e9tro ind\u00e9modable en y ajoutant un masque par exemple. <\/p>\n\n\n\n<figure class=\"wp-block-image size-large\"><img loading=\"lazy\" decoding=\"async\" width=\"1024\" height=\"676\" src=\"https:\/\/www.marko-helmets.com\/blog\/wp-content\/uploads\/2022\/11\/blog-M-jet-Fiber-2-1024x676.png\" alt=\"\" class=\"wp-image-1084\" srcset=\"https:\/\/www.marko-helmets.com\/blog\/wp-content\/uploads\/2022\/11\/blog-M-jet-Fiber-2-1024x676.png 1024w, https:\/\/www.marko-helmets.com\/blog\/wp-content\/uploads\/2022\/11\/blog-M-jet-Fiber-2-300x198.png 300w, https:\/\/www.marko-helmets.com\/blog\/wp-content\/uploads\/2022\/11\/blog-M-jet-Fiber-2-768x507.png 768w, https:\/\/www.marko-helmets.com\/blog\/wp-content\/uploads\/2022\/11\/blog-M-jet-Fiber-2-1536x1015.png 1536w, https:\/\/www.marko-helmets.com\/blog\/wp-content\/uploads\/2022\/11\/blog-M-jet-Fiber-2-1080x713.png 1080w, https:\/\/www.marko-helmets.com\/blog\/wp-content\/uploads\/2022\/11\/blog-M-jet-Fiber-2.png 2000w\" sizes=\"auto, (max-width: 1024px) 100vw, 1024px\" \/><\/figure>\n\n\n\n<p>M\u00c2RK\u00d6 parvient ainsi \u00e0 proposer un casque \u00e9l\u00e9gant, offrant diff\u00e9rents styles, ajoutant \u00e0 son caract\u00e8re pratique une nature durable. Le Bor\u00e9al est dot\u00e9 d\u2019une structure technique d\u00e9di\u00e9e \u00e0 la pratique de la route :<\/p>\n\n\n\n<ul class=\"wp-block-list\">\n<li>une structure en mesh pour une meilleure a\u00e9ration au niveau du front et du sommet du crane,<\/li>\n\n\n\n<li>des mousses en Nubuck synth\u00e9tique pour un confort accru,<\/li>\n\n\n\n<li>du cuir synth\u00e9tique pour des finitions \u00e9l\u00e9gantes et une insonorisation de haut vol.<\/li>\n\n\n\n<li>Int\u00e9rieur d\u00e9montable et lavable en machine<\/li>\n<\/ul>\n\n\n\n<figure class=\"wp-block-image size-large\"><img loading=\"lazy\" decoding=\"async\" width=\"1024\" height=\"604\" src=\"https:\/\/www.marko-helmets.com\/blog\/wp-content\/uploads\/2022\/11\/boreal-markohelmets-credit-rawcollectif-beesmart-beeetsmart-casque-jet-vintage-00009-1024x604.jpg\" alt=\"\" class=\"wp-image-1087\" srcset=\"https:\/\/www.marko-helmets.com\/blog\/wp-content\/uploads\/2022\/11\/boreal-markohelmets-credit-rawcollectif-beesmart-beeetsmart-casque-jet-vintage-00009-1024x604.jpg 1024w, https:\/\/www.marko-helmets.com\/blog\/wp-content\/uploads\/2022\/11\/boreal-markohelmets-credit-rawcollectif-beesmart-beeetsmart-casque-jet-vintage-00009-300x177.jpg 300w, https:\/\/www.marko-helmets.com\/blog\/wp-content\/uploads\/2022\/11\/boreal-markohelmets-credit-rawcollectif-beesmart-beeetsmart-casque-jet-vintage-00009-768x453.jpg 768w, https:\/\/www.marko-helmets.com\/blog\/wp-content\/uploads\/2022\/11\/boreal-markohelmets-credit-rawcollectif-beesmart-beeetsmart-casque-jet-vintage-00009-1536x906.jpg 1536w, https:\/\/www.marko-helmets.com\/blog\/wp-content\/uploads\/2022\/11\/boreal-markohelmets-credit-rawcollectif-beesmart-beeetsmart-casque-jet-vintage-00009-1080x637.jpg 1080w, https:\/\/www.marko-helmets.com\/blog\/wp-content\/uploads\/2022\/11\/boreal-markohelmets-credit-rawcollectif-beesmart-beeetsmart-casque-jet-vintage-00009.jpg 2000w\" sizes=\"auto, (max-width: 1024px) 100vw, 1024px\" \/><\/figure>\n\n\n\n<p>Le Bor\u00e9al sait s\u2019adapter \u00e0 son temps. Son contour en \u00e9lastom\u00e8re lui offre un c\u00f4t\u00e9 r\u00e9solument moderne. Il n\u2019oublie pas pour autant les envies de chacun et int\u00e8gre \u00e0 sa composition une patte de fixation pour lunette aviateur.<\/p>\n\n\n\n<p>Soucieux des besoins de ses utilisateurs, M\u00c2RK\u00d6 int\u00e8gre une boucle microm\u00e9trique tr\u00e8s facile d\u2019utilisation. De quoi ajouter une touche de modernit\u00e9 sur un casque aux lignes si flexibles.<\/p>\n\n\n\n<h2 class=\"wp-block-heading\"> Casque Bor\u00e9al&nbsp;\u2013 Coloris <\/h2>\n\n\n\n<p>Casque Bor\u00e9al Marko &#8211; Argent<\/p>\n\n\n\n<figure class=\"wp-block-image size-large\"><a href=\"https:\/\/marko-helmets.com\/casque-moto-boreal-marko-helmets-p-236-4412.html#\/2-taille-m\/138-couleur-argent\" target=\"_blank\" rel=\"noreferrer noopener\"><img loading=\"lazy\" decoding=\"async\" width=\"1024\" height=\"148\" src=\"https:\/\/www.marko-helmets.com\/blog\/wp-content\/uploads\/2022\/11\/Casque-Bor\u00e9al-Argent-Marko-1024x148.png\" alt=\"\" class=\"wp-image-1090\" srcset=\"https:\/\/www.marko-helmets.com\/blog\/wp-content\/uploads\/2022\/11\/Casque-Bor\u00e9al-Argent-Marko-1024x148.png 1024w, https:\/\/www.marko-helmets.com\/blog\/wp-content\/uploads\/2022\/11\/Casque-Bor\u00e9al-Argent-Marko-300x43.png 300w, https:\/\/www.marko-helmets.com\/blog\/wp-content\/uploads\/2022\/11\/Casque-Bor\u00e9al-Argent-Marko-768x111.png 768w, https:\/\/www.marko-helmets.com\/blog\/wp-content\/uploads\/2022\/11\/Casque-Bor\u00e9al-Argent-Marko-1536x223.png 1536w, https:\/\/www.marko-helmets.com\/blog\/wp-content\/uploads\/2022\/11\/Casque-Bor\u00e9al-Argent-Marko-2048x297.png 2048w, https:\/\/www.marko-helmets.com\/blog\/wp-content\/uploads\/2022\/11\/Casque-Bor\u00e9al-Argent-Marko-1080x157.png 1080w\" sizes=\"auto, (max-width: 1024px) 100vw, 1024px\" \/><\/a><\/figure>\n\n\n\n<p>Casque Bor\u00e9al Marko &#8211; Cream<\/p>\n\n\n\n<figure class=\"wp-block-image size-large\"><a href=\"https:\/\/marko-helmets.com\/casque-moto-boreal-marko-helmets-p-236-4376.html#\/2-taille-m\/115-couleur-creme\" target=\"_blank\" rel=\"noreferrer noopener\"><img loading=\"lazy\" decoding=\"async\" width=\"1024\" height=\"148\" src=\"https:\/\/www.marko-helmets.com\/blog\/wp-content\/uploads\/2022\/11\/Casque-Bor\u00e9al-Cream-Marko-1024x148.png\" alt=\"\" class=\"wp-image-1092\" srcset=\"https:\/\/www.marko-helmets.com\/blog\/wp-content\/uploads\/2022\/11\/Casque-Bor\u00e9al-Cream-Marko-1024x148.png 1024w, https:\/\/www.marko-helmets.com\/blog\/wp-content\/uploads\/2022\/11\/Casque-Bor\u00e9al-Cream-Marko-300x43.png 300w, https:\/\/www.marko-helmets.com\/blog\/wp-content\/uploads\/2022\/11\/Casque-Bor\u00e9al-Cream-Marko-768x111.png 768w, https:\/\/www.marko-helmets.com\/blog\/wp-content\/uploads\/2022\/11\/Casque-Bor\u00e9al-Cream-Marko-1536x223.png 1536w, https:\/\/www.marko-helmets.com\/blog\/wp-content\/uploads\/2022\/11\/Casque-Bor\u00e9al-Cream-Marko-2048x297.png 2048w, https:\/\/www.marko-helmets.com\/blog\/wp-content\/uploads\/2022\/11\/Casque-Bor\u00e9al-Cream-Marko-1080x157.png 1080w\" sizes=\"auto, (max-width: 1024px) 100vw, 1024px\" \/><\/a><\/figure>\n\n\n\n<p>Casque Bor\u00e9al Marko &#8211; Black Mat<\/p>\n\n\n\n<figure class=\"wp-block-image size-large\"><a href=\"https:\/\/marko-helmets.com\/casque-moto-boreal-marko-helmets-p-236-4365.html#\/2-taille-m\/109-couleur-noir_mat\" target=\"_blank\" rel=\"noreferrer noopener\"><img loading=\"lazy\" decoding=\"async\" width=\"1024\" height=\"149\" src=\"https:\/\/www.marko-helmets.com\/blog\/wp-content\/uploads\/2022\/11\/Casque-Bor\u00e9al-Black-Mat-Marko-1024x149.png\" alt=\"\" class=\"wp-image-1093\" srcset=\"https:\/\/www.marko-helmets.com\/blog\/wp-content\/uploads\/2022\/11\/Casque-Bor\u00e9al-Black-Mat-Marko-1024x149.png 1024w, https:\/\/www.marko-helmets.com\/blog\/wp-content\/uploads\/2022\/11\/Casque-Bor\u00e9al-Black-Mat-Marko-300x44.png 300w, https:\/\/www.marko-helmets.com\/blog\/wp-content\/uploads\/2022\/11\/Casque-Bor\u00e9al-Black-Mat-Marko-768x112.png 768w, https:\/\/www.marko-helmets.com\/blog\/wp-content\/uploads\/2022\/11\/Casque-Bor\u00e9al-Black-Mat-Marko-1536x224.png 1536w, https:\/\/www.marko-helmets.com\/blog\/wp-content\/uploads\/2022\/11\/Casque-Bor\u00e9al-Black-Mat-Marko-2048x299.png 2048w, https:\/\/www.marko-helmets.com\/blog\/wp-content\/uploads\/2022\/11\/Casque-Bor\u00e9al-Black-Mat-Marko-1080x158.png 1080w\" sizes=\"auto, (max-width: 1024px) 100vw, 1024px\" \/><\/a><\/figure>\n\n\n\n<p>Casque Bor\u00e9al Marko &#8211; Black Orange<\/p>\n\n\n\n<figure class=\"wp-block-image size-large\"><a href=\"https:\/\/marko-helmets.com\/casque-moto-boreal-marko-helmets-p-236-4371.html#\/2-taille-m\/134-couleur-noir_mat_orange\" target=\"_blank\" rel=\"noreferrer noopener\"><img loading=\"lazy\" decoding=\"async\" width=\"1024\" height=\"148\" src=\"https:\/\/www.marko-helmets.com\/blog\/wp-content\/uploads\/2022\/11\/Casque-Bor\u00e9al-Black-Orange-Marko-1024x148.png\" alt=\"\" class=\"wp-image-1094\" srcset=\"https:\/\/www.marko-helmets.com\/blog\/wp-content\/uploads\/2022\/11\/Casque-Bor\u00e9al-Black-Orange-Marko-1024x148.png 1024w, https:\/\/www.marko-helmets.com\/blog\/wp-content\/uploads\/2022\/11\/Casque-Bor\u00e9al-Black-Orange-Marko-300x43.png 300w, https:\/\/www.marko-helmets.com\/blog\/wp-content\/uploads\/2022\/11\/Casque-Bor\u00e9al-Black-Orange-Marko-768x111.png 768w, https:\/\/www.marko-helmets.com\/blog\/wp-content\/uploads\/2022\/11\/Casque-Bor\u00e9al-Black-Orange-Marko-1536x223.png 1536w, https:\/\/www.marko-helmets.com\/blog\/wp-content\/uploads\/2022\/11\/Casque-Bor\u00e9al-Black-Orange-Marko-2048x297.png 2048w, https:\/\/www.marko-helmets.com\/blog\/wp-content\/uploads\/2022\/11\/Casque-Bor\u00e9al-Black-Orange-Marko-1080x157.png 1080w\" sizes=\"auto, (max-width: 1024px) 100vw, 1024px\" \/><\/a><\/figure>\n\n\n\n<p> Casque Bor\u00e9al Marko &#8211; Black Chrome<\/p>\n\n\n\n<figure class=\"wp-block-image size-large\"><a href=\"https:\/\/marko-helmets.com\/casque-moto-boreal-marko-helmets-p-236-4395.html#\/2-taille-m\/136-couleur-noir_chrome\" target=\"_blank\" rel=\"noreferrer noopener\"><img loading=\"lazy\" decoding=\"async\" width=\"1024\" height=\"149\" src=\"https:\/\/www.marko-helmets.com\/blog\/wp-content\/uploads\/2022\/11\/Casque-Bor\u00e9al-Black-Chrome-Marko-1024x149.png\" alt=\"\" class=\"wp-image-1096\" srcset=\"https:\/\/www.marko-helmets.com\/blog\/wp-content\/uploads\/2022\/11\/Casque-Bor\u00e9al-Black-Chrome-Marko-1024x149.png 1024w, https:\/\/www.marko-helmets.com\/blog\/wp-content\/uploads\/2022\/11\/Casque-Bor\u00e9al-Black-Chrome-Marko-300x44.png 300w, https:\/\/www.marko-helmets.com\/blog\/wp-content\/uploads\/2022\/11\/Casque-Bor\u00e9al-Black-Chrome-Marko-768x112.png 768w, https:\/\/www.marko-helmets.com\/blog\/wp-content\/uploads\/2022\/11\/Casque-Bor\u00e9al-Black-Chrome-Marko-1536x224.png 1536w, https:\/\/www.marko-helmets.com\/blog\/wp-content\/uploads\/2022\/11\/Casque-Bor\u00e9al-Black-Chrome-Marko-2048x299.png 2048w, https:\/\/www.marko-helmets.com\/blog\/wp-content\/uploads\/2022\/11\/Casque-Bor\u00e9al-Black-Chrome-Marko-1080x158.png 1080w\" sizes=\"auto, (max-width: 1024px) 100vw, 1024px\" \/><\/a><\/figure>\n\n\n\n<p>Casque Bor\u00e9al Marko &#8211; Red<\/p>\n\n\n\n<figure class=\"wp-block-image size-large\"><a href=\"https:\/\/marko-helmets.com\/casque-moto-boreal-marko-helmets-p-236-4400.html#\/2-taille-m\/120-couleur-rouge\" target=\"_blank\" rel=\"noreferrer noopener\"><img loading=\"lazy\" decoding=\"async\" width=\"1024\" height=\"149\" src=\"https:\/\/www.marko-helmets.com\/blog\/wp-content\/uploads\/2022\/11\/Casque-Bor\u00e9al-Red-Marko-1024x149.png\" alt=\"\" class=\"wp-image-1099\" srcset=\"https:\/\/www.marko-helmets.com\/blog\/wp-content\/uploads\/2022\/11\/Casque-Bor\u00e9al-Red-Marko-1024x149.png 1024w, https:\/\/www.marko-helmets.com\/blog\/wp-content\/uploads\/2022\/11\/Casque-Bor\u00e9al-Red-Marko-300x44.png 300w, https:\/\/www.marko-helmets.com\/blog\/wp-content\/uploads\/2022\/11\/Casque-Bor\u00e9al-Red-Marko-768x112.png 768w, https:\/\/www.marko-helmets.com\/blog\/wp-content\/uploads\/2022\/11\/Casque-Bor\u00e9al-Red-Marko-1536x224.png 1536w, https:\/\/www.marko-helmets.com\/blog\/wp-content\/uploads\/2022\/11\/Casque-Bor\u00e9al-Red-Marko-2048x298.png 2048w, https:\/\/www.marko-helmets.com\/blog\/wp-content\/uploads\/2022\/11\/Casque-Bor\u00e9al-Red-Marko-1080x157.png 1080w\" sizes=\"auto, (max-width: 1024px) 100vw, 1024px\" \/><\/a><\/figure>\n\n\n\n<p>Casque Bor\u00e9al Marko &#8211; Black Gold Mat<\/p>\n\n\n\n<figure class=\"wp-block-image size-large\"><a href=\"https:\/\/marko-helmets.com\/casque-moto-boreal-marko-helmets-p-236-4388.html#\/2-taille-m\/135-couleur-noir_mat_or\" target=\"_blank\" rel=\"noreferrer noopener\"><img loading=\"lazy\" decoding=\"async\" width=\"1024\" height=\"149\" src=\"https:\/\/www.marko-helmets.com\/blog\/wp-content\/uploads\/2022\/11\/Casque-Bor\u00e9al-Black-Mat-Gold-Marko-1024x149.png\" alt=\"\" class=\"wp-image-1100\" srcset=\"https:\/\/www.marko-helmets.com\/blog\/wp-content\/uploads\/2022\/11\/Casque-Bor\u00e9al-Black-Mat-Gold-Marko-1024x149.png 1024w, https:\/\/www.marko-helmets.com\/blog\/wp-content\/uploads\/2022\/11\/Casque-Bor\u00e9al-Black-Mat-Gold-Marko-300x44.png 300w, https:\/\/www.marko-helmets.com\/blog\/wp-content\/uploads\/2022\/11\/Casque-Bor\u00e9al-Black-Mat-Gold-Marko-768x112.png 768w, https:\/\/www.marko-helmets.com\/blog\/wp-content\/uploads\/2022\/11\/Casque-Bor\u00e9al-Black-Mat-Gold-Marko-1536x224.png 1536w, https:\/\/www.marko-helmets.com\/blog\/wp-content\/uploads\/2022\/11\/Casque-Bor\u00e9al-Black-Mat-Gold-Marko-2048x299.png 2048w, https:\/\/www.marko-helmets.com\/blog\/wp-content\/uploads\/2022\/11\/Casque-Bor\u00e9al-Black-Mat-Gold-Marko-1080x158.png 1080w\" sizes=\"auto, (max-width: 1024px) 100vw, 1024px\" \/><\/a><\/figure>\n\n\n\n<h2 class=\"wp-block-heading\">Les accessoires<\/h2>\n\n\n\n<p>Les visi\u00e8res casque Bor\u00e9al<\/p>\n\n\n\n<figure class=\"wp-block-image size-large\"><a href=\"https:\/\/marko-helmets.com\/visiere-casque-jet-boreal-marko-helmets-p-11-5517.html#\/159-couleur-fume_clair\" target=\"_blank\" rel=\"noreferrer noopener\"><img loading=\"lazy\" decoding=\"async\" width=\"1024\" height=\"149\" src=\"https:\/\/www.marko-helmets.com\/blog\/wp-content\/uploads\/2022\/11\/Visi\u00e8res-Casque-Bor\u00e9al-Marko-1024x149.png\" alt=\"\" class=\"wp-image-1103\" srcset=\"https:\/\/www.marko-helmets.com\/blog\/wp-content\/uploads\/2022\/11\/Visi\u00e8res-Casque-Bor\u00e9al-Marko-1024x149.png 1024w, https:\/\/www.marko-helmets.com\/blog\/wp-content\/uploads\/2022\/11\/Visi\u00e8res-Casque-Bor\u00e9al-Marko-300x44.png 300w, https:\/\/www.marko-helmets.com\/blog\/wp-content\/uploads\/2022\/11\/Visi\u00e8res-Casque-Bor\u00e9al-Marko-768x112.png 768w, https:\/\/www.marko-helmets.com\/blog\/wp-content\/uploads\/2022\/11\/Visi\u00e8res-Casque-Bor\u00e9al-Marko-1536x224.png 1536w, https:\/\/www.marko-helmets.com\/blog\/wp-content\/uploads\/2022\/11\/Visi\u00e8res-Casque-Bor\u00e9al-Marko-2048x298.png 2048w, https:\/\/www.marko-helmets.com\/blog\/wp-content\/uploads\/2022\/11\/Visi\u00e8res-Casque-Bor\u00e9al-Marko-1080x157.png 1080w\" sizes=\"auto, (max-width: 1024px) 100vw, 1024px\" \/><\/a><\/figure>\n\n\n\n<p>Les vis casque Bor\u00e9al<\/p>\n\n\n\n<figure class=\"wp-block-image size-large\"><a href=\"https:\/\/marko-helmets.com\/kit-vis-casque-boreal-marko-helmets-p-359-6860.html#\/178-couleur-or\" target=\"_blank\" rel=\"noreferrer noopener\"><img loading=\"lazy\" decoding=\"async\" width=\"1024\" height=\"131\" src=\"https:\/\/www.marko-helmets.com\/blog\/wp-content\/uploads\/2022\/11\/Vis-Casque-Bor\u00e9al-Marko-1024x131.png\" alt=\"\" class=\"wp-image-1104\" srcset=\"https:\/\/www.marko-helmets.com\/blog\/wp-content\/uploads\/2022\/11\/Vis-Casque-Bor\u00e9al-Marko-1024x131.png 1024w, https:\/\/www.marko-helmets.com\/blog\/wp-content\/uploads\/2022\/11\/Vis-Casque-Bor\u00e9al-Marko-300x38.png 300w, https:\/\/www.marko-helmets.com\/blog\/wp-content\/uploads\/2022\/11\/Vis-Casque-Bor\u00e9al-Marko-768x99.png 768w, https:\/\/www.marko-helmets.com\/blog\/wp-content\/uploads\/2022\/11\/Vis-Casque-Bor\u00e9al-Marko-1536x197.png 1536w, https:\/\/www.marko-helmets.com\/blog\/wp-content\/uploads\/2022\/11\/Vis-Casque-Bor\u00e9al-Marko-2048x263.png 2048w, https:\/\/www.marko-helmets.com\/blog\/wp-content\/uploads\/2022\/11\/Vis-Casque-Bor\u00e9al-Marko-1080x139.png 1080w\" sizes=\"auto, (max-width: 1024px) 100vw, 1024px\" \/><\/a><\/figure>\n\n\n\n<h2 class=\"wp-block-heading\">Les caract\u00e9ristiques techniques du casque :<\/h2>\n\n\n\n<p><strong>Tailles : XS \u00e0 XXL<\/strong><\/p>\n\n\n\n<p><strong>Poids :<\/strong> 1100 g ( +\/- 50g )<\/p>\n\n\n\n<p><strong>Homologation :<\/strong> ecer22-06<\/p>\n\n\n\n<ul class=\"wp-block-list\">\n<li> Coque en fibre de verre <\/li>\n\n\n\n<li> Int\u00e9rieur textile d\u00e9montable et lavable<\/li>\n\n\n\n<li> Fermeture microm\u00e9trique<\/li>\n\n\n\n<li> Champ de vision large <\/li>\n\n\n\n<li> \u00c9cran solaire interne r\u00e9glable <\/li>\n\n\n\n<li> \u00c9cran long incolore anti rayure <\/li>\n\n\n\n<li> Fixation pour lunettes\/masque en cas d\u2019utilisation sans l\u2019\u00e9cran <\/li>\n\n\n\n<li> Livr\u00e9 avec une housse de transport et des stickers r\u00e9fl\u00e9chissants <\/li>\n<\/ul>\n\n\n\n<p><strong>Prix public :<\/strong> \u00e0 partir de 279 \u20ac<\/p>\n\n\n\n<div class=\"wp-block-button aligncenter\"><a class=\"wp-block-button__link has-background wp-element-button\" href=\"https:\/\/marko-helmets.com\/\" style=\"background-color:#c39f76\" target=\"_blank\" rel=\"noreferrer noopener\">Disponible sur marko helmets<\/a><\/div>\n","protected":false},"excerpt":{"rendered":"<p>Marko Helmets propose un casque n\u00e9 de la tendance n\u00e9o-r\u00e9tro, d\u2019un fort besoin de libert\u00e9 et d\u2019aventure. Les lignes \u00e9pur\u00e9es du casque et son format tr\u00e8s compact positionnent le Bor\u00e9al comme un incontournable du genre. Outre son design sobre, le Bor\u00e9al se d\u00e9marque par son c\u00f4t\u00e9 pratique et modulable. L\u2019essence m\u00eame de ce casque jet est de rouler sur des centaines de kilom\u00e8tres avec un confort optimal. Le casque Bor\u00e9al est \u00e9quip\u00e9 d\u2019un \u00e9cran int\u00e9gr\u00e9 \u00e0 sa calotte, il est \u00e0 l\u2019image de ce que l\u2019on peut retrouver sur les casques GT. De plus, sa visi\u00e8re longue offre une protection optimale du visage face aux d\u00e9sagr\u00e9ments naturels : poussi\u00e8re, pluie, insectes\u2026Les finitions exceptionnelles du Bor\u00e9al lui autorisent un changement de style en quelques secondes. Le casque jet peut ainsi passer d\u2019un style urbain \u00e0 un style aux lignes r\u00e9tro ind\u00e9modable en y ajoutant un masque par exemple. M\u00c2RK\u00d6 parvient ainsi \u00e0 proposer un casque \u00e9l\u00e9gant, offrant diff\u00e9rents styles, ajoutant \u00e0 son caract\u00e8re pratique une nature durable. Le Bor\u00e9al est dot\u00e9 d\u2019une structure technique d\u00e9di\u00e9e \u00e0 la pratique de la route : Le Bor\u00e9al sait s\u2019adapter \u00e0 son temps. Son contour en \u00e9lastom\u00e8re lui offre un c\u00f4t\u00e9 r\u00e9solument moderne. Il n\u2019oublie [&hellip;]<\/p>\n","protected":false},"author":1,"featured_media":0,"parent":999,"menu_order":3,"comment_status":"closed","ping_status":"closed","template":"","meta":{"footnotes":""},"class_list":["post-119","page","type-page","status-publish","hentry"],"_links":{"self":[{"href":"https:\/\/www.marko-helmets.com\/blog\/wp-json\/wp\/v2\/pages\/119","targetHints":{"allow":["GET"]}}],"collection":[{"href":"https:\/\/www.marko-helmets.com\/blog\/wp-json\/wp\/v2\/pages"}],"about":[{"href":"https:\/\/www.marko-helmets.com\/blog\/wp-json\/wp\/v2\/types\/page"}],"author":[{"embeddable":true,"href":"https:\/\/www.marko-helmets.com\/blog\/wp-json\/wp\/v2\/users\/1"}],"replies":[{"embeddable":true,"href":"https:\/\/www.marko-helmets.com\/blog\/wp-json\/wp\/v2\/comments?post=119"}],"version-history":[{"count":19,"href":"https:\/\/www.marko-helmets.com\/blog\/wp-json\/wp\/v2\/pages\/119\/revisions"}],"predecessor-version":[{"id":1536,"href":"https:\/\/www.marko-helmets.com\/blog\/wp-json\/wp\/v2\/pages\/119\/revisions\/1536"}],"up":[{"embeddable":true,"href":"https:\/\/www.marko-helmets.com\/blog\/wp-json\/wp\/v2\/pages\/999"}],"wp:attachment":[{"href":"https:\/\/www.marko-helmets.com\/blog\/wp-json\/wp\/v2\/media?parent=119"}],"curies":[{"name":"wp","href":"https:\/\/api.w.org\/{rel}","templated":true}]}}