{"id":1072,"date":"2022-11-04T11:08:00","date_gmt":"2022-11-04T09:08:00","guid":{"rendered":"https:\/\/www.marko-helmets.com\/blog\/?page_id=1072"},"modified":"2025-01-17T16:31:14","modified_gmt":"2025-01-17T14:31:14","slug":"le-casque-m-jet-fiber","status":"publish","type":"page","link":"https:\/\/www.marko-helmets.com\/blog\/accueil\/les-casques-moto\/gamme-urbaine\/le-casque-m-jet-fiber\/","title":{"rendered":"Le casque M-Jet Fiber"},"content":{"rendered":"\n<p><a href=\"https:\/\/marko-helmets.com\/\" target=\"_blank\" rel=\"noreferrer noopener\" aria-label=\"Marko Helmets (s\u2019ouvre dans un nouvel onglet)\">Marko Helmets<\/a> a con\u00e7u un casque ergonomique id\u00e9al pour les trajets quotidiens en zones urbaines. Le casque M-Jet Fiber fait partie des casques Jet le plus appr\u00e9ci\u00e9s des motocyclistes urbains. Son design moderne passe-partout pour vos d\u00e9placements.  <\/p>\n\n\n\n<figure class=\"wp-block-image size-large\"><img loading=\"lazy\" decoding=\"async\" width=\"1024\" height=\"618\" src=\"https:\/\/www.marko-helmets.com\/blog\/wp-content\/uploads\/2022\/11\/mjet-casque-markohelmets-SENA-credit-rawcollectif-00001-1024x618.jpg\" alt=\"\" class=\"wp-image-1073\" srcset=\"https:\/\/www.marko-helmets.com\/blog\/wp-content\/uploads\/2022\/11\/mjet-casque-markohelmets-SENA-credit-rawcollectif-00001-1024x618.jpg 1024w, https:\/\/www.marko-helmets.com\/blog\/wp-content\/uploads\/2022\/11\/mjet-casque-markohelmets-SENA-credit-rawcollectif-00001-300x181.jpg 300w, https:\/\/www.marko-helmets.com\/blog\/wp-content\/uploads\/2022\/11\/mjet-casque-markohelmets-SENA-credit-rawcollectif-00001-768x463.jpg 768w, https:\/\/www.marko-helmets.com\/blog\/wp-content\/uploads\/2022\/11\/mjet-casque-markohelmets-SENA-credit-rawcollectif-00001-1536x927.jpg 1536w, https:\/\/www.marko-helmets.com\/blog\/wp-content\/uploads\/2022\/11\/mjet-casque-markohelmets-SENA-credit-rawcollectif-00001-1080x652.jpg 1080w, https:\/\/www.marko-helmets.com\/blog\/wp-content\/uploads\/2022\/11\/mjet-casque-markohelmets-SENA-credit-rawcollectif-00001.jpg 2000w\" sizes=\"auto, (max-width: 1024px) 100vw, 1024px\" \/><\/figure>\n\n\n\n<p>Le <a href=\"https:\/\/marko-helmets.com\/content\/27-le-casque-jet-technique-de-marko-helmets\" target=\"_blank\" rel=\"noreferrer noopener\" aria-label=\"M-Jet Fiber  (s\u2019ouvre dans un nouvel onglet)\">M-Jet Fiber <\/a>est \u00e0 la fois l\u00e9ger et offre \u00e0 son utilisateur un excellent champ de vision et un confort optimal. C\u2019est un casque jet particuli\u00e8rement complet : \u00e9cran solaire int\u00e9gr\u00e9, syst\u00e8me de ventilation, int\u00e9rieur d\u00e9montable, boucle microm\u00e9trique, \u00e9cran large pour une bonne vision p\u00e9riph\u00e9rique en agglom\u00e9ration.<\/p>\n\n\n\n<figure class=\"wp-block-image size-large\"><img loading=\"lazy\" decoding=\"async\" width=\"1024\" height=\"650\" src=\"https:\/\/www.marko-helmets.com\/blog\/wp-content\/uploads\/2022\/11\/blog-M-jet-Fiber-1024x650.png\" alt=\"\" class=\"wp-image-1074\" srcset=\"https:\/\/www.marko-helmets.com\/blog\/wp-content\/uploads\/2022\/11\/blog-M-jet-Fiber-1024x650.png 1024w, https:\/\/www.marko-helmets.com\/blog\/wp-content\/uploads\/2022\/11\/blog-M-jet-Fiber-300x190.png 300w, https:\/\/www.marko-helmets.com\/blog\/wp-content\/uploads\/2022\/11\/blog-M-jet-Fiber-768x487.png 768w, https:\/\/www.marko-helmets.com\/blog\/wp-content\/uploads\/2022\/11\/blog-M-jet-Fiber-1536x975.png 1536w, https:\/\/www.marko-helmets.com\/blog\/wp-content\/uploads\/2022\/11\/blog-M-jet-Fiber-1080x685.png 1080w, https:\/\/www.marko-helmets.com\/blog\/wp-content\/uploads\/2022\/11\/blog-M-jet-Fiber.png 2000w\" sizes=\"auto, (max-width: 1024px) 100vw, 1024px\" \/><\/figure>\n\n\n\n<p>Le M-Jet Fiber \u00e9vacue l\u2019humidit\u00e9 en toute efficacit\u00e9 gr\u00e2ce \u00e0 son rembourrage en Alcantara amovible et lavable. Sa doublure&nbsp;est hypoallerg\u00e9nique. Par ailleurs, ce casque permet l\u2019installation d\u2019un communicateur Bluetooth comme le MARKOM gr\u00e2ce \u00e0 la pr\u00e9sence d\u2019un dispositif permettant d\u2019accueillir les haut-parleurs. <\/p>\n\n\n\n<p>Le casque est disponible dans 5 coloris.  <\/p>\n\n\n\n<h2 class=\"wp-block-heading\">Casque M-Jet Fiber &#8211; Coloris<\/h2>\n\n\n\n<p>Casque M-Jet Marko &#8211; <a href=\"https:\/\/marko-helmets.com\/casque-m-jet-fiber-marko-p-259-5267.html#\/2-taille-m\/117-couleur-noir_mat\" target=\"_blank\" rel=\"noreferrer noopener\" aria-label=\"Black Mat (s\u2019ouvre dans un nouvel onglet)\">Black Mat<\/a><\/p>\n\n\n\n<figure class=\"wp-block-image size-large\"><img loading=\"lazy\" decoding=\"async\" width=\"1024\" height=\"174\" src=\"https:\/\/www.marko-helmets.com\/blog\/wp-content\/uploads\/2022\/11\/Casque-M-jet-Fiber-Black-Mat-Marko-1024x174.png\" alt=\"\" class=\"wp-image-1075\" srcset=\"https:\/\/www.marko-helmets.com\/blog\/wp-content\/uploads\/2022\/11\/Casque-M-jet-Fiber-Black-Mat-Marko-1024x174.png 1024w, https:\/\/www.marko-helmets.com\/blog\/wp-content\/uploads\/2022\/11\/Casque-M-jet-Fiber-Black-Mat-Marko-300x51.png 300w, https:\/\/www.marko-helmets.com\/blog\/wp-content\/uploads\/2022\/11\/Casque-M-jet-Fiber-Black-Mat-Marko-768x131.png 768w, https:\/\/www.marko-helmets.com\/blog\/wp-content\/uploads\/2022\/11\/Casque-M-jet-Fiber-Black-Mat-Marko-1536x261.png 1536w, https:\/\/www.marko-helmets.com\/blog\/wp-content\/uploads\/2022\/11\/Casque-M-jet-Fiber-Black-Mat-Marko-2048x348.png 2048w, https:\/\/www.marko-helmets.com\/blog\/wp-content\/uploads\/2022\/11\/Casque-M-jet-Fiber-Black-Mat-Marko-1080x184.png 1080w\" sizes=\"auto, (max-width: 1024px) 100vw, 1024px\" \/><\/figure>\n\n\n\n<p> Casque M-Jet Marko &#8211; <a href=\"https:\/\/marko-helmets.com\/casque-m-jet-fiber-marko-p-259-5278.html#\/3-taille-l\/149-couleur-grey_nardo\" target=\"_blank\" rel=\"noreferrer noopener\" aria-label=\"Grey Nardo (s\u2019ouvre dans un nouvel onglet)\">Grey Nardo<\/a><\/p>\n\n\n\n<figure class=\"wp-block-image size-large\"><img loading=\"lazy\" decoding=\"async\" width=\"1024\" height=\"173\" src=\"https:\/\/www.marko-helmets.com\/blog\/wp-content\/uploads\/2022\/11\/Casque-M-jet-Fiber-Grey-Nardo-Marko-1024x173.png\" alt=\"\" class=\"wp-image-1076\" srcset=\"https:\/\/www.marko-helmets.com\/blog\/wp-content\/uploads\/2022\/11\/Casque-M-jet-Fiber-Grey-Nardo-Marko-1024x173.png 1024w, https:\/\/www.marko-helmets.com\/blog\/wp-content\/uploads\/2022\/11\/Casque-M-jet-Fiber-Grey-Nardo-Marko-300x51.png 300w, https:\/\/www.marko-helmets.com\/blog\/wp-content\/uploads\/2022\/11\/Casque-M-jet-Fiber-Grey-Nardo-Marko-768x130.png 768w, https:\/\/www.marko-helmets.com\/blog\/wp-content\/uploads\/2022\/11\/Casque-M-jet-Fiber-Grey-Nardo-Marko-1536x259.png 1536w, https:\/\/www.marko-helmets.com\/blog\/wp-content\/uploads\/2022\/11\/Casque-M-jet-Fiber-Grey-Nardo-Marko-2048x345.png 2048w, https:\/\/www.marko-helmets.com\/blog\/wp-content\/uploads\/2022\/11\/Casque-M-jet-Fiber-Grey-Nardo-Marko-1080x182.png 1080w\" sizes=\"auto, (max-width: 1024px) 100vw, 1024px\" \/><\/figure>\n\n\n\n<p> Casque M-Jet Marko &#8211; <a href=\"https:\/\/marko-helmets.com\/casque-m-jet-fiber-marko-p-259-5284.html#\/26-taille-xl\/128-couleur-bleu_mat\" target=\"_blank\" rel=\"noreferrer noopener\" aria-label=\"Bleu Mat (s\u2019ouvre dans un nouvel onglet)\">Bleu Mat<\/a><\/p>\n\n\n\n<figure class=\"wp-block-image size-large\"><img loading=\"lazy\" decoding=\"async\" width=\"1024\" height=\"173\" src=\"https:\/\/www.marko-helmets.com\/blog\/wp-content\/uploads\/2022\/11\/Casque-M-jet-Fiber-Bleu-Mat-Marko-1024x173.png\" alt=\"\" class=\"wp-image-1077\" srcset=\"https:\/\/www.marko-helmets.com\/blog\/wp-content\/uploads\/2022\/11\/Casque-M-jet-Fiber-Bleu-Mat-Marko-1024x173.png 1024w, https:\/\/www.marko-helmets.com\/blog\/wp-content\/uploads\/2022\/11\/Casque-M-jet-Fiber-Bleu-Mat-Marko-300x51.png 300w, https:\/\/www.marko-helmets.com\/blog\/wp-content\/uploads\/2022\/11\/Casque-M-jet-Fiber-Bleu-Mat-Marko-768x130.png 768w, https:\/\/www.marko-helmets.com\/blog\/wp-content\/uploads\/2022\/11\/Casque-M-jet-Fiber-Bleu-Mat-Marko-1536x260.png 1536w, https:\/\/www.marko-helmets.com\/blog\/wp-content\/uploads\/2022\/11\/Casque-M-jet-Fiber-Bleu-Mat-Marko-2048x347.png 2048w, https:\/\/www.marko-helmets.com\/blog\/wp-content\/uploads\/2022\/11\/Casque-M-jet-Fiber-Bleu-Mat-Marko-1080x183.png 1080w\" sizes=\"auto, (max-width: 1024px) 100vw, 1024px\" \/><\/figure>\n\n\n\n<p> Casque M-Jet Marko &#8211; <a href=\"https:\/\/marko-helmets.com\/casque-m-jet-fiber-marko-p-259-5271.html#\/1-taille-s\/108-couleur-noir\" target=\"_blank\" rel=\"noreferrer noopener\" aria-label=\"Black (s\u2019ouvre dans un nouvel onglet)\">Black<\/a><\/p>\n\n\n\n<figure class=\"wp-block-image size-large\"><img loading=\"lazy\" decoding=\"async\" width=\"1024\" height=\"173\" src=\"https:\/\/www.marko-helmets.com\/blog\/wp-content\/uploads\/2022\/11\/Casque-M-jet-Fiber-Black-Marko-1024x173.png\" alt=\"\" class=\"wp-image-1078\" srcset=\"https:\/\/www.marko-helmets.com\/blog\/wp-content\/uploads\/2022\/11\/Casque-M-jet-Fiber-Black-Marko-1024x173.png 1024w, https:\/\/www.marko-helmets.com\/blog\/wp-content\/uploads\/2022\/11\/Casque-M-jet-Fiber-Black-Marko-300x51.png 300w, https:\/\/www.marko-helmets.com\/blog\/wp-content\/uploads\/2022\/11\/Casque-M-jet-Fiber-Black-Marko-768x130.png 768w, https:\/\/www.marko-helmets.com\/blog\/wp-content\/uploads\/2022\/11\/Casque-M-jet-Fiber-Black-Marko-1536x260.png 1536w, https:\/\/www.marko-helmets.com\/blog\/wp-content\/uploads\/2022\/11\/Casque-M-jet-Fiber-Black-Marko-2048x347.png 2048w, https:\/\/www.marko-helmets.com\/blog\/wp-content\/uploads\/2022\/11\/Casque-M-jet-Fiber-Black-Marko-1080x183.png 1080w\" sizes=\"auto, (max-width: 1024px) 100vw, 1024px\" \/><\/figure>\n\n\n\n<p> Casque M-Jet Marko &#8211; <a href=\"https:\/\/marko-helmets.com\/casque-m-jet-fiber-marko-p-259-5288.html#\/3-taille-l\/121-couleur-titanium_mat\" target=\"_blank\" rel=\"noreferrer noopener\" aria-label=\"Titanium Mat (s\u2019ouvre dans un nouvel onglet)\">Titanium Mat<\/a> <\/p>\n\n\n\n<figure class=\"wp-block-image size-large\"><img loading=\"lazy\" decoding=\"async\" width=\"1024\" height=\"173\" src=\"https:\/\/www.marko-helmets.com\/blog\/wp-content\/uploads\/2022\/11\/Casque-M-jet-Fiber-Titanium-Mat-Marko-1024x173.png\" alt=\"\" class=\"wp-image-1079\" srcset=\"https:\/\/www.marko-helmets.com\/blog\/wp-content\/uploads\/2022\/11\/Casque-M-jet-Fiber-Titanium-Mat-Marko-1024x173.png 1024w, https:\/\/www.marko-helmets.com\/blog\/wp-content\/uploads\/2022\/11\/Casque-M-jet-Fiber-Titanium-Mat-Marko-300x51.png 300w, https:\/\/www.marko-helmets.com\/blog\/wp-content\/uploads\/2022\/11\/Casque-M-jet-Fiber-Titanium-Mat-Marko-768x130.png 768w, https:\/\/www.marko-helmets.com\/blog\/wp-content\/uploads\/2022\/11\/Casque-M-jet-Fiber-Titanium-Mat-Marko-1536x260.png 1536w, https:\/\/www.marko-helmets.com\/blog\/wp-content\/uploads\/2022\/11\/Casque-M-jet-Fiber-Titanium-Mat-Marko-2048x347.png 2048w, https:\/\/www.marko-helmets.com\/blog\/wp-content\/uploads\/2022\/11\/Casque-M-jet-Fiber-Titanium-Mat-Marko-1080x183.png 1080w\" sizes=\"auto, (max-width: 1024px) 100vw, 1024px\" \/><\/figure>\n\n\n\n<h2 class=\"wp-block-heading\">Les Accessoires<\/h2>\n\n\n\n<figure class=\"wp-block-image size-large\"><img loading=\"lazy\" decoding=\"async\" width=\"1024\" height=\"173\" src=\"https:\/\/www.marko-helmets.com\/blog\/wp-content\/uploads\/2022\/11\/Visi\u00e8res-Casque-M-jet-Fiber-Marko-1024x173.png\" alt=\"\" class=\"wp-image-1080\" srcset=\"https:\/\/www.marko-helmets.com\/blog\/wp-content\/uploads\/2022\/11\/Visi\u00e8res-Casque-M-jet-Fiber-Marko-1024x173.png 1024w, https:\/\/www.marko-helmets.com\/blog\/wp-content\/uploads\/2022\/11\/Visi\u00e8res-Casque-M-jet-Fiber-Marko-300x51.png 300w, https:\/\/www.marko-helmets.com\/blog\/wp-content\/uploads\/2022\/11\/Visi\u00e8res-Casque-M-jet-Fiber-Marko-768x130.png 768w, https:\/\/www.marko-helmets.com\/blog\/wp-content\/uploads\/2022\/11\/Visi\u00e8res-Casque-M-jet-Fiber-Marko-1536x260.png 1536w, https:\/\/www.marko-helmets.com\/blog\/wp-content\/uploads\/2022\/11\/Visi\u00e8res-Casque-M-jet-Fiber-Marko-2048x347.png 2048w, https:\/\/www.marko-helmets.com\/blog\/wp-content\/uploads\/2022\/11\/Visi\u00e8res-Casque-M-jet-Fiber-Marko-1080x183.png 1080w\" sizes=\"auto, (max-width: 1024px) 100vw, 1024px\" \/><\/figure>\n\n\n\n<h2 class=\"wp-block-heading\">Les caract\u00e9ristiques techniques du casque :<\/h2>\n\n\n\n<p><strong>Tailles :<\/strong> XS \u00e0 XL.&nbsp;<\/p>\n\n\n\n<p><strong>Poids :<\/strong> 1200g ( +\/- 50g )<\/p>\n\n\n\n<p><strong>Homologation :<\/strong> ecer22-06<br><\/p>\n\n\n\n<ul class=\"wp-block-list\">\n<li> Casque jet avec une coque en fibre tri-composite <\/li>\n\n\n\n<li> Int\u00e9rieur antibact\u00e9rien, anti odeurs et anti transpiration <\/li>\n\n\n\n<li> Int\u00e9rieur enti\u00e8rement d\u00e9montable et lavable <\/li>\n\n\n\n<li> Passage des lunettes facilit\u00e9 gr\u00e2ce \u00e0 des cannelures pr\u00e9vues dans les mousses <\/li>\n\n\n\n<li> \u00c9cran incolore trait\u00e9 anti-UV et antibu\u00e9e <\/li>\n\n\n\n<li> Champ de vision large <\/li>\n\n\n\n<li> \u00c9cran solaire interne r\u00e9glable <\/li>\n\n\n\n<li> Syst\u00e8me de remplacements de l&rsquo;\u00e9cran EASY LOCK : d\u00e9montage sans outils <\/li>\n\n\n\n<li> Circulation de l&rsquo;air optimale gr\u00e2ce \u00e0 sa ventilation sup\u00e9rieure <\/li>\n\n\n\n<li> Fermeture de la jugulaire par boucle microm\u00e9trique en acier inoxydable <\/li>\n\n\n\n<li> Livr\u00e9 avec une housse de transport et des stickers r\u00e9fl\u00e9chissants<\/li>\n<\/ul>\n\n\n\n<p><strong>Prix public :<\/strong> 199 \u20ac<\/p>\n\n\n\n<div class=\"wp-block-button aligncenter\"><a class=\"wp-block-button__link has-background wp-element-button\" href=\"https:\/\/marko-helmets.com\/\" style=\"background-color:#c39f76\" target=\"_blank\" rel=\"noreferrer noopener\">Disponible sur marko helmets<\/a><\/div>\n\n\n\n<p><\/p>\n","protected":false},"excerpt":{"rendered":"<p>Marko Helmets a con\u00e7u un casque ergonomique id\u00e9al pour les trajets quotidiens en zones urbaines. Le casque M-Jet Fiber fait partie des casques Jet le plus appr\u00e9ci\u00e9s des motocyclistes urbains. Son design moderne passe-partout pour vos d\u00e9placements. Le M-Jet Fiber est \u00e0 la fois l\u00e9ger et offre \u00e0 son utilisateur un excellent champ de vision et un confort optimal. C\u2019est un casque jet particuli\u00e8rement complet : \u00e9cran solaire int\u00e9gr\u00e9, syst\u00e8me de ventilation, int\u00e9rieur d\u00e9montable, boucle microm\u00e9trique, \u00e9cran large pour une bonne vision p\u00e9riph\u00e9rique en agglom\u00e9ration. Le M-Jet Fiber \u00e9vacue l\u2019humidit\u00e9 en toute efficacit\u00e9 gr\u00e2ce \u00e0 son rembourrage en Alcantara amovible et lavable. Sa doublure&nbsp;est hypoallerg\u00e9nique. Par ailleurs, ce casque permet l\u2019installation d\u2019un communicateur Bluetooth comme le MARKOM gr\u00e2ce \u00e0 la pr\u00e9sence d\u2019un dispositif permettant d\u2019accueillir les haut-parleurs. Le casque est disponible dans 5 coloris. Casque M-Jet Fiber &#8211; Coloris Casque M-Jet Marko &#8211; Black Mat Casque M-Jet Marko &#8211; Grey Nardo Casque M-Jet Marko &#8211; Bleu Mat Casque M-Jet Marko &#8211; Black Casque M-Jet Marko &#8211; Titanium Mat Les Accessoires Les caract\u00e9ristiques techniques du casque : Tailles : XS \u00e0 XL.&nbsp; Poids : 1200g ( +\/- 50g ) Homologation : ecer22-06 Prix public : 199 \u20ac<\/p>\n","protected":false},"author":1,"featured_media":0,"parent":1002,"menu_order":3,"comment_status":"closed","ping_status":"closed","template":"","meta":{"footnotes":""},"class_list":["post-1072","page","type-page","status-publish","hentry"],"_links":{"self":[{"href":"https:\/\/www.marko-helmets.com\/blog\/wp-json\/wp\/v2\/pages\/1072","targetHints":{"allow":["GET"]}}],"collection":[{"href":"https:\/\/www.marko-helmets.com\/blog\/wp-json\/wp\/v2\/pages"}],"about":[{"href":"https:\/\/www.marko-helmets.com\/blog\/wp-json\/wp\/v2\/types\/page"}],"author":[{"embeddable":true,"href":"https:\/\/www.marko-helmets.com\/blog\/wp-json\/wp\/v2\/users\/1"}],"replies":[{"embeddable":true,"href":"https:\/\/www.marko-helmets.com\/blog\/wp-json\/wp\/v2\/comments?post=1072"}],"version-history":[{"count":3,"href":"https:\/\/www.marko-helmets.com\/blog\/wp-json\/wp\/v2\/pages\/1072\/revisions"}],"predecessor-version":[{"id":1546,"href":"https:\/\/www.marko-helmets.com\/blog\/wp-json\/wp\/v2\/pages\/1072\/revisions\/1546"}],"up":[{"embeddable":true,"href":"https:\/\/www.marko-helmets.com\/blog\/wp-json\/wp\/v2\/pages\/1002"}],"wp:attachment":[{"href":"https:\/\/www.marko-helmets.com\/blog\/wp-json\/wp\/v2\/media?parent=1072"}],"curies":[{"name":"wp","href":"https:\/\/api.w.org\/{rel}","templated":true}]}}