{"id":1005,"date":"2022-11-02T10:28:53","date_gmt":"2022-11-02T08:28:53","guid":{"rendered":"https:\/\/www.marko-helmets.com\/blog\/?page_id=1005"},"modified":"2023-08-28T09:22:41","modified_gmt":"2023-08-28T07:22:41","slug":"gamme-grand-tourisme","status":"publish","type":"page","link":"https:\/\/www.marko-helmets.com\/blog\/accueil\/les-casques-moto\/gamme-grand-tourisme\/","title":{"rendered":"Gamme Grand Tourisme"},"content":{"rendered":"\n<div class=\"wp-block-media-text alignwide is-image-fill\" style=\"grid-template-columns:45% auto\"><figure class=\"wp-block-media-text__media\" style=\"background-image:url(https:\/\/www.marko-helmets.com\/blog\/wp-content\/uploads\/2023\/08\/Copie-de-blog-casque-m-carbon-2000-\u00d7-1333-px-2-1024x682.png);background-position:50% 50%\"><img loading=\"lazy\" decoding=\"async\" width=\"1024\" height=\"682\" src=\"https:\/\/www.marko-helmets.com\/blog\/wp-content\/uploads\/2023\/08\/Copie-de-blog-casque-m-carbon-2000-\u00d7-1333-px-2-1024x682.png\" alt=\"\" class=\"wp-image-1327\" srcset=\"https:\/\/www.marko-helmets.com\/blog\/wp-content\/uploads\/2023\/08\/Copie-de-blog-casque-m-carbon-2000-\u00d7-1333-px-2-1024x682.png 1024w, https:\/\/www.marko-helmets.com\/blog\/wp-content\/uploads\/2023\/08\/Copie-de-blog-casque-m-carbon-2000-\u00d7-1333-px-2-300x200.png 300w, https:\/\/www.marko-helmets.com\/blog\/wp-content\/uploads\/2023\/08\/Copie-de-blog-casque-m-carbon-2000-\u00d7-1333-px-2-768x512.png 768w, https:\/\/www.marko-helmets.com\/blog\/wp-content\/uploads\/2023\/08\/Copie-de-blog-casque-m-carbon-2000-\u00d7-1333-px-2-1536x1024.png 1536w, https:\/\/www.marko-helmets.com\/blog\/wp-content\/uploads\/2023\/08\/Copie-de-blog-casque-m-carbon-2000-\u00d7-1333-px-2-1080x720.png 1080w, https:\/\/www.marko-helmets.com\/blog\/wp-content\/uploads\/2023\/08\/Copie-de-blog-casque-m-carbon-2000-\u00d7-1333-px-2.png 2000w\" sizes=\"auto, (max-width: 1024px) 100vw, 1024px\" \/><\/figure><div class=\"wp-block-media-text__content\">\n<h2 class=\"wp-block-heading\"><a href=\"https:\/\/www.marko-helmets.com\/blog\/accueil\/les-casques-moto\/gamme-grand-tourisme\/le-casque-m-carbon\/\" target=\"_blank\" rel=\"noreferrer noopener\" aria-label=\"Le casque M-Carbon (s\u2019ouvre dans un nouvel onglet)\">Le casque M-Carbon<\/a><\/h2>\n\n\n\n<p> L\u2019avantage du casque sport-tourisme<a rel=\"noreferrer noopener\" href=\"https:\/\/marko-helmets.com\/content\/41-le-casque-m-carbon-de-marko-helmets\" target=\"_blank\">&nbsp;<\/a>M-carbon&nbsp;est sa polyvalence et sa l\u00e9g\u00e8ret\u00e9 pour arpenter les routes.  Que vous rouliez en custom, en maxi-scooter ou sportive, il vous offrira les propri\u00e9t\u00e9s d\u2019un casque sportif et le confort attendu sur les longs trajets. <\/p>\n<\/div><\/div>\n\n\n\n<hr class=\"wp-block-separator is-style-wide\"\/>\n\n\n\n<div class=\"wp-block-media-text alignfull is-image-fill\" style=\"grid-template-columns:45% auto\"><figure class=\"wp-block-media-text__media\" style=\"background-image:url(https:\/\/www.marko-helmets.com\/blog\/wp-content\/uploads\/2022\/10\/Casque-modulable-M-tech-marko-helmets-1024x773.jpg);background-position:50% 50%\"><img loading=\"lazy\" decoding=\"async\" width=\"1024\" height=\"773\" src=\"https:\/\/www.marko-helmets.com\/blog\/wp-content\/uploads\/2022\/10\/Casque-modulable-M-tech-marko-helmets-1024x773.jpg\" alt=\"\" class=\"wp-image-853\" srcset=\"https:\/\/www.marko-helmets.com\/blog\/wp-content\/uploads\/2022\/10\/Casque-modulable-M-tech-marko-helmets-1024x773.jpg 1024w, https:\/\/www.marko-helmets.com\/blog\/wp-content\/uploads\/2022\/10\/Casque-modulable-M-tech-marko-helmets-300x227.jpg 300w, https:\/\/www.marko-helmets.com\/blog\/wp-content\/uploads\/2022\/10\/Casque-modulable-M-tech-marko-helmets-768x580.jpg 768w, https:\/\/www.marko-helmets.com\/blog\/wp-content\/uploads\/2022\/10\/Casque-modulable-M-tech-marko-helmets-1536x1160.jpg 1536w, https:\/\/www.marko-helmets.com\/blog\/wp-content\/uploads\/2022\/10\/Casque-modulable-M-tech-marko-helmets-2048x1547.jpg 2048w, https:\/\/www.marko-helmets.com\/blog\/wp-content\/uploads\/2022\/10\/Casque-modulable-M-tech-marko-helmets-1080x816.jpg 1080w\" sizes=\"auto, (max-width: 1024px) 100vw, 1024px\" \/><\/figure><div class=\"wp-block-media-text__content\">\n<h2 class=\"wp-block-heading\"><a href=\"https:\/\/www.marko-helmets.com\/blog\/accueil\/les-casques-moto\/gamme-grand-tourisme\/le-casque-m-tech\/\">Le casque M-Tech<\/a><\/h2>\n\n\n\n<p> Marko Helmets&nbsp;propose un casque modulable technique tr\u00e8s complet avec une double homologation E22-05 P.J . Ce nouveau casque modulable va satisfaire les motards et les scoot\u00e9ristes <\/p>\n<\/div><\/div>\n\n\n\n<hr class=\"wp-block-separator is-style-wide\"\/>\n\n\n\n<div class=\"wp-block-media-text alignfull is-image-fill\" style=\"grid-template-columns:45% auto\"><figure class=\"wp-block-media-text__media\" style=\"background-image:url(https:\/\/www.marko-helmets.com\/blog\/wp-content\/uploads\/2022\/10\/casque-m-fiber-2-marko-helmets-2-1024x819.png);background-position:50% 50%\"><img loading=\"lazy\" decoding=\"async\" width=\"1024\" height=\"819\" src=\"https:\/\/www.marko-helmets.com\/blog\/wp-content\/uploads\/2022\/10\/casque-m-fiber-2-marko-helmets-2-1024x819.png\" alt=\"\" class=\"wp-image-866\" srcset=\"https:\/\/www.marko-helmets.com\/blog\/wp-content\/uploads\/2022\/10\/casque-m-fiber-2-marko-helmets-2-1024x819.png 1024w, https:\/\/www.marko-helmets.com\/blog\/wp-content\/uploads\/2022\/10\/casque-m-fiber-2-marko-helmets-2-300x240.png 300w, https:\/\/www.marko-helmets.com\/blog\/wp-content\/uploads\/2022\/10\/casque-m-fiber-2-marko-helmets-2-768x614.png 768w, https:\/\/www.marko-helmets.com\/blog\/wp-content\/uploads\/2022\/10\/casque-m-fiber-2-marko-helmets-2-1536x1229.png 1536w, https:\/\/www.marko-helmets.com\/blog\/wp-content\/uploads\/2022\/10\/casque-m-fiber-2-marko-helmets-2-1080x864.png 1080w, https:\/\/www.marko-helmets.com\/blog\/wp-content\/uploads\/2022\/10\/casque-m-fiber-2-marko-helmets-2.png 2000w\" sizes=\"auto, (max-width: 1024px) 100vw, 1024px\" \/><\/figure><div class=\"wp-block-media-text__content\">\n<h2 class=\"wp-block-heading\"><a href=\"https:\/\/www.marko-helmets.com\/blog\/accueil\/les-casques-moto\/gamme-grand-tourisme\/le-casque-m-fiber-2\/\">Le casque M-Fiber 2<\/a><\/h2>\n\n\n\n<p> Marko Helmets&nbsp;a con\u00e7u un casque sport-tourisme polyvalent, le M-Fiber 2. Ce casque est \u00e0 la fois parfait pour des petits trajets, que pour parcourir des centaines de kilom\u00e8tres sur voies rapides et cela peu importe votre conduite. <\/p>\n<\/div><\/div>\n\n\n\n<hr class=\"wp-block-separator is-style-wide\"\/>\n\n\n\n<div class=\"wp-block-media-text alignfull is-image-fill\" style=\"grid-template-columns:45% auto\"><figure class=\"wp-block-media-text__media\" style=\"background-image:url(https:\/\/www.marko-helmets.com\/blog\/wp-content\/uploads\/2022\/11\/rone-markohelmets-credit-alexrosu-rawcollectif-casque-moto-sport-00012-1024x742.jpg);background-position:50% 50%\"><img loading=\"lazy\" decoding=\"async\" width=\"1024\" height=\"742\" src=\"https:\/\/www.marko-helmets.com\/blog\/wp-content\/uploads\/2022\/11\/rone-markohelmets-credit-alexrosu-rawcollectif-casque-moto-sport-00012-1024x742.jpg\" alt=\"\" class=\"wp-image-1039\" srcset=\"https:\/\/www.marko-helmets.com\/blog\/wp-content\/uploads\/2022\/11\/rone-markohelmets-credit-alexrosu-rawcollectif-casque-moto-sport-00012-1024x742.jpg 1024w, https:\/\/www.marko-helmets.com\/blog\/wp-content\/uploads\/2022\/11\/rone-markohelmets-credit-alexrosu-rawcollectif-casque-moto-sport-00012-300x217.jpg 300w, https:\/\/www.marko-helmets.com\/blog\/wp-content\/uploads\/2022\/11\/rone-markohelmets-credit-alexrosu-rawcollectif-casque-moto-sport-00012-768x556.jpg 768w, https:\/\/www.marko-helmets.com\/blog\/wp-content\/uploads\/2022\/11\/rone-markohelmets-credit-alexrosu-rawcollectif-casque-moto-sport-00012-1536x1113.jpg 1536w, https:\/\/www.marko-helmets.com\/blog\/wp-content\/uploads\/2022\/11\/rone-markohelmets-credit-alexrosu-rawcollectif-casque-moto-sport-00012-1080x782.jpg 1080w, https:\/\/www.marko-helmets.com\/blog\/wp-content\/uploads\/2022\/11\/rone-markohelmets-credit-alexrosu-rawcollectif-casque-moto-sport-00012.jpg 1709w\" sizes=\"auto, (max-width: 1024px) 100vw, 1024px\" \/><\/figure><div class=\"wp-block-media-text__content\">\n<h2 class=\"wp-block-heading\"><a href=\"https:\/\/www.marko-helmets.com\/blog\/accueil\/les-casques-moto\/gamme-grand-tourisme\/casque-sportif-r-one\/\">Le casque R-One<\/a><\/h2>\n\n\n\n<p> Marko Helmets a lanc\u00e9 une nouvelle gamme de casques techniques type sport, une premi\u00e8re pour nous qui se distingue cette fois avec le&nbsp;R-one, ultime projet de notre \u00e9quipe. <\/p>\n<\/div><\/div>\n","protected":false},"excerpt":{"rendered":"<p>Le casque M-Carbon L\u2019avantage du casque sport-tourisme&nbsp;M-carbon&nbsp;est sa polyvalence et sa l\u00e9g\u00e8ret\u00e9 pour arpenter les routes. Que vous rouliez en custom, en maxi-scooter ou sportive, il vous offrira les propri\u00e9t\u00e9s d\u2019un casque sportif et le confort attendu sur les longs trajets. Le casque M-Tech Marko Helmets&nbsp;propose un casque modulable technique tr\u00e8s complet avec une double homologation E22-05 P.J . Ce nouveau casque modulable va satisfaire les motards et les scoot\u00e9ristes Le casque M-Fiber 2 Marko Helmets&nbsp;a con\u00e7u un casque sport-tourisme polyvalent, le M-Fiber 2. Ce casque est \u00e0 la fois parfait pour des petits trajets, que pour parcourir des centaines de kilom\u00e8tres sur voies rapides et cela peu importe votre conduite. Le casque R-One Marko Helmets a lanc\u00e9 une nouvelle gamme de casques techniques type sport, une premi\u00e8re pour nous qui se distingue cette fois avec le&nbsp;R-one, ultime projet de notre \u00e9quipe.<\/p>\n","protected":false},"author":1,"featured_media":0,"parent":996,"menu_order":3,"comment_status":"closed","ping_status":"closed","template":"","meta":{"footnotes":""},"class_list":["post-1005","page","type-page","status-publish","hentry"],"_links":{"self":[{"href":"https:\/\/www.marko-helmets.com\/blog\/wp-json\/wp\/v2\/pages\/1005","targetHints":{"allow":["GET"]}}],"collection":[{"href":"https:\/\/www.marko-helmets.com\/blog\/wp-json\/wp\/v2\/pages"}],"about":[{"href":"https:\/\/www.marko-helmets.com\/blog\/wp-json\/wp\/v2\/types\/page"}],"author":[{"embeddable":true,"href":"https:\/\/www.marko-helmets.com\/blog\/wp-json\/wp\/v2\/users\/1"}],"replies":[{"embeddable":true,"href":"https:\/\/www.marko-helmets.com\/blog\/wp-json\/wp\/v2\/comments?post=1005"}],"version-history":[{"count":7,"href":"https:\/\/www.marko-helmets.com\/blog\/wp-json\/wp\/v2\/pages\/1005\/revisions"}],"predecessor-version":[{"id":1343,"href":"https:\/\/www.marko-helmets.com\/blog\/wp-json\/wp\/v2\/pages\/1005\/revisions\/1343"}],"up":[{"embeddable":true,"href":"https:\/\/www.marko-helmets.com\/blog\/wp-json\/wp\/v2\/pages\/996"}],"wp:attachment":[{"href":"https:\/\/www.marko-helmets.com\/blog\/wp-json\/wp\/v2\/media?parent=1005"}],"curies":[{"name":"wp","href":"https:\/\/api.w.org\/{rel}","templated":true}]}}