{"id":1002,"date":"2022-11-02T10:22:29","date_gmt":"2022-11-02T08:22:29","guid":{"rendered":"https:\/\/www.marko-helmets.com\/blog\/?page_id=1002"},"modified":"2023-08-28T09:20:15","modified_gmt":"2023-08-28T07:20:15","slug":"gamme-urbaine","status":"publish","type":"page","link":"https:\/\/www.marko-helmets.com\/blog\/accueil\/les-casques-moto\/gamme-urbaine\/","title":{"rendered":"Gamme urbaine"},"content":{"rendered":"\n<div class=\"wp-block-media-text alignwide is-image-fill\" style=\"grid-template-columns:47% auto\"><figure class=\"wp-block-media-text__media\" style=\"background-image:url(https:\/\/www.marko-helmets.com\/blog\/wp-content\/uploads\/2023\/08\/Copie-de-blog-casque-m-carbon-2000-\u00d7-1333-px-1-1024x682.png);background-position:35% 54.13533834586466%\"><img loading=\"lazy\" decoding=\"async\" width=\"1024\" height=\"682\" src=\"https:\/\/www.marko-helmets.com\/blog\/wp-content\/uploads\/2023\/08\/Copie-de-blog-casque-m-carbon-2000-\u00d7-1333-px-1-1024x682.png\" alt=\"\" class=\"wp-image-1339\" srcset=\"https:\/\/www.marko-helmets.com\/blog\/wp-content\/uploads\/2023\/08\/Copie-de-blog-casque-m-carbon-2000-\u00d7-1333-px-1-1024x682.png 1024w, https:\/\/www.marko-helmets.com\/blog\/wp-content\/uploads\/2023\/08\/Copie-de-blog-casque-m-carbon-2000-\u00d7-1333-px-1-300x200.png 300w, https:\/\/www.marko-helmets.com\/blog\/wp-content\/uploads\/2023\/08\/Copie-de-blog-casque-m-carbon-2000-\u00d7-1333-px-1-768x512.png 768w, https:\/\/www.marko-helmets.com\/blog\/wp-content\/uploads\/2023\/08\/Copie-de-blog-casque-m-carbon-2000-\u00d7-1333-px-1-1536x1024.png 1536w, https:\/\/www.marko-helmets.com\/blog\/wp-content\/uploads\/2023\/08\/Copie-de-blog-casque-m-carbon-2000-\u00d7-1333-px-1-1080x720.png 1080w, https:\/\/www.marko-helmets.com\/blog\/wp-content\/uploads\/2023\/08\/Copie-de-blog-casque-m-carbon-2000-\u00d7-1333-px-1.png 2000w\" sizes=\"auto, (max-width: 1024px) 100vw, 1024px\" \/><\/figure><div class=\"wp-block-media-text__content\">\n<h3 class=\"wp-block-heading\"><a href=\"https:\/\/www.marko-helmets.com\/blog\/accueil\/les-casques-moto\/gamme-urbaine\/le-casque-m-jet-carbon\/\" target=\"_blank\" rel=\"noreferrer noopener\" aria-label=\"Le casque M-Jet Carbon (s\u2019ouvre dans un nouvel onglet)\">Le casque M-Jet Carbon<\/a><\/h3>\n\n\n\n<p>Le casque M-Jet Carbon fait partie des casques Jet le plus appr\u00e9ci\u00e9s des motocyclistes urbains. C\u2019est le r\u00e9sultat logique de son ergonomie et de son design moderne passe-partout. Il est \u00e9galement id\u00e9al pour les trajets quotidiens en ville et les d\u00e9placements courts.<\/p>\n<\/div><\/div>\n\n\n\n<hr class=\"wp-block-separator is-style-wide\"\/>\n\n\n\n<div class=\"wp-block-media-text alignfull is-image-fill\" style=\"grid-template-columns:47% auto\"><figure class=\"wp-block-media-text__media\" style=\"background-image:url(https:\/\/www.marko-helmets.com\/blog\/wp-content\/uploads\/2022\/10\/Casque-Grasse-Marko-Helmets-1024x683.jpg);background-position:50% 50%\"><img loading=\"lazy\" decoding=\"async\" width=\"1024\" height=\"683\" src=\"https:\/\/www.marko-helmets.com\/blog\/wp-content\/uploads\/2022\/10\/Casque-Grasse-Marko-Helmets-1024x683.jpg\" alt=\"\" class=\"wp-image-921\" srcset=\"https:\/\/www.marko-helmets.com\/blog\/wp-content\/uploads\/2022\/10\/Casque-Grasse-Marko-Helmets-1024x683.jpg 1024w, https:\/\/www.marko-helmets.com\/blog\/wp-content\/uploads\/2022\/10\/Casque-Grasse-Marko-Helmets-300x200.jpg 300w, https:\/\/www.marko-helmets.com\/blog\/wp-content\/uploads\/2022\/10\/Casque-Grasse-Marko-Helmets-768x512.jpg 768w, https:\/\/www.marko-helmets.com\/blog\/wp-content\/uploads\/2022\/10\/Casque-Grasse-Marko-Helmets-1536x1024.jpg 1536w, https:\/\/www.marko-helmets.com\/blog\/wp-content\/uploads\/2022\/10\/Casque-Grasse-Marko-Helmets-2048x1365.jpg 2048w, https:\/\/www.marko-helmets.com\/blog\/wp-content\/uploads\/2022\/10\/Casque-Grasse-Marko-Helmets-1080x720.jpg 1080w\" sizes=\"auto, (max-width: 1024px) 100vw, 1024px\" \/><\/figure><div class=\"wp-block-media-text__content\">\n<h2 class=\"wp-block-heading\"><a href=\"https:\/\/www.marko-helmets.com\/blog\/accueil\/les-casques-moto\/gamme-urbaine\/le-casque-grasse\/\">Le casque Grasse<\/a><\/h2>\n\n\n\n<p> Marko Helmets&nbsp;compl\u00e8te sa collection avec un casque demi-jet le Grasse. Ce casque est inspir\u00e9 de ceux des pilotes d\u2019h\u00e9licopt\u00e8res.&nbsp; Le Grasse a une forme unique, avec un design \u00e9pur\u00e9 et \u00e9l\u00e9gant. <\/p>\n<\/div><\/div>\n\n\n\n<hr class=\"wp-block-separator is-style-wide\"\/>\n\n\n\n<div class=\"wp-block-media-text alignfull\" style=\"grid-template-columns:47% auto\"><figure class=\"wp-block-media-text__media\"><img loading=\"lazy\" decoding=\"async\" width=\"1024\" height=\"811\" src=\"https:\/\/www.marko-helmets.com\/blog\/wp-content\/uploads\/2022\/10\/electron-markohelmets-casque-jet-zeromotorcycles-SR-S-rawcollectif00003-1-1024x811.jpg\" alt=\"\" class=\"wp-image-958\" srcset=\"https:\/\/www.marko-helmets.com\/blog\/wp-content\/uploads\/2022\/10\/electron-markohelmets-casque-jet-zeromotorcycles-SR-S-rawcollectif00003-1-1024x811.jpg 1024w, https:\/\/www.marko-helmets.com\/blog\/wp-content\/uploads\/2022\/10\/electron-markohelmets-casque-jet-zeromotorcycles-SR-S-rawcollectif00003-1-300x238.jpg 300w, https:\/\/www.marko-helmets.com\/blog\/wp-content\/uploads\/2022\/10\/electron-markohelmets-casque-jet-zeromotorcycles-SR-S-rawcollectif00003-1-768x609.jpg 768w, https:\/\/www.marko-helmets.com\/blog\/wp-content\/uploads\/2022\/10\/electron-markohelmets-casque-jet-zeromotorcycles-SR-S-rawcollectif00003-1-1080x856.jpg 1080w, https:\/\/www.marko-helmets.com\/blog\/wp-content\/uploads\/2022\/10\/electron-markohelmets-casque-jet-zeromotorcycles-SR-S-rawcollectif00003-1.jpg 1397w\" sizes=\"auto, (max-width: 1024px) 100vw, 1024px\" \/><\/figure><div class=\"wp-block-media-text__content\">\n<h2 class=\"wp-block-heading\"><a href=\"https:\/\/www.marko-helmets.com\/blog\/accueil\/les-casques-moto\/gamme-urbaine\/le-casque-electron\/\">Le casque Electron<\/a><\/h2>\n\n\n\n<p> Marko Helmets&nbsp;r\u00e9alise un casque pens\u00e9 pour les citadins qui roulent sur petites et moyennes cylindr\u00e9es et souhaitant un casque polyvalent, technique et au meilleur prix !&nbsp;Le casque \u00c9lectron est ergonomique, sa conception a \u00e9t\u00e9 au c\u0153ur de celle-ci.&nbsp; <\/p>\n<\/div><\/div>\n","protected":false},"excerpt":{"rendered":"<p>Le casque M-Jet Carbon Le casque M-Jet Carbon fait partie des casques Jet le plus appr\u00e9ci\u00e9s des motocyclistes urbains. C\u2019est le r\u00e9sultat logique de son ergonomie et de son design moderne passe-partout. Il est \u00e9galement id\u00e9al pour les trajets quotidiens en ville et les d\u00e9placements courts. Le casque Grasse Marko Helmets&nbsp;compl\u00e8te sa collection avec un casque demi-jet le Grasse. Ce casque est inspir\u00e9 de ceux des pilotes d\u2019h\u00e9licopt\u00e8res.&nbsp; Le Grasse a une forme unique, avec un design \u00e9pur\u00e9 et \u00e9l\u00e9gant. Le casque Electron Marko Helmets&nbsp;r\u00e9alise un casque pens\u00e9 pour les citadins qui roulent sur petites et moyennes cylindr\u00e9es et souhaitant un casque polyvalent, technique et au meilleur prix !&nbsp;Le casque \u00c9lectron est ergonomique, sa conception a \u00e9t\u00e9 au c\u0153ur de celle-ci.&nbsp;<\/p>\n","protected":false},"author":1,"featured_media":0,"parent":996,"menu_order":2,"comment_status":"closed","ping_status":"closed","template":"","meta":{"footnotes":""},"class_list":["post-1002","page","type-page","status-publish","hentry"],"_links":{"self":[{"href":"https:\/\/www.marko-helmets.com\/blog\/wp-json\/wp\/v2\/pages\/1002","targetHints":{"allow":["GET"]}}],"collection":[{"href":"https:\/\/www.marko-helmets.com\/blog\/wp-json\/wp\/v2\/pages"}],"about":[{"href":"https:\/\/www.marko-helmets.com\/blog\/wp-json\/wp\/v2\/types\/page"}],"author":[{"embeddable":true,"href":"https:\/\/www.marko-helmets.com\/blog\/wp-json\/wp\/v2\/users\/1"}],"replies":[{"embeddable":true,"href":"https:\/\/www.marko-helmets.com\/blog\/wp-json\/wp\/v2\/comments?post=1002"}],"version-history":[{"count":4,"href":"https:\/\/www.marko-helmets.com\/blog\/wp-json\/wp\/v2\/pages\/1002\/revisions"}],"predecessor-version":[{"id":1340,"href":"https:\/\/www.marko-helmets.com\/blog\/wp-json\/wp\/v2\/pages\/1002\/revisions\/1340"}],"up":[{"embeddable":true,"href":"https:\/\/www.marko-helmets.com\/blog\/wp-json\/wp\/v2\/pages\/996"}],"wp:attachment":[{"href":"https:\/\/www.marko-helmets.com\/blog\/wp-json\/wp\/v2\/media?parent=1002"}],"curies":[{"name":"wp","href":"https:\/\/api.w.org\/{rel}","templated":true}]}}